{"id":36032,"date":"2024-06-05T16:03:44","date_gmt":"2024-06-05T16:03:44","guid":{"rendered":"https:\/\/ukraineboost.com\/dk\/product\/mens-recycled-athletic-shorts-9\/"},"modified":"2024-06-24T18:03:17","modified_gmt":"2024-06-24T18:03:17","slug":"mens-recycled-athletic-shorts-9","status":"publish","type":"product","link":"https:\/\/ukraineboost.com\/dk\/product\/mens-recycled-athletic-shorts-9\/","title":{"rendered":"Atletiske lange shorts &#8211; Sommer &#8211; Sommerbrise"},"content":{"rendered":"<h3>Lange kvalitetssportsshorts som st\u00f8tter Ukraine<\/h3>\n<p><strong>Sportsoutfits kan v\u00e6re besv\u00e6rlige, men med disse lange shorts er der ingen grund til bekymring.<\/strong> Bare hop i et par p\u00e5 og l\u00f8b, sv\u00f8m, v\u00e6gtl\u00f8ft eller deltag i enhver anden aktivitet, der dukker op i tankerne. Disse shorts vil ikke skuffe dig!<\/p>\n<ul>\n<li><strong>Egenskaber<\/strong>:\n<ul>\n<li>91% genanvendt polyester, 9% spandex (stofsammens\u00e6tning kan variere med 3%)<\/li>\n<li>Stofv\u00e6gt: 174 g\/m\u00b2<\/li>\n<li>Firevejs str\u00e6k fugttransporterende mikrofiberstof<\/li>\n<li>\u00c5ndbart og hurtigtt\u00f8rrende materiale<\/li>\n<li>UPF50+ beskyttelse<\/li>\n<li>16,5 cm (6.5\u2033) inders\u00f8m<\/li>\n<li>Elastisk linning med en flad hvid snor<\/li>\n<li>Mesh sidelommer<\/li>\n<li>Ingen indvendig foring<\/li>\n<\/ul>\n<\/li>\n<\/ul>\n<p><strong>Hvorfor v\u00e6lge vores lange sportsshorts?<\/strong><\/p>\n<p>Disse sportsshorts er designet med b\u00e5de kvalitet og b\u00e6redygtighed for \u00f8je. Blandingen af genanvendt polyester og spandex sikrer en behagelig pasform med fremragende str\u00e6k- og fugttransporterende egenskaber. Det \u00e5ndbare, hurtigtt\u00f8rrende materiale og UPF50+ beskyttelse g\u00f8r disse shorts ideelle til enhver fysisk aktivitet. Desuden g\u00e5r overskuddet fra al salg til at st\u00f8tte Ukraines kamp for frihed og sikkerhed. Ved at v\u00e6lge disse shorts tr\u00e6ffer du et gennemt\u00e6nkt k\u00f8b, der hj\u00e6lper med at reducere overproduktion og st\u00f8tter en vigtig sag.<\/p>\n<p><strong>Bem\u00e6rk venligst<\/strong>: Dette produkt bliver lavet specielt til dig, s\u00e5 snart du afgiver en ordre, hvilket er grunden til, at det tager lidt l\u00e6ngere tid at levere. Ved at lave produkter p\u00e5 bestilling i stedet for i store m\u00e6ngder hj\u00e6lper vi med at reducere spild og fremmer b\u00e6redygtig produktion. Tak for din t\u00e5lmodighed og for at tr\u00e6ffe et bevidst valg.<\/p>\n<p><strong>Udstyr dig selv med stil, funktionalitet og en meningsfuld bidrag. Bestil dine lange sportsshorts i dag og st\u00f8t Ukraines kamp for frihed!<\/strong><\/p>\n<h4>M\u00e5lskema<\/h4>\n<p>Vi opfordrer dig til v\u00e6re omhyggelig med at v\u00e6lge den rigtige st\u00f8rrelse, da vi gerne vil undg\u00e5 s\u00e5 mange returvarer som muligt. M\u00e5let er at st\u00f8tte Ukraine s\u00e5 derfor vil vi gerne holde alle omkostninger s\u00e5 lave som muligt. Vi vedl\u00e6gger m\u00e5lskemaer ved alle varer, da de kommer fra forskellige leverand\u00f8rer, s\u00e5 derfor kan st\u00f8rrelserne variere. Vi takker for din forst\u00e5else.<\/p>\n<div class=\"flex flex-grow flex-col gap-3\">\n<div class=\"min-h-[20px] flex items-start overflow-x-auto whitespace-pre-wrap break-words flex-col gap-4\">\n<div class=\"markdown prose w-full break-words dark:prose-invert light\">\n<h5>Guide til kropsm\u00e5linger<\/h5>\n<p><img decoding=\"async\" class=\"size-medium wp-image-9653 alignleft\" src=\"https:\/\/ukraineboost.com\/dk\/wp-content\/uploads\/sites\/12\/2023\/07\/body_shorts-180x300.png\" alt=\"\" width=\"180\" height=\"300\" srcset=\"https:\/\/ukraineboost.com\/dk\/wp-content\/uploads\/sites\/12\/2023\/07\/body_shorts-180x300.png 180w, https:\/\/ukraineboost.com\/dk\/wp-content\/uploads\/sites\/12\/2023\/07\/body_shorts-45x75.png 45w, https:\/\/ukraineboost.com\/dk\/wp-content\/uploads\/sites\/12\/2023\/07\/body_shorts-14x24.png 14w, https:\/\/ukraineboost.com\/dk\/wp-content\/uploads\/sites\/12\/2023\/07\/body_shorts-22x36.png 22w, https:\/\/ukraineboost.com\/dk\/wp-content\/uploads\/sites\/12\/2023\/07\/body_shorts-29x48.png 29w, https:\/\/ukraineboost.com\/dk\/wp-content\/uploads\/sites\/12\/2023\/07\/body_shorts.png 194w\" sizes=\"(max-width:767px) 180px, 180px\" \/>Denne st\u00f8rrelsesguide viser kropsm\u00e5linger. Vi foresl\u00e5r at bestille en st\u00f8rrelse st\u00f8rre, n\u00e5r dine m\u00e5linger er mellem st\u00f8rrelser. m\u00e5l-dig-selv For alle vandrette m\u00e5linger, skal du holde m\u00e5leb\u00e5ndet parallelt med jorden.<\/div>\n<div>\u00a0<\/div>\n<div class=\"markdown prose w-full break-words dark:prose-invert light\">A Talje<\/div>\n<div class=\"markdown prose w-full break-words dark:prose-invert light\">Placer m\u00e5leb\u00e5ndet omkring den smalleste del af taljen og m\u00e5l omkring.<\/div>\n<div>\u00a0<\/div>\n<div class=\"markdown prose w-full break-words dark:prose-invert light\">B Hofter<\/div>\n<div class=\"markdown prose w-full break-words dark:prose-invert light\">Start m\u00e5leb\u00e5ndet p\u00e5 den ene hofte og f\u00f8r det over den fuldeste del af hofterne tilbage til, hvor du startede med at m\u00e5le.<\/div>\n<div>\u00a0<\/div>\n<\/div>\n<\/div>\n<div>\n<table class=\"size-guide__table size-guide__new\">\n<thead>\n<tr>\n<td>Size<\/td>\n<td>Talje<\/td>\n<td>Hofter<\/td>\n<\/tr>\n<\/thead>\n<tbody>\n<tr>\n<td>2XS<\/td>\n<td>72<\/td>\n<td>90<\/td>\n<\/tr>\n<tr>\n<td>XS<\/td>\n<td>76<\/td>\n<td>94<\/td>\n<\/tr>\n<tr>\n<td>S<\/td>\n<td>80<\/td>\n<td>98<\/td>\n<\/tr>\n<tr>\n<td>M<\/td>\n<td>84<\/td>\n<td>102<\/td>\n<\/tr>\n<tr>\n<td>L<\/td>\n<td>92<\/td>\n<td>110<\/td>\n<\/tr>\n<tr>\n<td>XL<\/td>\n<td>100<\/td>\n<td>118<\/td>\n<\/tr>\n<tr>\n<td>2XL<\/td>\n<td>108<\/td>\n<td>126<\/td>\n<\/tr>\n<tr>\n<td>3XL<\/td>\n<td>116<\/td>\n<td>134<\/td>\n<\/tr>\n<tr>\n<td>4XL<\/td>\n<td>124<\/td>\n<td>142<\/td>\n<\/tr>\n<tr>\n<td>5XL<\/td>\n<td>132<\/td>\n<td>150<\/td>\n<\/tr>\n<tr>\n<td>6XL<\/td>\n<td>140<\/td>\n<td>158<\/td>\n<\/tr>\n<\/tbody>\n<\/table>\n<\/div>\n<div class=\"flex flex-grow flex-col gap-3\">\n<div class=\"min-h-[20px] flex items-start overflow-x-auto whitespace-pre-wrap break-words flex-col gap-4\">\n<div class=\"markdown prose w-full break-words dark:prose-invert light\">\n<div class=\"flex flex-grow flex-col gap-3\">\n<div class=\"min-h-[20px] flex items-start overflow-x-auto whitespace-pre-wrap break-words flex-col gap-4\">\n<div class=\"markdown prose w-full break-words dark:prose-invert light\">\n<h5>Produktm\u00e5linger<\/h5>\n<p><img decoding=\"async\" class=\"size-medium wp-image-9654 alignleft\" src=\"https:\/\/ukraineboost.com\/dk\/wp-content\/uploads\/sites\/12\/2023\/07\/5f171d57f15c89c12699773af7260142_l-300x300.png\" alt=\"\" width=\"300\" height=\"300\" srcset=\"https:\/\/ukraineboost.com\/dk\/wp-content\/uploads\/sites\/12\/2023\/07\/5f171d57f15c89c12699773af7260142_l-300x300.png 300w, https:\/\/ukraineboost.com\/dk\/wp-content\/uploads\/sites\/12\/2023\/07\/5f171d57f15c89c12699773af7260142_l-150x150.png 150w, https:\/\/ukraineboost.com\/dk\/wp-content\/uploads\/sites\/12\/2023\/07\/5f171d57f15c89c12699773af7260142_l-75x75.png 75w, https:\/\/ukraineboost.com\/dk\/wp-content\/uploads\/sites\/12\/2023\/07\/5f171d57f15c89c12699773af7260142_l-24x24.png 24w, https:\/\/ukraineboost.com\/dk\/wp-content\/uploads\/sites\/12\/2023\/07\/5f171d57f15c89c12699773af7260142_l-36x36.png 36w, https:\/\/ukraineboost.com\/dk\/wp-content\/uploads\/sites\/12\/2023\/07\/5f171d57f15c89c12699773af7260142_l-48x48.png 48w, https:\/\/ukraineboost.com\/dk\/wp-content\/uploads\/sites\/12\/2023\/07\/5f171d57f15c89c12699773af7260142_l-50x50.png 50w, https:\/\/ukraineboost.com\/dk\/wp-content\/uploads\/sites\/12\/2023\/07\/5f171d57f15c89c12699773af7260142_l-100x100.png 100w, https:\/\/ukraineboost.com\/dk\/wp-content\/uploads\/sites\/12\/2023\/07\/5f171d57f15c89c12699773af7260142_l.png 344w\" sizes=\"(max-width:767px) 300px, 300px\" \/>Denne st\u00f8rrelsesguide viser produktm\u00e5linger taget, n\u00e5r produkterne er lagt fladt. Faktiske produktm\u00e5linger kan variere med op til 1&#8243;, da de er specialfremstillet i h\u00e5nden. produkt-m\u00e5linger<\/div>\n<div>\u00a0<\/div>\n<div class=\"markdown prose w-full break-words dark:prose-invert light\">A 1\/2 taljebredde<\/div>\n<div>\u00a0<\/div>\n<div class=\"markdown prose w-full break-words dark:prose-invert light\">B Skridtl\u00e6ngde<\/div>\n<div>\u00a0<\/div>\n<div class=\"markdown prose w-full break-words dark:prose-invert light\">C Frontstigning<\/div>\n<div>\u00a0<\/div>\n<div class=\"markdown prose w-full break-words dark:prose-invert light\">\n<table class=\"size-guide__table size-guide__new\">\n<thead>\n<tr>\n<td>St\u00f8rrelse<\/td>\n<td>A<\/td>\n<td>B<\/td>\n<td>C<\/td>\n<\/tr>\n<\/thead>\n<tbody>\n<tr>\n<td>2XS<\/td>\n<td>28<\/td>\n<td>15.5<\/td>\n<td>28.5<\/td>\n<\/tr>\n<tr>\n<td>XS<\/td>\n<td>30<\/td>\n<td>16<\/td>\n<td>29<\/td>\n<\/tr>\n<tr>\n<td>S<\/td>\n<td>32<\/td>\n<td>16<\/td>\n<td>31<\/td>\n<\/tr>\n<tr>\n<td>M<\/td>\n<td>34<\/td>\n<td>16<\/td>\n<td>33<\/td>\n<\/tr>\n<tr>\n<td>L<\/td>\n<td>38<\/td>\n<td>16<\/td>\n<td>34.5<\/td>\n<\/tr>\n<tr>\n<td>XL<\/td>\n<td>42<\/td>\n<td>16<\/td>\n<td>35.5<\/td>\n<\/tr>\n<tr>\n<td>2XL<\/td>\n<td>46<\/td>\n<td>16<\/td>\n<td>36.5<\/td>\n<\/tr>\n<tr>\n<td>3XL<\/td>\n<td>50<\/td>\n<td>16<\/td>\n<td>38<\/td>\n<\/tr>\n<tr>\n<td>4XL<\/td>\n<td>54<\/td>\n<td>16<\/td>\n<td>39<\/td>\n<\/tr>\n<tr>\n<td>5XL<\/td>\n<td>58<\/td>\n<td>16<\/td>\n<td>40<\/td>\n<\/tr>\n<tr>\n<td>6XL<\/td>\n<td>62<\/td>\n<td>16<\/td>\n<td>41<\/td>\n<\/tr>\n<\/tbody>\n<\/table>\n<p>Alle m\u00e5l er i centimeter<\/p>\n<p>Pro-tip! M\u00e5l et af dine produkter derhjemme og sammenlign med m\u00e5lene, du ser i denne vejledning.<\/p><\/div>\n<\/div>\n<\/div>\n<\/div>\n<\/div>\n<\/div>\n","protected":false},"excerpt":{"rendered":"<p>Lange kvalitetssportsshorts som st\u00f8tter Ukraine Sportsoutfits kan v\u00e6re besv\u00e6rlige, men med disse lange shorts er der ingen grund til bekymring. Bare hop i et par p\u00e5<span class=\"excerpt-hellip\"> [\u2026]<\/span><\/p>\n","protected":false},"featured_media":36044,"comment_status":"open","ping_status":"closed","template":"","meta":[],"product_cat":[167],"product_tag":[],"_links":{"self":[{"href":"https:\/\/ukraineboost.com\/dk\/wp-json\/wp\/v2\/product\/36032"}],"collection":[{"href":"https:\/\/ukraineboost.com\/dk\/wp-json\/wp\/v2\/product"}],"about":[{"href":"https:\/\/ukraineboost.com\/dk\/wp-json\/wp\/v2\/types\/product"}],"replies":[{"embeddable":true,"href":"https:\/\/ukraineboost.com\/dk\/wp-json\/wp\/v2\/comments?post=36032"}],"wp:featuredmedia":[{"embeddable":true,"href":"https:\/\/ukraineboost.com\/dk\/wp-json\/wp\/v2\/media\/36044"}],"wp:attachment":[{"href":"https:\/\/ukraineboost.com\/dk\/wp-json\/wp\/v2\/media?parent=36032"}],"wp:term":[{"taxonomy":"product_cat","embeddable":true,"href":"https:\/\/ukraineboost.com\/dk\/wp-json\/wp\/v2\/product_cat?post=36032"},{"taxonomy":"product_tag","embeddable":true,"href":"https:\/\/ukraineboost.com\/dk\/wp-json\/wp\/v2\/product_tag?post=36032"}],"curies":[{"name":"wp","href":"https:\/\/api.w.org\/{rel}","templated":true}]}}