{"id":35772,"date":"2024-06-04T16:24:30","date_gmt":"2024-06-04T16:24:30","guid":{"rendered":"https:\/\/ukraineboost.com\/dk\/product\/mens-t-shirt-21\/"},"modified":"2024-06-24T19:10:20","modified_gmt":"2024-06-24T19:10:20","slug":"mens-t-shirt-21","status":"publish","type":"product","link":"https:\/\/ukraineboost.com\/dk\/product\/mens-t-shirt-21\/","title":{"rendered":"T-shirt &#8211; Sommer &#8211; Sommerbrise"},"content":{"rendered":"<h3>Kvalitets T-shirt som st\u00f8tter en vigtig sag<\/h3>\n<p><strong>L\u00e6r din nye yndlings T-shirt at kende\u2014den er super glat, super behagelig og lavet af en polyester jersey med bomuldsf\u00f8lelse, der ikke falmer efter vask.<\/strong> Denne kvalitets T-shirt kombinerer stil, komfort og holdbarhed, hvilket g\u00f8r den til et must-have i din garderobe.<\/p>\n<ul>\n<li><strong>Egenskaber<\/strong>:\n<ul>\n<li>95% polyester, 5% elastan (stofsammens\u00e6tning kan variere med 1%)<\/li>\n<li>Premium strik midtv\u00e6gt jersey<\/li>\n<li>Firevejs str\u00e6kstof, der str\u00e6kker sig og gendannes p\u00e5 tv\u00e6rs og l\u00e6ngde<\/li>\n<li>Almindelig pasform<\/li>\n<li>Produktkomponenter i EU stammer fra Litauen<\/li>\n<\/ul>\n<\/li>\n<\/ul>\n<p><strong>Hvorfor v\u00e6lge vores T-shirt?<\/strong><\/p>\n<p>Denne T-shirt er designet med b\u00e5de kvalitet og b\u00e6redygtighed for \u00f8je. Den premium strik midtv\u00e6gt jersey sikrer en bl\u00f8d, behagelig pasform, mens firevejs str\u00e6kstof giver fremragende fleksibilitet og holdbarhed. Uanset om du slapper af derhjemme eller er p\u00e5 farten, vil denne T-shirt holde dig b\u00e5de stilfuld og komfortabel. Desuden g\u00e5r overskuddet fra hvert salg til at st\u00f8tte Ukraines kamp for frihed og sikkerhed. Ved at v\u00e6lge denne T-shirt tr\u00e6ffer du et gennemt\u00e6nkt k\u00f8b, der hj\u00e6lper med at reducere overproduktion og st\u00f8tter en vigtig sag.<\/p>\n<p><strong>Bem\u00e6rk venligst<\/strong>: Dette produkt bliver lavet specielt til dig, s\u00e5 snart du afgiver en ordre, hvilket er grunden til, at det tager lidt l\u00e6ngere tid at levere. Ved at lave produkter p\u00e5 bestilling i stedet for i store m\u00e6ngder hj\u00e6lper vi med at reducere spild og fremmer b\u00e6redygtig produktion. Tak for din t\u00e5lmodighed og for at tr\u00e6ffe et bevidst valg.<\/p>\n<p><strong>Udstyr dig selv med stil, komfort og en meningsfuld bidrag. Bestil din nye yndlings T-shirt i dag og st\u00f8t Ukraines kamp for frihed! <\/strong><\/p>\n<h4>M\u00e5lskema<\/h4>\n<p>Vi opfordrer dig til v\u00e6re omhyggelig med at v\u00e6lge den rigtige st\u00f8rrelse, da vi gerne vil undg\u00e5 s\u00e5 mange returvarer som muligt. M\u00e5let er at st\u00f8tte Ukraine s\u00e5 derfor vil vi gerne holde alle omkostninger s\u00e5 lave som muligt. Vi vedl\u00e6gger m\u00e5lskemaer ved alle varer, da de kommer fra forskellige leverand\u00f8rer, s\u00e5 derfor kan st\u00f8rrelserne variere. Vi takker for din forst\u00e5else.<\/p>\n<div class=\"flex flex-grow flex-col gap-3\">\n<div class=\"min-h-[20px] flex flex-col items-start gap-3 overflow-x-auto whitespace-pre-wrap break-words\">\n<div class=\"markdown prose w-full break-words dark:prose-invert light\">\n<h5>Produktm\u00e5linger<\/h5>\n<p><img decoding=\"async\" class=\"size-medium wp-image-13408 alignleft\" src=\"https:\/\/ukraineboost.com\/dk\/wp-content\/uploads\/sites\/12\/2023\/08\/a72a378d4ee03d53f61ee0a287535421_l-300x300.png\" alt=\"\" width=\"300\" height=\"300\" srcset=\"https:\/\/ukraineboost.com\/dk\/wp-content\/uploads\/sites\/12\/2023\/08\/a72a378d4ee03d53f61ee0a287535421_l-300x300.png 300w, https:\/\/ukraineboost.com\/dk\/wp-content\/uploads\/sites\/12\/2023\/08\/a72a378d4ee03d53f61ee0a287535421_l-150x150.png 150w, https:\/\/ukraineboost.com\/dk\/wp-content\/uploads\/sites\/12\/2023\/08\/a72a378d4ee03d53f61ee0a287535421_l-75x75.png 75w, https:\/\/ukraineboost.com\/dk\/wp-content\/uploads\/sites\/12\/2023\/08\/a72a378d4ee03d53f61ee0a287535421_l-24x24.png 24w, https:\/\/ukraineboost.com\/dk\/wp-content\/uploads\/sites\/12\/2023\/08\/a72a378d4ee03d53f61ee0a287535421_l-36x36.png 36w, https:\/\/ukraineboost.com\/dk\/wp-content\/uploads\/sites\/12\/2023\/08\/a72a378d4ee03d53f61ee0a287535421_l-48x48.png 48w, https:\/\/ukraineboost.com\/dk\/wp-content\/uploads\/sites\/12\/2023\/08\/a72a378d4ee03d53f61ee0a287535421_l-50x50.png 50w, https:\/\/ukraineboost.com\/dk\/wp-content\/uploads\/sites\/12\/2023\/08\/a72a378d4ee03d53f61ee0a287535421_l-100x100.png 100w, https:\/\/ukraineboost.com\/dk\/wp-content\/uploads\/sites\/12\/2023\/08\/a72a378d4ee03d53f61ee0a287535421_l.png 343w\" sizes=\"(max-width:767px) 300px, 300px\" \/>Denne st\u00f8rrelsesguide viser produktm\u00e5linger taget, n\u00e5r produkterne l\u00e6gges fladt. Faktiske produktm\u00e5linger kan variere med op til 1&#8243;, da de er h\u00e5ndlavet efter m\u00e5l. produktm\u00e5linger<\/div>\n<div>\u00a0<\/div>\n<div class=\"markdown prose w-full break-words dark:prose-invert light\">A 1\/2 brystbredde<\/div>\n<div>\u00a0<\/div>\n<div class=\"markdown prose w-full break-words dark:prose-invert light\">B l\u00e6ngde<\/div>\n<div>\u00a0<\/div>\n<div class=\"markdown prose w-full break-words dark:prose-invert light\">C \u00e6rmel\u00e6ngde<\/div>\n<div>\u00a0<\/div>\n<div>\n<table class=\"size-guide__table size-guide__new\">\n<thead>\n<tr>\n<td>St\u00f8rrelse<\/td>\n<td>A<\/td>\n<td>B<\/td>\n<td>C<\/td>\n<\/tr>\n<\/thead>\n<tbody>\n<tr>\n<td>XS<\/td>\n<td>39<\/td>\n<td>71<\/td>\n<td>22<\/td>\n<\/tr>\n<tr>\n<td>S<\/td>\n<td>43<\/td>\n<td>73<\/td>\n<td>23<\/td>\n<\/tr>\n<tr>\n<td>M<\/td>\n<td>47<\/td>\n<td>75<\/td>\n<td>24<\/td>\n<\/tr>\n<tr>\n<td>L<\/td>\n<td>53<\/td>\n<td>77<\/td>\n<td>25<\/td>\n<\/tr>\n<tr>\n<td>XL<\/td>\n<td>59<\/td>\n<td>79<\/td>\n<td>26<\/td>\n<\/tr>\n<tr>\n<td>2XL<\/td>\n<td>65<\/td>\n<td>81<\/td>\n<td>27<\/td>\n<\/tr>\n<\/tbody>\n<\/table>\n<\/div>\n<\/div>\n<div>\u00a0<\/div>\n<div class=\"min-h-[20px] flex flex-col items-start gap-3 overflow-x-auto whitespace-pre-wrap break-words\">\n<div class=\"markdown prose w-full break-words dark:prose-invert light\">\n<div class=\"flex flex-grow flex-col gap-3\">\n<div class=\"min-h-[20px] flex flex-col items-start gap-3 overflow-x-auto whitespace-pre-wrap break-words\">\n<div class=\"markdown prose w-full break-words dark:prose-invert light\">\n<h5>Guide til kropsm\u00e5linger<\/h5>\n<p><img decoding=\"async\" class=\"size-medium wp-image-13409 alignleft\" src=\"https:\/\/ukraineboost.com\/dk\/wp-content\/uploads\/sites\/12\/2023\/08\/t-shirt-192x300.png\" alt=\"\" width=\"192\" height=\"300\" srcset=\"https:\/\/ukraineboost.com\/dk\/wp-content\/uploads\/sites\/12\/2023\/08\/t-shirt-192x300.png 192w, https:\/\/ukraineboost.com\/dk\/wp-content\/uploads\/sites\/12\/2023\/08\/t-shirt-48x75.png 48w, https:\/\/ukraineboost.com\/dk\/wp-content\/uploads\/sites\/12\/2023\/08\/t-shirt-15x24.png 15w, https:\/\/ukraineboost.com\/dk\/wp-content\/uploads\/sites\/12\/2023\/08\/t-shirt-23x36.png 23w, https:\/\/ukraineboost.com\/dk\/wp-content\/uploads\/sites\/12\/2023\/08\/t-shirt-31x48.png 31w, https:\/\/ukraineboost.com\/dk\/wp-content\/uploads\/sites\/12\/2023\/08\/t-shirt.png 209w\" sizes=\"(max-width:767px) 192px, 192px\" \/>Denne st\u00f8rrelsesguide viser kropsm\u00e5linger. Vi foresl\u00e5r at bestille en st\u00f8rrelse st\u00f8rre, n\u00e5r dine m\u00e5linger er mellem st\u00f8rrelser. m\u00e5l-dig-selv For alle horisontale m\u00e5linger, skal du holde m\u00e5leb\u00e5ndet parallelt med jorden.<\/div>\n<div>\u00a0<\/div>\n<div class=\"markdown prose w-full break-words dark:prose-invert light\">A Bryst<\/div>\n<div>\u00a0<\/div>\n<div class=\"markdown prose w-full break-words dark:prose-invert light\">Placer den ene ende af m\u00e5leb\u00e5ndet p\u00e5 den fyldigste del af brystet og f\u00f8r b\u00e5ndet om p\u00e5 bagsiden (under armhulerne, over skulderbladene) tilbage til, hvor du startede.<\/div>\n<div>\u00a0<\/div>\n<\/div>\n<\/div>\n<\/div>\n<table class=\"size-guide__table size-guide__new\">\n<thead>\n<tr>\n<td>St\u00f8rrelse<\/td>\n<td>Bryst<\/td>\n<\/tr>\n<\/thead>\n<tbody>\n<tr>\n<td>XS<\/td>\n<td>79<\/td>\n<\/tr>\n<tr>\n<td>S<\/td>\n<td>87<\/td>\n<\/tr>\n<tr>\n<td>M<\/td>\n<td>95<\/td>\n<\/tr>\n<tr>\n<td>L<\/td>\n<td>107<\/td>\n<\/tr>\n<tr>\n<td>XL<\/td>\n<td>119<\/td>\n<\/tr>\n<tr>\n<td>2XL<\/td>\n<td>131<\/td>\n<\/tr>\n<\/tbody>\n<\/table>\n<p>Alle m\u00e5l er i centimeter<\/p>\n<p>Pro-tip! M\u00e5l et af dine produkter derhjemme og sammenlign med m\u00e5lene, du ser i denne vejledning.<\/p><\/div>\n<\/div>\n","protected":false},"excerpt":{"rendered":"<p>Kvalitets T-shirt som st\u00f8tter en vigtig sag L\u00e6r din nye yndlings T-shirt at kende\u2014den er super glat, super behagelig og lavet af en polyester jersey med<span class=\"excerpt-hellip\"> [\u2026]<\/span><\/p>\n","protected":false},"featured_media":35779,"comment_status":"open","ping_status":"closed","template":"","meta":[],"product_cat":[165],"product_tag":[],"_links":{"self":[{"href":"https:\/\/ukraineboost.com\/dk\/wp-json\/wp\/v2\/product\/35772"}],"collection":[{"href":"https:\/\/ukraineboost.com\/dk\/wp-json\/wp\/v2\/product"}],"about":[{"href":"https:\/\/ukraineboost.com\/dk\/wp-json\/wp\/v2\/types\/product"}],"replies":[{"embeddable":true,"href":"https:\/\/ukraineboost.com\/dk\/wp-json\/wp\/v2\/comments?post=35772"}],"wp:featuredmedia":[{"embeddable":true,"href":"https:\/\/ukraineboost.com\/dk\/wp-json\/wp\/v2\/media\/35779"}],"wp:attachment":[{"href":"https:\/\/ukraineboost.com\/dk\/wp-json\/wp\/v2\/media?parent=35772"}],"wp:term":[{"taxonomy":"product_cat","embeddable":true,"href":"https:\/\/ukraineboost.com\/dk\/wp-json\/wp\/v2\/product_cat?post=35772"},{"taxonomy":"product_tag","embeddable":true,"href":"https:\/\/ukraineboost.com\/dk\/wp-json\/wp\/v2\/product_tag?post=35772"}],"curies":[{"name":"wp","href":"https:\/\/api.w.org\/{rel}","templated":true}]}}