{"id":32219,"date":"2024-02-02T17:16:13","date_gmt":"2024-02-02T17:16:13","guid":{"rendered":"https:\/\/ukraineboost.com\/dk\/product\/womens-recycled-athletic-shorts-3\/"},"modified":"2025-01-23T09:31:15","modified_gmt":"2025-01-23T09:31:15","slug":"womens-recycled-athletic-shorts-3","status":"publish","type":"product","link":"https:\/\/ukraineboost.com\/dk\/product\/womens-recycled-athletic-shorts-3\/","title":{"rendered":"Atletiske shorts &#8211; Valentinsdag &#8211; tuschhjerter"},"content":{"rendered":"<p>Skal du ud at l\u00f8be? Har du lyst til at sv\u00f8mme? M\u00e5ske begge dele? Jamen, s\u00e5 er her lige produktet til dig! Disse athletiske damekorte shorts er s\u00e5 behagelige og lavet af s\u00e5 alsidigt stof, at du ikke vil f\u00f8le dig malplaceret til nogen sportsbegivenhed. Og selvf\u00f8lgelig har de lommer. Beh\u00f8ver vi sige mere? Grip et par nu!<\/p>\n<ul>\n<li>91% genanvendt polyester, 9% spandex (stoftype kan variere med 3%)<\/li>\n<li>Stofv\u00e6gt: 5.13 oz. \/yd. \u00b2 (174 g\/m\u00b2)<\/li>\n<li>Firevejs str\u00e6k fugttransporterende mikrofiberstof<\/li>\n<li>\u00c5ndbart og hurtigt\u00f8rrende materiale<\/li>\n<li>UPF50+ beskyttelse<\/li>\n<li>Elastisk taljeb\u00e5nd med flad hvid sn\u00f8re<\/li>\n<li>Netlommer i siderne<\/li>\n<li>2.5\u2033 (6.35 cm) skridtl\u00e6ngde<\/li>\n<\/ul>\n<p>Disse korte shorts med hjerter er en fantastisk Valentinsdagsgave, der ikke kun viser din k\u00e6rlighed, men ogs\u00e5 giver din elskede mulighed for at f\u00f8le sig behageligt og stilfuldt under deres tr\u00e6ning. Med et hjerte-m\u00f8nster, der symboliserer k\u00e6rlighed og omsorg, vil disse shorts bringe et smil frem p\u00e5 deres ansigt, hver gang de tager dem p\u00e5. G\u00f8r din partners tr\u00e6ningsoplevelse endnu bedre med disse charmerende og funktionelle shorts, der er perfekte til enhver aktivitet.<\/p>\n<p>Dette produkt er lavet specielt til dig, s\u00e5 snart du afgiver en ordre, hvilket er grunden til, at det tager os lidt l\u00e6ngere tid at levere det til dig. At lave produkter p\u00e5 bestilling i stedet for i bulk hj\u00e6lper med at reducere overproduktionen, s\u00e5 tak for at tr\u00e6ffe omtanke ved k\u00f8bsbeslutninger!<\/p>\n<h4>M\u00e5leskema<\/h4>\n<p>Vi opfordrer dig til v\u00e6re omhyggelig med at v\u00e6lge den rigtige st\u00f8rrelse, da vi gerne vil undg\u00e5 s\u00e5 mange returvarer som muligt. M\u00e5let er at st\u00f8tte Ukraine s\u00e5 derfor vil vi gerne holde alle omkostninger s\u00e5 lave som muligt. Vi vedl\u00e6gger m\u00e5lskemaer ved alle varer, da de kommer fra forskellige leverand\u00f8rer, s\u00e5 derfor kan st\u00f8rrelserne variere. Vi takker for din forst\u00e5else.<\/p>\n<div class=\"flex flex-grow flex-col max-w-full\">\n<div class=\"min-h-[20px] text-message flex flex-col items-start gap-3 whitespace-pre-wrap break-words [.text-message+&amp;]:mt-5 overflow-x-auto\" data-message-author-role=\"assistant\" data-message-id=\"724befe9-4cf9-491b-b86a-1131a00c40a2\">\n<div class=\"markdown prose w-full break-words dark:prose-invert light\">\n<h4>Produktm\u00e5linger<\/h4>\n<p><img decoding=\"async\" class=\"size-medium wp-image-32359 alignleft\" src=\"https:\/\/ukraineboost.com\/dk\/wp-content\/uploads\/sites\/12\/2024\/02\/00084-All-Over-Print-Womens-Recycled-Athletic-Shorts-300x300.png\" alt=\"\" width=\"300\" height=\"300\" srcset=\"https:\/\/ukraineboost.com\/dk\/wp-content\/uploads\/sites\/12\/2024\/02\/00084-All-Over-Print-Womens-Recycled-Athletic-Shorts-300x300.png 300w, https:\/\/ukraineboost.com\/dk\/wp-content\/uploads\/sites\/12\/2024\/02\/00084-All-Over-Print-Womens-Recycled-Athletic-Shorts-150x150.png 150w, https:\/\/ukraineboost.com\/dk\/wp-content\/uploads\/sites\/12\/2024\/02\/00084-All-Over-Print-Womens-Recycled-Athletic-Shorts-75x75.png 75w, https:\/\/ukraineboost.com\/dk\/wp-content\/uploads\/sites\/12\/2024\/02\/00084-All-Over-Print-Womens-Recycled-Athletic-Shorts-24x24.png 24w, https:\/\/ukraineboost.com\/dk\/wp-content\/uploads\/sites\/12\/2024\/02\/00084-All-Over-Print-Womens-Recycled-Athletic-Shorts-36x36.png 36w, https:\/\/ukraineboost.com\/dk\/wp-content\/uploads\/sites\/12\/2024\/02\/00084-All-Over-Print-Womens-Recycled-Athletic-Shorts-48x48.png 48w, https:\/\/ukraineboost.com\/dk\/wp-content\/uploads\/sites\/12\/2024\/02\/00084-All-Over-Print-Womens-Recycled-Athletic-Shorts-50x50.png 50w, https:\/\/ukraineboost.com\/dk\/wp-content\/uploads\/sites\/12\/2024\/02\/00084-All-Over-Print-Womens-Recycled-Athletic-Shorts-100x100.png 100w, https:\/\/ukraineboost.com\/dk\/wp-content\/uploads\/sites\/12\/2024\/02\/00084-All-Over-Print-Womens-Recycled-Athletic-Shorts.png 344w\" sizes=\"(max-width:767px) 300px, 300px\" \/>Denne st\u00f8rrelsesguide viser produktm\u00e5linger taget, n\u00e5r produkterne ligger fladt. Faktiske produktm\u00e5linger kan variere med op til 1&#8243;, fordi de er h\u00e5ndlavet efter m\u00e5l. A 1\/2 talje bredde B Skridtl\u00e6ngde C Frontstigning<\/p>\n<table class=\"size-guide__table size-guide__new\">\n<thead>\n<tr>\n<td>St\u00f8rrelse<\/td>\n<td>A<\/td>\n<td>B<\/td>\n<td>C<\/td>\n<\/tr>\n<\/thead>\n<tbody>\n<tr>\n<td>XS<\/td>\n<td>30<\/td>\n<td>6.5<\/td>\n<td>29<\/td>\n<\/tr>\n<tr>\n<td>S<\/td>\n<td>32<\/td>\n<td>6.5<\/td>\n<td>31<\/td>\n<\/tr>\n<tr>\n<td>M<\/td>\n<td>34.5<\/td>\n<td>6.5<\/td>\n<td>34<\/td>\n<\/tr>\n<tr>\n<td>L<\/td>\n<td>39.5<\/td>\n<td>6.5<\/td>\n<td>36<\/td>\n<\/tr>\n<tr>\n<td>XL<\/td>\n<td>42<\/td>\n<td>6.5<\/td>\n<td>37<\/td>\n<\/tr>\n<tr>\n<td>2XL<\/td>\n<td>47<\/td>\n<td>6.5<\/td>\n<td>38<\/td>\n<\/tr>\n<tr>\n<td>3XL<\/td>\n<td>51.5<\/td>\n<td>6.5<\/td>\n<td>39<\/td>\n<\/tr>\n<\/tbody>\n<\/table>\n<p>Alle m\u00e5l er i centimeter<\/p>\n<div class=\"flex flex-grow flex-col max-w-full\">\n<div class=\"min-h-[20px] text-message flex flex-col items-start gap-3 whitespace-pre-wrap break-words [.text-message+&amp;]:mt-5 overflow-x-auto\" data-message-author-role=\"assistant\" data-message-id=\"2e8e9af5-7cd1-4367-aeb3-2a48ccbdbdff\">\n<div class=\"markdown prose w-full break-words dark:prose-invert light\">\n<h4>Guide til kropsm\u00e5ling<\/h4>\n<p><img decoding=\"async\" class=\"size-medium wp-image-32360 alignleft\" src=\"https:\/\/ukraineboost.com\/dk\/wp-content\/uploads\/sites\/12\/2024\/02\/00084-All-Over-Print-Womens-Recycled-Athletic-Shorts-1-155x300.png\" alt=\"\" width=\"155\" height=\"300\" srcset=\"https:\/\/ukraineboost.com\/dk\/wp-content\/uploads\/sites\/12\/2024\/02\/00084-All-Over-Print-Womens-Recycled-Athletic-Shorts-1-155x300.png 155w, https:\/\/ukraineboost.com\/dk\/wp-content\/uploads\/sites\/12\/2024\/02\/00084-All-Over-Print-Womens-Recycled-Athletic-Shorts-1-39x75.png 39w, https:\/\/ukraineboost.com\/dk\/wp-content\/uploads\/sites\/12\/2024\/02\/00084-All-Over-Print-Womens-Recycled-Athletic-Shorts-1-12x24.png 12w, https:\/\/ukraineboost.com\/dk\/wp-content\/uploads\/sites\/12\/2024\/02\/00084-All-Over-Print-Womens-Recycled-Athletic-Shorts-1-19x36.png 19w, https:\/\/ukraineboost.com\/dk\/wp-content\/uploads\/sites\/12\/2024\/02\/00084-All-Over-Print-Womens-Recycled-Athletic-Shorts-1-25x48.png 25w, https:\/\/ukraineboost.com\/dk\/wp-content\/uploads\/sites\/12\/2024\/02\/00084-All-Over-Print-Womens-Recycled-Athletic-Shorts-1.png 172w\" sizes=\"(max-width:767px) 155px, 155px\" \/>Denne st\u00f8rrelsesguide viser kropsm\u00e5linger. Vi foresl\u00e5r at bestille en st\u00f8rrelse st\u00f8rre, n\u00e5r dine m\u00e5linger er mellem st\u00f8rrelser. m\u00e5l-dig-selv For alle vandrette m\u00e5linger, skal du holde m\u00e5leb\u00e5ndet parallelt med jorden. A Talje Placer m\u00e5leb\u00e5ndet p\u00e5 den smalleste del af taljen og m\u00e5l rundt. B Hofter S\u00e6t starten af m\u00e5leb\u00e5ndet p\u00e5 den ene hofte og f\u00f8r m\u00e5leb\u00e5ndet hen over den fyldigste del af hofterne tilbage til, hvor du begyndte at m\u00e5le.<\/p>\n<table class=\"size-guide__table size-guide__new\">\n<thead>\n<tr>\n<td>St\u00f8rrelse<\/td>\n<td>Talje<\/td>\n<td>Hofter<\/td>\n<\/tr>\n<\/thead>\n<tbody>\n<tr>\n<td>XS<\/td>\n<td>64<\/td>\n<td>90<\/td>\n<\/tr>\n<tr>\n<td>S<\/td>\n<td>68<\/td>\n<td>94<\/td>\n<\/tr>\n<tr>\n<td>M<\/td>\n<td>72<\/td>\n<td>98<\/td>\n<\/tr>\n<tr>\n<td>L<\/td>\n<td>80<\/td>\n<td>106<\/td>\n<\/tr>\n<tr>\n<td>XL<\/td>\n<td>88<\/td>\n<td>114<\/td>\n<\/tr>\n<tr>\n<td>2XL<\/td>\n<td>96<\/td>\n<td>122<\/td>\n<\/tr>\n<tr>\n<td>3XL<\/td>\n<td>104<\/td>\n<td>130<\/td>\n<\/tr>\n<\/tbody>\n<\/table>\n<p>Alle m\u00e5l er i centimeter Pro-tip! M\u00e5l et af dine produkter derhjemme og sammenlign med m\u00e5lene, du ser i denne vejledning.<\/p>\n<h4>Leveringstid<\/h4>\n<p>Da dette er et print on demand produkt kan leveringstiden variere. Typisk er leveringstiden en til to uger. Vi pr\u00f8ver altid at finde leverand\u00f8rer s\u00e5 geografisk t\u00e6t p\u00e5 som muligt for at minimere leveringstid og transportomkostninger. \u00a0<\/p><\/div>\n<\/div>\n<\/div>\n<\/div>\n<\/div>\n<\/div>\n","protected":false},"excerpt":{"rendered":"<p>Skal du ud at l\u00f8be? Har du lyst til at sv\u00f8mme? M\u00e5ske begge dele? Jamen, s\u00e5 er her lige produktet til dig! Disse athletiske damekorte shorts<span class=\"excerpt-hellip\"> [\u2026]<\/span><\/p>\n","protected":false},"featured_media":32227,"comment_status":"open","ping_status":"closed","template":"","meta":[],"product_cat":[177],"product_tag":[],"_links":{"self":[{"href":"https:\/\/ukraineboost.com\/dk\/wp-json\/wp\/v2\/product\/32219"}],"collection":[{"href":"https:\/\/ukraineboost.com\/dk\/wp-json\/wp\/v2\/product"}],"about":[{"href":"https:\/\/ukraineboost.com\/dk\/wp-json\/wp\/v2\/types\/product"}],"replies":[{"embeddable":true,"href":"https:\/\/ukraineboost.com\/dk\/wp-json\/wp\/v2\/comments?post=32219"}],"wp:featuredmedia":[{"embeddable":true,"href":"https:\/\/ukraineboost.com\/dk\/wp-json\/wp\/v2\/media\/32227"}],"wp:attachment":[{"href":"https:\/\/ukraineboost.com\/dk\/wp-json\/wp\/v2\/media?parent=32219"}],"wp:term":[{"taxonomy":"product_cat","embeddable":true,"href":"https:\/\/ukraineboost.com\/dk\/wp-json\/wp\/v2\/product_cat?post=32219"},{"taxonomy":"product_tag","embeddable":true,"href":"https:\/\/ukraineboost.com\/dk\/wp-json\/wp\/v2\/product_tag?post=32219"}],"curies":[{"name":"wp","href":"https:\/\/api.w.org\/{rel}","templated":true}]}}