{"id":3142,"date":"2023-05-31T11:26:33","date_gmt":"2023-05-31T11:26:33","guid":{"rendered":"https:\/\/ukraineboost.com\/dk\/?post_type=product&#038;p=3142"},"modified":"2023-06-23T18:13:45","modified_gmt":"2023-06-23T18:13:45","slug":"mens-cultivator-zip-hoodie-ukraineboost","status":"publish","type":"product","link":"https:\/\/ukraineboost.com\/dk\/product\/mens-cultivator-zip-hoodie-ukraineboost\/","title":{"rendered":"Men&#8217;s Cultivator Zip Hoodie &#8211; UkraineBoost"},"content":{"rendered":"<p>Let at b\u00e6re, nem at style og stadig i tr\u00e5d med dine \u00f8kologiske \u00e6stetikker pr\u00e6senterer vi den ikoniske herre-zip-up h\u00e6ttetr\u00f8je. Udstyret med cool runde snore i matchende farve med metalender, en metal-lynl\u00e5s og \u00f8jer, dobbeltlags h\u00e6tte samt en k\u00e6ngurulomme med brede dobbelte topsting, vil du helt sikkert nyde det venlige touch til \u00f8ko-mode, som denne zip-h\u00e6ttetr\u00f8je giver. Bem\u00e6rk venligst, at EU-baserede printudbydere bruger europ\u00e6iske st\u00f8rrelser p\u00e5 deres produkter. Tjek venligst vores st\u00f8rrelsesdiagram i bunden af vores liste for at sikre en n\u00f8jagtig pasform.<\/p>\n<ul>\n<li>85% \u00f8kologisk kammet ringespundet bomuld, 15% genanvendt polyester<\/li>\n<li>Tungt stof (10,3 oz\/yd\u00b2 (350 g\/m\u00b2))<\/li>\n<li>Regular fit (normal pasform)<\/li>\n<li>Indsyet ind label<\/li>\n<li>St\u00f8rrelsen svarer til normalt.<\/li>\n<\/ul>\n<h4>M\u00e5leskema<\/h4>\n<p>Vi opfordrer dig til v\u00e6re omhyggelig med at v\u00e6lge den rigtige st\u00f8rrelse, da vi gerne vil undg\u00e5 s\u00e5 mange returvarer som muligt. M\u00e5let er at st\u00f8tte Ukraine s\u00e5 derfor vil vi gerne holde alle omkostninger s\u00e5 lave som muligt. Vi vedl\u00e6gger m\u00e5lskemaer ved alle varer, da de kommer fra forskellige leverand\u00f8rer, s\u00e5 derfor kan st\u00f8rrelserne variere. Vi takker for din forst\u00e5else.<\/p>\n<table id=\"size-guide\" style=\"min-width: 360px;\">\n<thead>\n<tr>\n<th style=\"padding: 10px;\"><\/th>\n<th style=\"color: #000000; font-weight: 500; text-align: left; font-size: 15px; padding: 10px;\">S<\/th>\n<th style=\"color: #000000; font-weight: 500; text-align: left; font-size: 15px; padding: 10px;\">M<\/th>\n<th style=\"color: #000000; font-weight: 500; text-align: left; font-size: 15px; padding: 10px;\">L<\/th>\n<th style=\"color: #000000; font-weight: 500; text-align: left; font-size: 15px; padding: 10px;\">XL<\/th>\n<th style=\"color: #000000; font-weight: 500; text-align: left; font-size: 15px; padding: 10px;\">2XL<\/th>\n<\/tr>\n<\/thead>\n<tbody>\n<tr>\n<td style=\"padding: 10px; color: #525252; font-size: 15px; border-top: 1px solid #ededed;\">Bredde, cm<\/td>\n<td style=\"padding: 10px; color: #525252; font-size: 15px; border-top: 1px solid #ededed;\">51.50<\/td>\n<td style=\"padding: 10px; color: #525252; font-size: 15px; border-top: 1px solid #ededed;\">54.00<\/td>\n<td style=\"padding: 10px; color: #525252; font-size: 15px; border-top: 1px solid #ededed;\">57.00<\/td>\n<td style=\"padding: 10px; color: #525252; font-size: 15px; border-top: 1px solid #ededed;\">60.00<\/td>\n<td style=\"padding: 10px; color: #525252; font-size: 15px; border-top: 1px solid #ededed;\">63.00<\/td>\n<\/tr>\n<tr>\n<td style=\"padding: 10px; color: #525252; font-size: 15px; border-top: 1px solid #ededed;\">H\u00f8jde, cm<\/td>\n<td style=\"padding: 10px; color: #525252; font-size: 15px; border-top: 1px solid #ededed;\">70.00<\/td>\n<td style=\"padding: 10px; color: #525252; font-size: 15px; border-top: 1px solid #ededed;\">72.00<\/td>\n<td style=\"padding: 10px; color: #525252; font-size: 15px; border-top: 1px solid #ededed;\">74.00<\/td>\n<td style=\"padding: 10px; color: #525252; font-size: 15px; border-top: 1px solid #ededed;\">76.00<\/td>\n<td style=\"padding: 10px; color: #525252; font-size: 15px; border-top: 1px solid #ededed;\">78.00<\/td>\n<\/tr>\n<tr>\n<td style=\"padding: 10px; color: #525252; font-size: 15px; border-top: 1px solid #ededed;\">\u00c6rmel\u00e6ngde, cm<\/td>\n<td style=\"padding: 10px; color: #525252; font-size: 15px; border-top: 1px solid #ededed;\">64.00<\/td>\n<td style=\"padding: 10px; color: #525252; font-size: 15px; border-top: 1px solid #ededed;\">65.50<\/td>\n<td style=\"padding: 10px; color: #525252; font-size: 15px; border-top: 1px solid #ededed;\">67.00<\/td>\n<td style=\"padding: 10px; color: #525252; font-size: 15px; border-top: 1px solid #ededed;\">68.50<\/td>\n<td style=\"padding: 10px; color: #525252; font-size: 15px; border-top: 1px solid #ededed;\">70.00<\/td>\n<\/tr>\n<\/tbody>\n<\/table>\n<h4>Leveringstid<\/h4>\n<p>Da dette er et print on demand tid kan leveringstiden variere. Typisk er leveringstiden en til to uger. Vi pr\u00f8ver at finde en leverand\u00f8r s\u00e5 geografisk t\u00e6t p\u00e5 som muligt for at minimere leveringstid og transportomkostninger.<\/p>\n<h4>Egenskaber<\/h4>\n<p><img decoding=\"async\" class=\"alignleft wp-image-6903\" src=\"https:\/\/ukraineboost.com\/dk\/wp-content\/uploads\/sites\/12\/2023\/05\/icons_v4_outlined_19_coard.svg\" alt=\"\" width=\"50\" \/><strong>H\u00e6tte med sn\u00f8reb\u00e5nd<br \/>\n<\/strong><\/p>\n<p>Justerbar h\u00e6tte med snor i samme farve som t\u00f8jet og metal\u00f8skner..<\/p>\n<p><img decoding=\"async\" class=\"alignleft wp-image-6904\" src=\"https:\/\/ukraineboost.com\/dk\/wp-content\/uploads\/sites\/12\/2023\/05\/icons_v4_outlined_38_pocket.svg\" alt=\"\" width=\"50\" \/><strong>Rummelig lomme<\/strong><\/p>\n<p>K\u00e6ngurulomme holder altid dine h\u00e6nder varme.<\/p>\n<p><img decoding=\"async\" class=\"alignleft wp-image-6255\" src=\"https:\/\/ukraineboost.com\/dk\/wp-content\/uploads\/sites\/12\/2023\/05\/icons_v4_outlined_37_shoulder_tape.svg\" alt=\"\" width=\"50\" \/><\/p>\n<p><strong>Skulderb\u00e5nd<\/strong><\/p>\n<p>Twill-b\u00e5nd d\u00e6kker nakkes\u00f8mmen for at stabilisere bagsiden af t\u00f8jet, hvilket giver en mere behagelig fornemmelse og forhindrer str\u00e6kning.<\/p>\n<p><img decoding=\"async\" class=\"alignleft wp-image-6253\" src=\"https:\/\/ukraineboost.com\/dk\/wp-content\/uploads\/sites\/12\/2023\/05\/icons_v4_outlined_1_cotton.svg\" alt=\"\" width=\"50\" \/><\/p>\n<p><strong>85% \u00f8kologisk kammet ring-spundet bomuld, 15% genanvendt polyester<\/strong><\/p>\n<p>Stoffet er bl\u00f8dt og behageligt at r\u00f8re ved og har en subtil luksuri\u00f8s fornemmelse. Det er lavet af s\u00e6rligt spundne fibre, der skaber et meget st\u00e6rkt og glat stof, perfekt til tryk..<\/p>\n<h4>Vedligeholdelse<\/h4>\n<p><a href=\"https:\/\/ukraineboost.com\/dk\/wp-content\/uploads\/sites\/12\/2023\/05\/59e0f6fab8e7e3174f3196e8.svg\"><img decoding=\"async\" class=\"alignnone size-full wp-image-6827\" src=\"https:\/\/ukraineboost.com\/dk\/wp-content\/uploads\/sites\/12\/2023\/05\/59e0f6fab8e7e3174f3196e8.svg\" alt=\"\" \/><\/a><img decoding=\"async\" class=\"alignnone size-medium wp-image-6312\" src=\"https:\/\/ukraineboost.com\/dk\/wp-content\/uploads\/sites\/12\/2023\/05\/main_59e71038b8e7e3497d1b51f3.svg\" alt=\"\" width=\"1\" height=\"1\" \/><img decoding=\"async\" class=\"alignnone size-full wp-image-6309\" src=\"https:\/\/ukraineboost.com\/dk\/wp-content\/uploads\/sites\/12\/2023\/05\/main_59e0f7fbb8e7e36e4f604bef.svg\" alt=\"\" \/><img decoding=\"async\" class=\"alignnone size-full wp-image-6310\" src=\"https:\/\/ukraineboost.com\/dk\/wp-content\/uploads\/sites\/12\/2023\/05\/main_59e0f869b8e7e30aad47369c.svg\" alt=\"\" \/><img decoding=\"async\" class=\"alignnone size-full wp-image-6312\" src=\"https:\/\/ukraineboost.com\/dk\/wp-content\/uploads\/sites\/12\/2023\/05\/main_59e71038b8e7e3497d1b51f3.svg\" alt=\"\" \/><img decoding=\"async\" class=\"alignnone size-full wp-image-6925\" src=\"https:\/\/ukraineboost.com\/dk\/wp-content\/uploads\/sites\/12\/2023\/06\/5a0b13ecb8e7e308e13c3627.svg\" alt=\"\" \/><\/p>\n<p>Maskinvask: kold (maks. 30C eller 90F); M\u00e5 ikke bleges; M\u00e5 ikke t\u00f8rretumbles; Strygning, damp eller t\u00f8rt: lav varme; M\u00e5 ikke renses kemisk.<\/p>\n","protected":false},"excerpt":{"rendered":"<p>Let at b\u00e6re, nem at style og stadig i tr\u00e5d med dine \u00f8kologiske \u00e6stetikker pr\u00e6senterer vi den ikoniske herre-zip-up h\u00e6ttetr\u00f8je. Udstyret med cool runde snore i<span class=\"excerpt-hellip\"> [\u2026]<\/span><\/p>\n","protected":false},"featured_media":3163,"comment_status":"open","ping_status":"closed","template":"","meta":[],"product_cat":[163,191],"product_tag":[],"_links":{"self":[{"href":"https:\/\/ukraineboost.com\/dk\/wp-json\/wp\/v2\/product\/3142"}],"collection":[{"href":"https:\/\/ukraineboost.com\/dk\/wp-json\/wp\/v2\/product"}],"about":[{"href":"https:\/\/ukraineboost.com\/dk\/wp-json\/wp\/v2\/types\/product"}],"replies":[{"embeddable":true,"href":"https:\/\/ukraineboost.com\/dk\/wp-json\/wp\/v2\/comments?post=3142"}],"wp:featuredmedia":[{"embeddable":true,"href":"https:\/\/ukraineboost.com\/dk\/wp-json\/wp\/v2\/media\/3163"}],"wp:attachment":[{"href":"https:\/\/ukraineboost.com\/dk\/wp-json\/wp\/v2\/media?parent=3142"}],"wp:term":[{"taxonomy":"product_cat","embeddable":true,"href":"https:\/\/ukraineboost.com\/dk\/wp-json\/wp\/v2\/product_cat?post=3142"},{"taxonomy":"product_tag","embeddable":true,"href":"https:\/\/ukraineboost.com\/dk\/wp-json\/wp\/v2\/product_tag?post=3142"}],"curies":[{"name":"wp","href":"https:\/\/api.w.org\/{rel}","templated":true}]}}