{"id":2958,"date":"2023-05-31T11:07:17","date_gmt":"2023-05-31T11:07:17","guid":{"rendered":"https:\/\/ukraineboost.com\/dk\/?post_type=product&#038;p=2958"},"modified":"2023-06-23T18:12:44","modified_gmt":"2023-06-23T18:12:44","slug":"unisex-heavy-blend-hooded-sweatshirt-ukraineboost","status":"publish","type":"product","link":"https:\/\/ukraineboost.com\/dk\/product\/unisex-heavy-blend-hooded-sweatshirt-ukraineboost\/","title":{"rendered":"Unisex Heavy Blend\u2122 Hooded Sweatshirt &#8211; UkraineBoost"},"content":{"rendered":"<div class=\"flex flex-grow flex-col gap-3\">\n<div class=\"min-h-[20px] flex flex-col items-start gap-4 whitespace-pre-wrap break-words\">\n<div class=\"markdown prose w-full break-words dark:prose-invert light\">\n<p>Denne unisex-h\u00e6ttetr\u00f8je af blandingen &#8220;heavy blend&#8221; er ren afslapning. Den er lavet af en tyk blanding af bomuld og polyester, og den f\u00f8les bl\u00f8d, behagelig og varm &#8211; det perfekte valg til enhver kold dag. Foran har den en rummelig k\u00e6ngurulomme, der tilf\u00f8jer daglig funktionalitet, og sn\u00f8ret i h\u00e6tten har samme farve som tr\u00f8jens bund, hvilket giver ekstra stilpoints.<\/p>\n<ul>\n<li>50% bomuld, 50% polyester (materialeindholdet kan variere for forskellige farver)<\/li>\n<li>Medium-tykt stof (8,0 oz\/yd\u00b2 (271 g\/m\u00b2))<\/li>\n<li>Klassisk pasform<\/li>\n<li>Aftageligt label<\/li>\n<li>Holder pasformen<\/li>\n<\/ul>\n<\/div>\n<\/div>\n<\/div>\n<div class=\"flex justify-between lg:block\">\n<div class=\"text-gray-400 flex self-end lg:self-center justify-center mt-2 gap-2 md:gap-3 lg:gap-1 lg:absolute lg:top-0 lg:translate-x-full lg:right-0 lg:mt-0 lg:pl-2 visible\">\n<h4>M\u00e5leskema<\/h4>\n<p>Vi opfordrer dig til v\u00e6re omhyggelig med at v\u00e6lge den rigtige st\u00f8rrelse, da vi gerne vil undg\u00e5 s\u00e5 mange returvarer som muligt. M\u00e5let er at st\u00f8tte Ukraine s\u00e5 derfor vil vi gerne holde alle omkostninger s\u00e5 lave som muligt. Vi vedl\u00e6gger m\u00e5lskemaer ved alle varer, da de kommer fra forskellige leverand\u00f8rer, s\u00e5 derfor kan st\u00f8rrelserne variere. Vi takker for din forst\u00e5else.<\/p>\n<\/div>\n<\/div>\n<table id=\"size-guide\" style=\"min-width: 360px;\">\n<thead>\n<tr>\n<th style=\"padding: 10px;\"><\/th>\n<th style=\"color: #000000; font-weight: 500; text-align: left; font-size: 15px; padding: 10px;\">S<\/th>\n<th style=\"color: #000000; font-weight: 500; text-align: left; font-size: 15px; padding: 10px;\">M<\/th>\n<th style=\"color: #000000; font-weight: 500; text-align: left; font-size: 15px; padding: 10px;\">L<\/th>\n<th style=\"color: #000000; font-weight: 500; text-align: left; font-size: 15px; padding: 10px;\">XL<\/th>\n<th style=\"color: #000000; font-weight: 500; text-align: left; font-size: 15px; padding: 10px;\">2XL<\/th>\n<th style=\"color: #000000; font-weight: 500; text-align: left; font-size: 15px; padding: 10px;\">3XL<\/th>\n<th style=\"color: #000000; font-weight: 500; text-align: left; font-size: 15px; padding: 10px;\">4XL<\/th>\n<th style=\"color: #000000; font-weight: 500; text-align: left; font-size: 15px; padding: 10px;\">5XL<\/th>\n<\/tr>\n<\/thead>\n<tbody>\n<tr>\n<td style=\"padding: 10px; color: #525252; font-size: 15px; border-top: 1px solid #ededed;\">Bredde, cm<\/td>\n<td style=\"padding: 10px; color: #525252; font-size: 15px; border-top: 1px solid #ededed;\">51.00<\/td>\n<td style=\"padding: 10px; color: #525252; font-size: 15px; border-top: 1px solid #ededed;\">56.00<\/td>\n<td style=\"padding: 10px; color: #525252; font-size: 15px; border-top: 1px solid #ededed;\">61.00<\/td>\n<td style=\"padding: 10px; color: #525252; font-size: 15px; border-top: 1px solid #ededed;\">66.00<\/td>\n<td style=\"padding: 10px; color: #525252; font-size: 15px; border-top: 1px solid #ededed;\">71.10<\/td>\n<td style=\"padding: 10px; color: #525252; font-size: 15px; border-top: 1px solid #ededed;\">76.00<\/td>\n<td style=\"padding: 10px; color: #525252; font-size: 15px; border-top: 1px solid #ededed;\">81.00<\/td>\n<td style=\"padding: 10px; color: #525252; font-size: 15px; border-top: 1px solid #ededed;\">86.00<\/td>\n<\/tr>\n<tr>\n<td style=\"padding: 10px; color: #525252; font-size: 15px; border-top: 1px solid #ededed;\">L\u00e6ngde, cm<\/td>\n<td style=\"padding: 10px; color: #525252; font-size: 15px; border-top: 1px solid #ededed;\">69.00<\/td>\n<td style=\"padding: 10px; color: #525252; font-size: 15px; border-top: 1px solid #ededed;\">71.00<\/td>\n<td style=\"padding: 10px; color: #525252; font-size: 15px; border-top: 1px solid #ededed;\">74.00<\/td>\n<td style=\"padding: 10px; color: #525252; font-size: 15px; border-top: 1px solid #ededed;\">76.00<\/td>\n<td style=\"padding: 10px; color: #525252; font-size: 15px; border-top: 1px solid #ededed;\">79.00<\/td>\n<td style=\"padding: 10px; color: #525252; font-size: 15px; border-top: 1px solid #ededed;\">81.00<\/td>\n<td style=\"padding: 10px; color: #525252; font-size: 15px; border-top: 1px solid #ededed;\">84.00<\/td>\n<td style=\"padding: 10px; color: #525252; font-size: 15px; border-top: 1px solid #ededed;\">86.00<\/td>\n<\/tr>\n<tr>\n<td style=\"padding: 10px; color: #525252; font-size: 15px; border-top: 1px solid #ededed;\">\u00c6rmel\u00e6ngde fra midten p\u00e5 ryggen, cm<\/td>\n<td style=\"padding: 10px; color: #525252; font-size: 15px; border-top: 1px solid #ededed;\">85.09<\/td>\n<td style=\"padding: 10px; color: #525252; font-size: 15px; border-top: 1px solid #ededed;\">87.63<\/td>\n<td style=\"padding: 10px; color: #525252; font-size: 15px; border-top: 1px solid #ededed;\">90.17<\/td>\n<td style=\"padding: 10px; color: #525252; font-size: 15px; border-top: 1px solid #ededed;\">92.71<\/td>\n<td style=\"padding: 10px; color: #525252; font-size: 15px; border-top: 1px solid #ededed;\">95.25<\/td>\n<td style=\"padding: 10px; color: #525252; font-size: 15px; border-top: 1px solid #ededed;\">97.79<\/td>\n<td style=\"padding: 10px; color: #525252; font-size: 15px; border-top: 1px solid #ededed;\">100.33<\/td>\n<td style=\"padding: 10px; color: #525252; font-size: 15px; border-top: 1px solid #ededed;\">102.87<\/td>\n<\/tr>\n<\/tbody>\n<\/table>\n<h4>Leveringstid<\/h4>\n<div class=\"flex-1 overflow-hidden\">\n<div class=\"react-scroll-to-bottom--css-wyrxk-79elbk h-full dark:bg-gray-800\">\n<div class=\"react-scroll-to-bottom--css-wyrxk-1n7m0yu\">\n<div class=\"flex flex-col text-sm dark:bg-gray-800\">\n<div class=\"h-32 md:h-48 flex-shrink-0\" data-wp-editing=\"1\">\n<p>Da dette er et print on demand tid kan leveringstiden variere. Typisk er leveringstiden en til to uger. Vi pr\u00f8ver at finde en leverand\u00f8r s\u00e5 geografisk t\u00e6t p\u00e5 som muligt for at minimere leveringstid og transportomkostninger.<\/p>\n<h4>Egenskaber<\/h4>\n<p><img decoding=\"async\" class=\"alignleft wp-image-6904\" src=\"https:\/\/ukraineboost.com\/dk\/wp-content\/uploads\/sites\/12\/2023\/05\/icons_v4_outlined_38_pocket.svg\" alt=\"\" width=\"50\" \/> <img decoding=\"async\" class=\"alignnone size-medium wp-image-6904\" src=\"https:\/\/ukraineboost.com\/dk\/wp-content\/uploads\/sites\/12\/2023\/05\/icons_v4_outlined_38_pocket.svg\" alt=\"\" width=\"1\" height=\"1\" \/><strong>Rummelige lommer<\/strong><\/p>\n<p>K\u00e6ngurulommen vil altid holde dine h\u00e6nder varme.<\/p>\n<p><strong><img decoding=\"async\" class=\"alignleft wp-image-6902\" src=\"https:\/\/ukraineboost.com\/dk\/wp-content\/uploads\/sites\/12\/2023\/05\/icons_v4_outlined_34_without_side_seams.svg\" alt=\"\" width=\"50\" \/>Uden sides\u00f8mme<\/strong><\/p>\n<p>Strikket i \u00e9t stykke ved hj\u00e6lp af en tubestrik, reducerer det stofforbrug og g\u00f8r t\u00f8jet mere attraktivt.<\/p>\n<p><img decoding=\"async\" class=\"alignleft wp-image-6903\" src=\"https:\/\/ukraineboost.com\/dk\/wp-content\/uploads\/sites\/12\/2023\/05\/icons_v4_outlined_19_coard.svg\" alt=\"\" width=\"50\" \/><strong>Sn\u00f8ret h\u00e6tte<\/strong><\/p>\n<p>Justerbar h\u00e6tte med selvfarvet v\u00e6vet snor.<\/p>\n<p><img decoding=\"async\" class=\"alignleft wp-image-6253\" src=\"https:\/\/ukraineboost.com\/dk\/wp-content\/uploads\/sites\/12\/2023\/05\/icons_v4_outlined_1_cotton.svg\" alt=\"\" width=\"50\" \/><\/p>\n<p><strong>50% bomuld, 50% polyester<\/strong><\/p>\n<p>Lavet af s\u00e6rligt spundne fibre, der skaber en meget st\u00e6rk og glat stof, som er perfekt til tryk. Polyesterfibre er ekstremt modstandsdygtige over for de fleste kemikalier, str\u00e6kning og krympning. Heather Sport farverne best\u00e5r af 40% bomuld og 60% polyester.<\/p>\n<h4>Vedligeholdelse<\/h4>\n<p><a href=\"https:\/\/ukraineboost.com\/dk\/wp-content\/uploads\/sites\/12\/2023\/05\/5a0b1561b8e7e308d00083b3.svg\"><img decoding=\"async\" class=\"alignnone size-full wp-image-6905\" src=\"https:\/\/ukraineboost.com\/dk\/wp-content\/uploads\/sites\/12\/2023\/05\/5a0b1561b8e7e308d00083b3.svg\" alt=\"\" \/><\/a><img decoding=\"async\" class=\"alignnone size-medium wp-image-6312\" src=\"https:\/\/ukraineboost.com\/dk\/wp-content\/uploads\/sites\/12\/2023\/05\/main_59e71038b8e7e3497d1b51f3.svg\" alt=\"\" width=\"1\" height=\"1\" \/><img decoding=\"async\" class=\"alignnone size-full wp-image-6309\" src=\"https:\/\/ukraineboost.com\/dk\/wp-content\/uploads\/sites\/12\/2023\/05\/main_59e0f7fbb8e7e36e4f604bef.svg\" alt=\"\" \/><img decoding=\"async\" class=\"alignnone size-full wp-image-6310\" src=\"https:\/\/ukraineboost.com\/dk\/wp-content\/uploads\/sites\/12\/2023\/05\/main_59e0f869b8e7e30aad47369c.svg\" alt=\"\" \/><img decoding=\"async\" class=\"alignnone size-full wp-image-6311\" src=\"https:\/\/ukraineboost.com\/dk\/wp-content\/uploads\/sites\/12\/2023\/05\/main_59e0f996b8e7e30aa75167b2.svg\" alt=\"\" \/><img decoding=\"async\" class=\"alignnone size-full wp-image-6312\" src=\"https:\/\/ukraineboost.com\/dk\/wp-content\/uploads\/sites\/12\/2023\/05\/main_59e71038b8e7e3497d1b51f3.svg\" alt=\"\" \/><\/p>\n<p>Maskinvask: varm (maks. 40C eller 105F); Brug blegemiddel efter behov; T\u00f8rretumbling: medium; Strygning, damp eller t\u00f8rt: lav varme; M\u00e5 ikke renses kemisk.<\/p>\n<\/div>\n<\/div>\n<\/div>\n<\/div>\n<\/div>\n<div class=\"absolute bottom-0 left-0 w-full border-t md:border-t-0 dark:border-white\/20 md:border-transparent md:dark:border-transparent md:bg-vert-light-gradient bg-white dark:bg-gray-800 md:!bg-transparent dark:md:bg-vert-dark-gradient pt-2 md:-left-2\">\n<form class=\"stretch mx-2 flex flex-row gap-3 last:mb-2 md:mx-4 md:last:mb-6 lg:mx-auto lg:max-w-2xl xl:max-w-3xl\">\n<div class=\"relative flex h-full flex-1 items-stretch md:flex-col\" role=\"presentation\">\n<div class=\"\">\n<div class=\"h-full flex ml-1 md:w-full md:m-auto md:mb-2 gap-0 md:gap-2 justify-center\"><\/div>\n<\/div>\n<\/div>\n<\/form>\n<\/div>\n","protected":false},"excerpt":{"rendered":"<p>Denne unisex-h\u00e6ttetr\u00f8je af blandingen &#8220;heavy blend&#8221; er ren afslapning. Den er lavet af en tyk blanding af bomuld og polyester, og den f\u00f8les bl\u00f8d, behagelig og<span class=\"excerpt-hellip\"> [\u2026]<\/span><\/p>\n","protected":false},"featured_media":3034,"comment_status":"open","ping_status":"closed","template":"","meta":[],"product_cat":[163,174,191],"product_tag":[],"_links":{"self":[{"href":"https:\/\/ukraineboost.com\/dk\/wp-json\/wp\/v2\/product\/2958"}],"collection":[{"href":"https:\/\/ukraineboost.com\/dk\/wp-json\/wp\/v2\/product"}],"about":[{"href":"https:\/\/ukraineboost.com\/dk\/wp-json\/wp\/v2\/types\/product"}],"replies":[{"embeddable":true,"href":"https:\/\/ukraineboost.com\/dk\/wp-json\/wp\/v2\/comments?post=2958"}],"wp:featuredmedia":[{"embeddable":true,"href":"https:\/\/ukraineboost.com\/dk\/wp-json\/wp\/v2\/media\/3034"}],"wp:attachment":[{"href":"https:\/\/ukraineboost.com\/dk\/wp-json\/wp\/v2\/media?parent=2958"}],"wp:term":[{"taxonomy":"product_cat","embeddable":true,"href":"https:\/\/ukraineboost.com\/dk\/wp-json\/wp\/v2\/product_cat?post=2958"},{"taxonomy":"product_tag","embeddable":true,"href":"https:\/\/ukraineboost.com\/dk\/wp-json\/wp\/v2\/product_tag?post=2958"}],"curies":[{"name":"wp","href":"https:\/\/api.w.org\/{rel}","templated":true}]}}