{"id":2950,"date":"2023-05-30T18:40:58","date_gmt":"2023-05-30T18:40:58","guid":{"rendered":"https:\/\/ukraineboost.com\/dk\/?post_type=product&#038;p=2950"},"modified":"2023-06-16T09:15:59","modified_gmt":"2023-06-16T09:15:59","slug":"frosted-glass-mug-ukraineboost","status":"publish","type":"product","link":"https:\/\/ukraineboost.com\/dk\/product\/frosted-glass-mug-ukraineboost\/","title":{"rendered":"Frosted glaskrus &#8211; UkraineBoost"},"content":{"rendered":"<div class=\"flex flex-grow flex-col gap-3\">\n<div class=\"min-h-[20px] flex flex-col items-start gap-4 whitespace-pre-wrap break-words\">\n<div class=\"markdown prose w-full break-words dark:prose-invert light\">\n<p>Disse frostede glaskrus tilbyder den perfekte overflade der virkelig fremh\u00e6ver din st\u00f8tte til Ukraine. Hver krus har en kapacitet p\u00e5 33 cl og er opvaskemaskinesikker, hvilket tilf\u00f8jer daglig bekvemmelighed sammen med unik stil.<\/p>\n<ul>\n<li>\u00a0Materiale: Frostet glas .:<\/li>\n<li>En st\u00f8rrelse: 0,33 l<\/li>\n<li>Opvaskemaskinesikker .:<\/li>\n<li>N.B. M\u00e5 ikke anvendes i mikrob\u00f8lgeovnen!<\/li>\n<\/ul>\n<\/div>\n<\/div>\n<\/div>\n","protected":false},"excerpt":{"rendered":"<p>Disse frostede glaskrus tilbyder den perfekte overflade der virkelig fremh\u00e6ver din st\u00f8tte til Ukraine. Hver krus har en kapacitet p\u00e5 33 cl og er opvaskemaskinesikker, hvilket<span class=\"excerpt-hellip\"> [\u2026]<\/span><\/p>\n","protected":false},"featured_media":2952,"comment_status":"open","ping_status":"closed","template":"","meta":[],"product_cat":[145,191],"product_tag":[],"_links":{"self":[{"href":"https:\/\/ukraineboost.com\/dk\/wp-json\/wp\/v2\/product\/2950"}],"collection":[{"href":"https:\/\/ukraineboost.com\/dk\/wp-json\/wp\/v2\/product"}],"about":[{"href":"https:\/\/ukraineboost.com\/dk\/wp-json\/wp\/v2\/types\/product"}],"replies":[{"embeddable":true,"href":"https:\/\/ukraineboost.com\/dk\/wp-json\/wp\/v2\/comments?post=2950"}],"wp:featuredmedia":[{"embeddable":true,"href":"https:\/\/ukraineboost.com\/dk\/wp-json\/wp\/v2\/media\/2952"}],"wp:attachment":[{"href":"https:\/\/ukraineboost.com\/dk\/wp-json\/wp\/v2\/media?parent=2950"}],"wp:term":[{"taxonomy":"product_cat","embeddable":true,"href":"https:\/\/ukraineboost.com\/dk\/wp-json\/wp\/v2\/product_cat?post=2950"},{"taxonomy":"product_tag","embeddable":true,"href":"https:\/\/ukraineboost.com\/dk\/wp-json\/wp\/v2\/product_tag?post=2950"}],"curies":[{"name":"wp","href":"https:\/\/api.w.org\/{rel}","templated":true}]}}