{"id":2851,"date":"2023-05-23T18:10:38","date_gmt":"2023-05-23T18:10:38","guid":{"rendered":"https:\/\/ukraineboost.com\/dk\/?post_type=product&#038;p=2851"},"modified":"2023-06-14T14:23:40","modified_gmt":"2023-06-14T14:23:40","slug":"standard-mug-11oz-ukraineboost","status":"publish","type":"product","link":"https:\/\/ukraineboost.com\/dk\/product\/standard-mug-11oz-ukraineboost\/","title":{"rendered":"Krus 0,33 liter &#8211; UkraineBoost"},"content":{"rendered":"<p>Tils\u00e6t lidt personlighed til en nylavet kop kaffe. Logoet er trykt med en glansfuld finish p\u00e5 den holdbare, hvide keramiske base ved hj\u00e6lp af f\u00f8rsteklasses ORCA-bel\u00e6gning. Denne 11oz kop er solid og holdbar med et C-formet h\u00e5ndtag, s\u00e5 folk kan holde godt fast, n\u00e5r koffeinen endelig rammer.<\/p>\n<ul>\n<li>\u00c9n st\u00f8rrelse: 11oz (0,33 l)<\/li>\n<li>ORCA-bel\u00e6gning<\/li>\n<li>Holdbart hvidt keramisk materiale med en glansfuld finish<\/li>\n<li>C-formet h\u00e5ndtag for nemt greb<\/li>\n<\/ul>\n<p>L\u00e6s mere om <a href=\"https:\/\/ukraineboost.com\/dk\/om-ukraineboost-aps\/\">UkraineBoost her<\/a><\/p>\n","protected":false},"excerpt":{"rendered":"<p>Tils\u00e6t lidt personlighed til en nylavet kop kaffe. Logoet er trykt med en glansfuld finish p\u00e5 den holdbare, hvide keramiske base ved hj\u00e6lp af f\u00f8rsteklasses ORCA-bel\u00e6gning.<span class=\"excerpt-hellip\"> [\u2026]<\/span><\/p>\n","protected":false},"featured_media":2855,"comment_status":"open","ping_status":"closed","template":"","meta":[],"product_cat":[145,191],"product_tag":[],"_links":{"self":[{"href":"https:\/\/ukraineboost.com\/dk\/wp-json\/wp\/v2\/product\/2851"}],"collection":[{"href":"https:\/\/ukraineboost.com\/dk\/wp-json\/wp\/v2\/product"}],"about":[{"href":"https:\/\/ukraineboost.com\/dk\/wp-json\/wp\/v2\/types\/product"}],"replies":[{"embeddable":true,"href":"https:\/\/ukraineboost.com\/dk\/wp-json\/wp\/v2\/comments?post=2851"}],"wp:featuredmedia":[{"embeddable":true,"href":"https:\/\/ukraineboost.com\/dk\/wp-json\/wp\/v2\/media\/2855"}],"wp:attachment":[{"href":"https:\/\/ukraineboost.com\/dk\/wp-json\/wp\/v2\/media?parent=2851"}],"wp:term":[{"taxonomy":"product_cat","embeddable":true,"href":"https:\/\/ukraineboost.com\/dk\/wp-json\/wp\/v2\/product_cat?post=2851"},{"taxonomy":"product_tag","embeddable":true,"href":"https:\/\/ukraineboost.com\/dk\/wp-json\/wp\/v2\/product_tag?post=2851"}],"curies":[{"name":"wp","href":"https:\/\/api.w.org\/{rel}","templated":true}]}}