{"id":27873,"date":"2023-10-03T10:06:55","date_gmt":"2023-10-03T10:06:55","guid":{"rendered":"https:\/\/ukraineboost.com\/dk\/product\/all-over-print-beanie\/"},"modified":"2024-04-04T09:27:42","modified_gmt":"2024-04-04T09:27:42","slug":"all-over-print-beanie","status":"publish","type":"product","link":"https:\/\/ukraineboost.com\/dk\/product\/all-over-print-beanie\/","title":{"rendered":"Beanie &#8211; Ukrainian Splash &#8211; sort baggrund"},"content":{"rendered":"<div class=\"flex flex-grow flex-col max-w-full gap-3 gizmo:gap-0\">\n<div class=\"min-h-[20px] flex flex-col items-start gap-3 whitespace-pre-wrap break-words overflow-x-auto\" data-message-author-role=\"assistant\" data-message-id=\"9e106987-7aeb-4ab3-81bc-49a6edee5949\">\n<div class=\"markdown prose w-full break-words dark:prose-invert light\">\n<p>Denne hue vil holde dig varm p\u00e5 k\u00f8lige dage og fungere som et stilfuldt tilbeh\u00f8r til dit outfit. Den er dobbeltlaget, bl\u00f8d og utrolig behagelig!<\/p>\n<ul>\n<li>95% polyester, 5% spandex (stof sammens\u00e6tning kan variere med op til 1%, afh\u00e6ngig af opfyldelsesstedet)<\/li>\n<li>Stofv\u00e6gt: 6,19 oz\/yd\u00b2 (210 g\/m\u00b2)<\/li>\n<li>Dobbeltlaget<\/li>\n<li>Almindelig pasform (bestil en st\u00f8rrelse st\u00f8rre for en afslappet pasform)<\/li>\n<li>Vask ved 86\u00b0F (30\u00b0C)<\/li>\n<\/ul>\n<p>Dette produkt er lavet specielt til dig, s\u00e5 snart du afgiver en ordre, derfor tager det os lidt l\u00e6ngere tid at levere det til dig. At lave produkter p\u00e5 foresp\u00f8rgsel i stedet for i store m\u00e6ngder hj\u00e6lper med at reducere overproduktion, s\u00e5 tak for at tr\u00e6ffe omtanke k\u00f8bsbeslutninger!<\/p>\n<h4>M\u00e5leskema<\/h4>\n<p>Vi opfordrer dig til v\u00e6re omhyggelig med at v\u00e6lge den rigtige st\u00f8rrelse, da vi gerne vil undg\u00e5 s\u00e5 mange returvarer som muligt. M\u00e5let er at st\u00f8tte Ukraine s\u00e5 derfor vil vi gerne holde alle omkostninger s\u00e5 lave som muligt. Vi vedl\u00e6gger m\u00e5lskemaer ved alle varer, da de kommer fra forskellige leverand\u00f8rer, s\u00e5 derfor kan st\u00f8rrelserne variere. Vi takker for din forst\u00e5else.<\/p>\n<h5>Produktm\u00e5linger<\/h5>\n<p><img decoding=\"async\" class=\"size-medium wp-image-31252 alignleft\" src=\"https:\/\/ukraineboost.com\/dk\/wp-content\/uploads\/sites\/12\/2023\/10\/00082-Beanie-300x300.png\" alt=\"\" width=\"300\" height=\"300\" srcset=\"https:\/\/ukraineboost.com\/dk\/wp-content\/uploads\/sites\/12\/2023\/10\/00082-Beanie-300x300.png 300w, https:\/\/ukraineboost.com\/dk\/wp-content\/uploads\/sites\/12\/2023\/10\/00082-Beanie-150x150.png 150w, https:\/\/ukraineboost.com\/dk\/wp-content\/uploads\/sites\/12\/2023\/10\/00082-Beanie-75x75.png 75w, https:\/\/ukraineboost.com\/dk\/wp-content\/uploads\/sites\/12\/2023\/10\/00082-Beanie-24x24.png 24w, https:\/\/ukraineboost.com\/dk\/wp-content\/uploads\/sites\/12\/2023\/10\/00082-Beanie-36x36.png 36w, https:\/\/ukraineboost.com\/dk\/wp-content\/uploads\/sites\/12\/2023\/10\/00082-Beanie-48x48.png 48w, https:\/\/ukraineboost.com\/dk\/wp-content\/uploads\/sites\/12\/2023\/10\/00082-Beanie-50x50.png 50w, https:\/\/ukraineboost.com\/dk\/wp-content\/uploads\/sites\/12\/2023\/10\/00082-Beanie-100x100.png 100w, https:\/\/ukraineboost.com\/dk\/wp-content\/uploads\/sites\/12\/2023\/10\/00082-Beanie.png 350w\" sizes=\"(max-width:767px) 300px, 300px\" \/><\/p>\n<table class=\"size-guide__table\">\n<thead>\n<tr>\n<td><\/td>\n<td>S<\/td>\n<td>M<\/td>\n<td>L<\/td>\n<\/tr>\n<\/thead>\n<tbody>\n<tr>\n<td class=\"size-guide__table-first-row\">A<\/td>\n<td>22.5<\/td>\n<td>23.5<\/td>\n<td>24.5<\/td>\n<\/tr>\n<tr>\n<td class=\"size-guide__table-first-row\">B<\/td>\n<td>26<\/td>\n<td>28<\/td>\n<td>30<\/td>\n<\/tr>\n<\/tbody>\n<\/table>\n<p>Denne st\u00f8rrelsesguide viser produktm\u00e5linger, der er taget, n\u00e5r produkterne ligger fladt. Faktiske produktm\u00e5linger kan variere med op til 1&#8243;, fordi de er h\u00e5ndlavede efter specialbestilling.<\/p>\n<p>Alle m\u00e5l er i centimeter<\/p>\n<p>Pro-tip! M\u00e5l et af dine produkter derhjemme og sammenlign med m\u00e5lene, du ser i denne vejledning.<\/p>\n<h4>Leveringstid<\/h4>\n<p>Da dette er et print on demand produkt kan leveringstiden variere. Typisk er leveringstiden en til to uger. Vi pr\u00f8ver altid at finde leverand\u00f8rer s\u00e5 geografisk t\u00e6t p\u00e5 som muligt for at minimere leveringstid og transportomkostninger.<\/p>\n<\/div>\n<\/div>\n<\/div>\n","protected":false},"excerpt":{"rendered":"<p>Denne hue vil holde dig varm p\u00e5 k\u00f8lige dage og fungere som et stilfuldt tilbeh\u00f8r til dit outfit. Den er dobbeltlaget, bl\u00f8d og utrolig behagelig! 95%<span class=\"excerpt-hellip\"> [\u2026]<\/span><\/p>\n","protected":false},"featured_media":27877,"comment_status":"open","ping_status":"closed","template":"","meta":[],"product_cat":[125,171],"product_tag":[],"_links":{"self":[{"href":"https:\/\/ukraineboost.com\/dk\/wp-json\/wp\/v2\/product\/27873"}],"collection":[{"href":"https:\/\/ukraineboost.com\/dk\/wp-json\/wp\/v2\/product"}],"about":[{"href":"https:\/\/ukraineboost.com\/dk\/wp-json\/wp\/v2\/types\/product"}],"replies":[{"embeddable":true,"href":"https:\/\/ukraineboost.com\/dk\/wp-json\/wp\/v2\/comments?post=27873"}],"wp:featuredmedia":[{"embeddable":true,"href":"https:\/\/ukraineboost.com\/dk\/wp-json\/wp\/v2\/media\/27877"}],"wp:attachment":[{"href":"https:\/\/ukraineboost.com\/dk\/wp-json\/wp\/v2\/media?parent=27873"}],"wp:term":[{"taxonomy":"product_cat","embeddable":true,"href":"https:\/\/ukraineboost.com\/dk\/wp-json\/wp\/v2\/product_cat?post=27873"},{"taxonomy":"product_tag","embeddable":true,"href":"https:\/\/ukraineboost.com\/dk\/wp-json\/wp\/v2\/product_tag?post=27873"}],"curies":[{"name":"wp","href":"https:\/\/api.w.org\/{rel}","templated":true}]}}