{"id":2780,"date":"2023-05-23T18:03:40","date_gmt":"2023-05-23T18:03:40","guid":{"rendered":"https:\/\/ukraineboost.com\/dk\/?post_type=product&#038;p=2780"},"modified":"2023-06-23T18:10:36","modified_gmt":"2023-06-23T18:10:36","slug":"unisex-softstyle-t-shirt-ukraineboost","status":"publish","type":"product","link":"https:\/\/ukraineboost.com\/dk\/product\/unisex-softstyle-t-shirt-ukraineboost\/","title":{"rendered":"Unisex Softstyle T-Shirt &#8211; UkraineBoost"},"content":{"rendered":"<div class=\"flex flex-grow flex-col gap-3\">\n<div class=\"min-h-[20px] flex flex-col items-start gap-4 whitespace-pre-wrap break-words\">\n<div class=\"markdown prose w-full break-words dark:prose-invert light\">\n<p>Den unisex soft-style T-shirt giver et nyt twist til afslappet komfort. Den er lavet af meget bl\u00f8de materialer og er 100% bomuld for ensfarvede t-shirts. Heather-farver og sportsgr\u00e5 inkluderer polyester. Skuldrene har twill-b\u00e5nd for forbedret holdbarhed. Der er ingen sides\u00f8mme. Kraven er lavet med ribstrikning for at forhindre kr\u00f8lleskader.<\/p>\n<ul>\n<li>100% ring-spundet bomuld (fiberindhold kan variere for forskellige farver)<\/li>\n<li>Let stof (4.5 oz\/yd\u00b2 (153 g\/m\u00b2))<\/li>\n<li>Eurofit (tilpasset pasform)<\/li>\n<li>Aftageligt m\u00e6rkat<\/li>\n<li>Holder pasformen<\/li>\n<\/ul>\n<h4>M\u00e5leskema<\/h4>\n<p>Vi opfordrer dig til v\u00e6re omhyggelig med at v\u00e6lge den rigtige st\u00f8rrelse, da vi gerne vil undg\u00e5 s\u00e5 mange returvarer som muligt. M\u00e5let er at st\u00f8tte Ukraine s\u00e5 derfor vil vi gerne holde alle omkostninger s\u00e5 lave som muligt. Vi vedl\u00e6gger m\u00e5lskemaer ved alle varer, da de kommer fra forskellige leverand\u00f8rer, s\u00e5 derfor kan st\u00f8rrelserne variere. Vi takker for din forst\u00e5else.<\/p>\n<\/div>\n<\/div>\n<\/div>\n<table id=\"size-guide\" style=\"min-width: 360px;\">\n<thead>\n<tr>\n<th style=\"padding: 10px;\"><\/th>\n<th style=\"color: #000000; font-weight: 500; text-align: left; font-size: 15px; padding: 10px;\">S<\/th>\n<th style=\"color: #000000; font-weight: 500; text-align: left; font-size: 15px; padding: 10px;\">M<\/th>\n<th style=\"color: #000000; font-weight: 500; text-align: left; font-size: 15px; padding: 10px;\">L<\/th>\n<th style=\"color: #000000; font-weight: 500; text-align: left; font-size: 15px; padding: 10px;\">XL<\/th>\n<th style=\"color: #000000; font-weight: 500; text-align: left; font-size: 15px; padding: 10px;\">2XL<\/th>\n<th style=\"color: #000000; font-weight: 500; text-align: left; font-size: 15px; padding: 10px;\">3XL<\/th>\n<\/tr>\n<\/thead>\n<tbody>\n<tr>\n<td style=\"padding: 10px; color: #525252; font-size: 15px; border-top: 1px solid #ededed;\">Bredde, cm<\/td>\n<td style=\"padding: 10px; color: #525252; font-size: 15px; border-top: 1px solid #ededed;\">45.70<\/td>\n<td style=\"padding: 10px; color: #525252; font-size: 15px; border-top: 1px solid #ededed;\">50.80<\/td>\n<td style=\"padding: 10px; color: #525252; font-size: 15px; border-top: 1px solid #ededed;\">55.80<\/td>\n<td style=\"padding: 10px; color: #525252; font-size: 15px; border-top: 1px solid #ededed;\">60.90<\/td>\n<td style=\"padding: 10px; color: #525252; font-size: 15px; border-top: 1px solid #ededed;\">66.00<\/td>\n<td style=\"padding: 10px; color: #525252; font-size: 15px; border-top: 1px solid #ededed;\">71.10<\/td>\n<\/tr>\n<tr>\n<td style=\"padding: 10px; color: #525252; font-size: 15px; border-top: 1px solid #ededed;\">L\u00e6ngde, cm<\/td>\n<td style=\"padding: 10px; color: #525252; font-size: 15px; border-top: 1px solid #ededed;\">71.10<\/td>\n<td style=\"padding: 10px; color: #525252; font-size: 15px; border-top: 1px solid #ededed;\">73.60<\/td>\n<td style=\"padding: 10px; color: #525252; font-size: 15px; border-top: 1px solid #ededed;\">76.20<\/td>\n<td style=\"padding: 10px; color: #525252; font-size: 15px; border-top: 1px solid #ededed;\">78.70<\/td>\n<td style=\"padding: 10px; color: #525252; font-size: 15px; border-top: 1px solid #ededed;\">81.20<\/td>\n<td style=\"padding: 10px; color: #525252; font-size: 15px; border-top: 1px solid #ededed;\">83.80<\/td>\n<\/tr>\n<tr>\n<td style=\"padding: 10px; color: #525252; font-size: 15px; border-top: 1px solid #ededed;\">\u00c6rmel\u00e6ngde, cm<\/td>\n<td style=\"padding: 10px; color: #525252; font-size: 15px; border-top: 1px solid #ededed;\">20.90<\/td>\n<td style=\"padding: 10px; color: #525252; font-size: 15px; border-top: 1px solid #ededed;\">21.60<\/td>\n<td style=\"padding: 10px; color: #525252; font-size: 15px; border-top: 1px solid #ededed;\">22.20<\/td>\n<td style=\"padding: 10px; color: #525252; font-size: 15px; border-top: 1px solid #ededed;\">22.90<\/td>\n<td style=\"padding: 10px; color: #525252; font-size: 15px; border-top: 1px solid #ededed;\">23.50<\/td>\n<td style=\"padding: 10px; color: #525252; font-size: 15px; border-top: 1px solid #ededed;\">24.10<\/td>\n<\/tr>\n<\/tbody>\n<\/table>\n<h4>Leveringstid<\/h4>\n<p>Da dette er et print on demand tid kan leveringstiden variere. Typisk er leveringstiden en til to uger. Vi pr\u00f8ver at finde en leverand\u00f8r s\u00e5 geografisk t\u00e6t p\u00e5 som muligt for at minimere leveringstid og transportomkostninger.<\/p>\n<h4>Egenskaber<\/h4>\n<p><img decoding=\"async\" class=\"alignleft wp-image-6254\" src=\"https:\/\/ukraineboost.com\/dk\/wp-content\/uploads\/sites\/12\/2023\/05\/icons_v4_outlined_33_with_side_seams.svg\" alt=\"\" width=\"50\" height=\"50\" \/><\/p>\n<p><strong>Med sidelinninger<\/strong><\/p>\n<p>Placeret langs siderne hj\u00e6lper de med at holde t\u00f8jet i form i l\u00e6ngere tid og giver det strukturel st\u00f8tte.<\/p>\n<p><a href=\"https:\/\/ukraineboost.com\/dk\/wp-content\/uploads\/sites\/12\/2023\/05\/icons_v4_outlined_39_collar_seam.svg\"><img decoding=\"async\" class=\"alignleft wp-image-6282\" src=\"https:\/\/ukraineboost.com\/dk\/wp-content\/uploads\/sites\/12\/2023\/05\/icons_v4_outlined_39_collar_seam.svg\" alt=\"\" width=\"50\" \/><\/a><strong>Rillet strikket krave med s\u00f8m<\/strong><\/p>\n<p>Den rillede strik g\u00f8r kraven meget elastisk og hj\u00e6lper med at bevare dens form.<\/p>\n<p><img decoding=\"async\" class=\"alignleft wp-image-6255\" src=\"https:\/\/ukraineboost.com\/dk\/wp-content\/uploads\/sites\/12\/2023\/05\/icons_v4_outlined_37_shoulder_tape.svg\" alt=\"\" width=\"50\" \/><\/p>\n<p><strong>Skulderb\u00e5nd<\/strong><\/p>\n<p>Twill-b\u00e5nd d\u00e6kker skulders\u00f8mmene for at stabilisere bagsiden af t\u00f8jet og forhindre str\u00e6kning.<\/p>\n<p><img decoding=\"async\" class=\"alignleft wp-image-6253\" src=\"https:\/\/ukraineboost.com\/dk\/wp-content\/uploads\/sites\/12\/2023\/05\/icons_v4_outlined_1_cotton.svg\" alt=\"\" width=\"50\" \/><\/p>\n<p><strong>Fiber sammens\u00e6tning<\/strong><\/p>\n<p>Ensfarvede farver er 100% bomuld, undtagen Ash &#8211; 99% bomuld og 1% polyester. Lyse farver og Solid Black Blend er 52% bomuld, 48% polyester (Athletic Heather og Black Heather er 90% bomuld, 10% polyester).<\/p>\n<p><a href=\"https:\/\/ukraineboost.com\/dk\/wp-content\/uploads\/sites\/12\/2023\/05\/icons_v4_outlined_21_cover.svg\"><img decoding=\"async\" class=\"alignleft wp-image-6826\" src=\"https:\/\/ukraineboost.com\/dk\/wp-content\/uploads\/sites\/12\/2023\/05\/icons_v4_outlined_21_cover.svg\" alt=\"\" width=\"50\" \/><\/a><strong>Stof<\/strong><\/p>\n<p>Lavet af specielt spundne fibre, der skaber et meget holdbart og glat stof, som er perfekt til trykning.<\/p>\n<h4>Vedligeholdelse<\/h4>\n<p><a href=\"https:\/\/ukraineboost.com\/dk\/wp-content\/uploads\/sites\/12\/2023\/05\/59e0f6fab8e7e3174f3196e8.svg\"><img decoding=\"async\" class=\"alignnone size-full wp-image-6827\" src=\"https:\/\/ukraineboost.com\/dk\/wp-content\/uploads\/sites\/12\/2023\/05\/59e0f6fab8e7e3174f3196e8.svg\" alt=\"\" \/><\/a><img decoding=\"async\" class=\"alignnone size-medium wp-image-6312\" src=\"https:\/\/ukraineboost.com\/dk\/wp-content\/uploads\/sites\/12\/2023\/05\/main_59e71038b8e7e3497d1b51f3.svg\" alt=\"\" width=\"1\" height=\"1\" \/><img decoding=\"async\" class=\"alignnone size-full wp-image-6309\" src=\"https:\/\/ukraineboost.com\/dk\/wp-content\/uploads\/sites\/12\/2023\/05\/main_59e0f7fbb8e7e36e4f604bef.svg\" alt=\"\" \/><img decoding=\"async\" class=\"alignnone size-full wp-image-6310\" src=\"https:\/\/ukraineboost.com\/dk\/wp-content\/uploads\/sites\/12\/2023\/05\/main_59e0f869b8e7e30aad47369c.svg\" alt=\"\" \/><img decoding=\"async\" class=\"alignnone size-full wp-image-6311\" src=\"https:\/\/ukraineboost.com\/dk\/wp-content\/uploads\/sites\/12\/2023\/05\/main_59e0f996b8e7e30aa75167b2.svg\" alt=\"\" \/><img decoding=\"async\" class=\"alignnone size-full wp-image-6312\" src=\"https:\/\/ukraineboost.com\/dk\/wp-content\/uploads\/sites\/12\/2023\/05\/main_59e71038b8e7e3497d1b51f3.svg\" alt=\"\" \/><\/p>\n<p>M\u00e5 ikke bleges; T\u00f8rretumbles ved lav varme; Stryges, dampes eller t\u00f8rres ved lav varme; M\u00e5 ikke renses kemisk; Maskinvaskes: varm (maks. 40C eller 105F).<\/p>\n","protected":false},"excerpt":{"rendered":"<p>Denne unisex soft-style T-shirt giver casual komfort en helt ny betydning..<\/p>\n","protected":false},"featured_media":2861,"comment_status":"open","ping_status":"closed","template":"","meta":[],"product_cat":[165,182,191],"product_tag":[],"_links":{"self":[{"href":"https:\/\/ukraineboost.com\/dk\/wp-json\/wp\/v2\/product\/2780"}],"collection":[{"href":"https:\/\/ukraineboost.com\/dk\/wp-json\/wp\/v2\/product"}],"about":[{"href":"https:\/\/ukraineboost.com\/dk\/wp-json\/wp\/v2\/types\/product"}],"replies":[{"embeddable":true,"href":"https:\/\/ukraineboost.com\/dk\/wp-json\/wp\/v2\/comments?post=2780"}],"wp:featuredmedia":[{"embeddable":true,"href":"https:\/\/ukraineboost.com\/dk\/wp-json\/wp\/v2\/media\/2861"}],"wp:attachment":[{"href":"https:\/\/ukraineboost.com\/dk\/wp-json\/wp\/v2\/media?parent=2780"}],"wp:term":[{"taxonomy":"product_cat","embeddable":true,"href":"https:\/\/ukraineboost.com\/dk\/wp-json\/wp\/v2\/product_cat?post=2780"},{"taxonomy":"product_tag","embeddable":true,"href":"https:\/\/ukraineboost.com\/dk\/wp-json\/wp\/v2\/product_tag?post=2780"}],"curies":[{"name":"wp","href":"https:\/\/api.w.org\/{rel}","templated":true}]}}