{"id":27429,"date":"2023-09-20T08:53:09","date_gmt":"2023-09-20T08:53:09","guid":{"rendered":"https:\/\/ukraineboost.com\/dk\/product\/neck-gaiter-8\/"},"modified":"2023-10-03T09:42:40","modified_gmt":"2023-10-03T09:42:40","slug":"neck-gaiter-8","status":"publish","type":"product","link":"https:\/\/ukraineboost.com\/dk\/product\/neck-gaiter-8\/","title":{"rendered":"Tubehalst\u00f8rkl\u00e6de &#8211; Ukrainian Splash &#8211; sand"},"content":{"rendered":"<p>Denne nakkegaiter er en alsidig accessory, der kan bruges som ansigtsd\u00e6kke, pandeb\u00e5nd, bandana, h\u00e5ndledsb\u00e5nd og halsvarmer. Opgrader din tilbeh\u00f8rsgarderobe og find en matchende ansigtsskjold til hver af dine outfits.<\/p>\n<ul>\n<li>95% polyester, 5% elastan (stoffets sammens\u00e6tning kan variere med 1%)<\/li>\n<li>Stofv\u00e6gt: 6,19 oz\/yd\u00b2 (210 g\/m\u00b2), v\u00e6gt kan variere med 5%<\/li>\n<li>\u00c5ndbart stof<\/li>\n<li>Firevejs str\u00e6kstof, der str\u00e6kker sig og genvinder p\u00e5 tv\u00e6rs og l\u00e6ngdegrader<\/li>\n<li>Kan vaskes og genbruges<\/li>\n<li>\u00c9n st\u00f8rrelse<\/li>\n<li>Trykt p\u00e5 den ene side, bagsiden er blank<\/li>\n<\/ul>\n<p>Dette produkt er lavet specielt til dig, s\u00e5 snart du afgiver en ordre, hvilket er grunden til, at det tager os lidt l\u00e6ngere tid at levere det til dig. At lave produkter p\u00e5 bestilling i stedet for i bulk hj\u00e6lper med at reducere overproduktion, s\u00e5 tak for at tr\u00e6ffe velovervejede k\u00f8bsbeslutninger!<\/p>\n<h4>Leveringstid<\/h4>\n<p>Da dette er et print on demand produkt kan leveringstiden variere. Typisk er leveringstiden en til to uger. Vi pr\u00f8ver altid at finde leverand\u00f8rer s\u00e5 geografisk t\u00e6t p\u00e5 som muligt for at minimere leveringstid og transportomkostninger.<\/p>\n","protected":false},"excerpt":{"rendered":"<p>Denne nakkegaiter er en alsidig accessory, der kan bruges som ansigtsd\u00e6kke, pandeb\u00e5nd, bandana, h\u00e5ndledsb\u00e5nd og halsvarmer. Opgrader din tilbeh\u00f8rsgarderobe og find en matchende ansigtsskjold til hver<span class=\"excerpt-hellip\"> [\u2026]<\/span><\/p>\n","protected":false},"featured_media":27430,"comment_status":"open","ping_status":"closed","template":"","meta":[],"product_cat":[124,171],"product_tag":[],"_links":{"self":[{"href":"https:\/\/ukraineboost.com\/dk\/wp-json\/wp\/v2\/product\/27429"}],"collection":[{"href":"https:\/\/ukraineboost.com\/dk\/wp-json\/wp\/v2\/product"}],"about":[{"href":"https:\/\/ukraineboost.com\/dk\/wp-json\/wp\/v2\/types\/product"}],"replies":[{"embeddable":true,"href":"https:\/\/ukraineboost.com\/dk\/wp-json\/wp\/v2\/comments?post=27429"}],"wp:featuredmedia":[{"embeddable":true,"href":"https:\/\/ukraineboost.com\/dk\/wp-json\/wp\/v2\/media\/27430"}],"wp:attachment":[{"href":"https:\/\/ukraineboost.com\/dk\/wp-json\/wp\/v2\/media?parent=27429"}],"wp:term":[{"taxonomy":"product_cat","embeddable":true,"href":"https:\/\/ukraineboost.com\/dk\/wp-json\/wp\/v2\/product_cat?post=27429"},{"taxonomy":"product_tag","embeddable":true,"href":"https:\/\/ukraineboost.com\/dk\/wp-json\/wp\/v2\/product_tag?post=27429"}],"curies":[{"name":"wp","href":"https:\/\/api.w.org\/{rel}","templated":true}]}}