{"id":26061,"date":"2023-09-16T16:15:36","date_gmt":"2023-09-16T16:15:36","guid":{"rendered":"https:\/\/ukraineboost.com\/dk\/product\/poster-2\/"},"modified":"2024-04-05T19:38:25","modified_gmt":"2024-04-05T19:38:25","slug":"poster-2","status":"publish","type":"product","link":"https:\/\/ukraineboost.com\/dk\/product\/poster-2\/","title":{"rendered":"Plakat &#8211; Solsikke med lille sol til venstre"},"content":{"rendered":"<div class=\"section the_content has_content\">\n<div class=\"section_wrapper\">\n<div class=\"the_content_wrapper \">\n<div class=\"flex flex-grow flex-col gap-3\">\n<div class=\"min-h-[20px] flex flex-col items-start gap-4 whitespace-pre-wrap break-words\">\n<div class=\"markdown prose w-full break-words dark:prose-invert light\">\n<p>Museumkvalitetsplakater fremstillet p\u00e5 tykt mat papir. Tilf\u00f8j et vidunderligt accent til dit v\u00e6relse og kontor med disse plakater, der helt sikkert vil lyse enhver omgivelse op.<\/p>\n<ul>\n<li>Papirtykkelse: 10,3 mil<\/li>\n<li>Papirv\u00e6gt: 189 g\/m\u00b2<\/li>\n<li>Opacitet: 94%<\/li>\n<li>ISO-lysstyrke: 104%<\/li>\n<li>Papiret kommer fra Japan<\/li>\n<\/ul>\n<p>Dette produkt bliver lavet specielt til dig, s\u00e5 snart du afgiver en bestilling, hvilket er grunden til, at det tager os lidt l\u00e6ngere tid at levere det til dig. Ved at producere produkter efter behov i stedet for i store m\u00e6ngder hj\u00e6lper vi med at reducere overproduktionen, s\u00e5 vi takker dig for at tr\u00e6ffe velovervejede k\u00f8bsbeslutninger!<\/p>\n<h4>Leveringstid<\/h4>\n<p>Da dette er et print on demand produkt kan leveringstiden variere. Typisk er leveringstiden en til to uger. Vi pr\u00f8ver altid at finde leverand\u00f8rer s\u00e5 geografisk t\u00e6t p\u00e5 som muligt for at minimere leveringstid og transportomkostninger.<\/p>\n<\/div>\n<\/div>\n<\/div>\n<\/div>\n<\/div>\n<\/div>\n","protected":false},"excerpt":{"rendered":"<p>Museumkvalitetsplakater fremstillet p\u00e5 tykt mat papir. Tilf\u00f8j et vidunderligt accent til dit v\u00e6relse og kontor med disse plakater, der helt sikkert vil lyse enhver omgivelse op.<span class=\"excerpt-hellip\"> [\u2026]<\/span><\/p>\n","protected":false},"featured_media":26076,"comment_status":"open","ping_status":"closed","template":"","meta":[],"product_cat":[149,171],"product_tag":[],"_links":{"self":[{"href":"https:\/\/ukraineboost.com\/dk\/wp-json\/wp\/v2\/product\/26061"}],"collection":[{"href":"https:\/\/ukraineboost.com\/dk\/wp-json\/wp\/v2\/product"}],"about":[{"href":"https:\/\/ukraineboost.com\/dk\/wp-json\/wp\/v2\/types\/product"}],"replies":[{"embeddable":true,"href":"https:\/\/ukraineboost.com\/dk\/wp-json\/wp\/v2\/comments?post=26061"}],"wp:featuredmedia":[{"embeddable":true,"href":"https:\/\/ukraineboost.com\/dk\/wp-json\/wp\/v2\/media\/26076"}],"wp:attachment":[{"href":"https:\/\/ukraineboost.com\/dk\/wp-json\/wp\/v2\/media?parent=26061"}],"wp:term":[{"taxonomy":"product_cat","embeddable":true,"href":"https:\/\/ukraineboost.com\/dk\/wp-json\/wp\/v2\/product_cat?post=26061"},{"taxonomy":"product_tag","embeddable":true,"href":"https:\/\/ukraineboost.com\/dk\/wp-json\/wp\/v2\/product_tag?post=26061"}],"curies":[{"name":"wp","href":"https:\/\/api.w.org\/{rel}","templated":true}]}}