{"id":2508,"date":"2023-05-17T11:05:43","date_gmt":"2023-05-17T11:05:43","guid":{"rendered":"https:\/\/ukraineboost.com\/dk\/?post_type=product&#038;p=2508"},"modified":"2023-06-13T17:25:57","modified_gmt":"2023-06-13T17:25:57","slug":"unisex-jersey-short-sleeve-tee-the-white-flag-is-not-my-flag","status":"publish","type":"product","link":"https:\/\/ukraineboost.com\/dk\/product\/unisex-jersey-short-sleeve-tee-the-white-flag-is-not-my-flag\/","title":{"rendered":"Unisex Jersey Short Sleeve Tee &#8211; The white flag is not my flag"},"content":{"rendered":"<div class=\"flex flex-grow flex-col gap-3\">\n<div class=\"min-h-[20px] flex flex-col items-start gap-4 whitespace-pre-wrap break-words\">\n<div class=\"markdown prose w-full break-words dark:prose-invert light\">\n<p>Denne klassiske kort\u00e6rmet unisex jersey\u00a0 tee er en elsket favorit blandt alle generationer. Bl\u00f8dt bomuld og kvalitetsprint f\u00e5r brugerne til at blive forelsket i den igen og igen. Disse t-shirts har ribstrikkede kraver, der styrker formen. Skuldrene har b\u00e5nd for bedre pasform over tid. Dobbeltsidede s\u00f8mme holder t\u00f8jet i form i l\u00e6ngere tid.<\/p>\n<ul>\n<li>100% Airlume k\u00e6mmet og ring-spundet bomuld (fiberindhold kan variere for forskellige farver)<\/li>\n<li>Let stof (4,2 oz\/yd\u00b2 (142 g\/m\u00b2)) .<\/li>\n<li>Detailpasform<\/li>\n<li>Aftageligt m\u00e6rkat .<\/li>\n<li>Holder pasformen<\/li>\n<\/ul>\n<\/div>\n<\/div>\n<\/div>\n<h4>M\u00e5leskema<\/h4>\n<p>Vi opfordrer dig til v\u00e6re omhyggelig med at v\u00e6lge den rigtige st\u00f8rrelse, da vi gerne vil undg\u00e5 s\u00e5 mange returvarer som muligt. M\u00e5let er at st\u00f8tte Ukraine s\u00e5 derfor vil vi gerne holde alle omkostninger s\u00e5 lave som muligt. Vi vedl\u00e6gger m\u00e5lskemaer ved alle varer, da de kommer fra forskellige leverand\u00f8rer, s\u00e5 derfor kan st\u00f8rrelserne variere. Vi takker for din forst\u00e5else.<\/p>\n<table id=\"size-guide\">\n<tbody>\n<tr>\n<th><\/th>\n<th>XS<\/th>\n<th>S<\/th>\n<th>M<\/th>\n<th>L<\/th>\n<th>XL<\/th>\n<th>2XL<\/th>\n<\/tr>\n<tr>\n<td>Bredde, cm<\/td>\n<td>41.90<\/td>\n<td>45.70<\/td>\n<td>50.80<\/td>\n<td>55.90<\/td>\n<td>61.00<\/td>\n<td>66.00<\/td>\n<\/tr>\n<tr>\n<td>L\u00e6ngde, cm<\/td>\n<td>68.60<\/td>\n<td>71.10<\/td>\n<td>73.70<\/td>\n<td>76.20<\/td>\n<td>78.80<\/td>\n<td>81.30<\/td>\n<\/tr>\n<tr>\n<td>\u00c6rmel\u00e6ngde, cm<\/td>\n<td>21.90<\/td>\n<td>22.60<\/td>\n<td>23.30<\/td>\n<td>24.00<\/td>\n<td>24.70<\/td>\n<td>25.40<\/td>\n<\/tr>\n<\/tbody>\n<\/table>\n<h4>Leveringstid<\/h4>\n<p>Da dette er et print on demand tid kan leveringstiden variere. Typisk er leveringstiden en til to uger. Vi pr\u00f8ver at finde en leverand\u00f8r s\u00e5 geografisk t\u00e6t p\u00e5 som muligt for at minimere leveringstid og transportomkostninger.<\/p>\n<h4>Egenskaber<\/h4>\n<p><img decoding=\"async\" class=\"alignleft wp-image-6254\" src=\"https:\/\/ukraineboost.com\/dk\/wp-content\/uploads\/sites\/12\/2023\/05\/icons_v4_outlined_33_with_side_seams.svg\" alt=\"\" width=\"50\" height=\"50\" \/><\/p>\n<p><strong>Med sidelinninger<\/strong><\/p>\n<p>Placeret langs siderne hj\u00e6lper de med at holde t\u00f8jet i form i l\u00e6ngere tid og giver det strukturel st\u00f8tte.<\/p>\n<p><a href=\"https:\/\/ukraineboost.com\/dk\/wp-content\/uploads\/sites\/12\/2023\/05\/icons_v4_outlined_39_collar_seam.svg\"><img decoding=\"async\" class=\"alignleft wp-image-6282\" src=\"https:\/\/ukraineboost.com\/dk\/wp-content\/uploads\/sites\/12\/2023\/05\/icons_v4_outlined_39_collar_seam.svg\" alt=\"\" width=\"50\" \/><\/a><strong>Rillet strikket krave med s\u00f8m<\/strong><\/p>\n<p>Den rillede strik g\u00f8r kraven meget elastisk og hj\u00e6lper med at bevare dens form.<\/p>\n<p><img decoding=\"async\" class=\"alignleft wp-image-6255\" src=\"https:\/\/ukraineboost.com\/dk\/wp-content\/uploads\/sites\/12\/2023\/05\/icons_v4_outlined_37_shoulder_tape.svg\" alt=\"\" width=\"50\" \/><\/p>\n<p><strong>Skulderb\u00e5nd<\/strong><\/p>\n<p>Twill-b\u00e5nd d\u00e6kker skulders\u00f8mmene for at stabilisere bagsiden af t\u00f8jet og forhindre str\u00e6kning.<\/p>\n<p><img decoding=\"async\" class=\"alignleft wp-image-6253\" src=\"https:\/\/ukraineboost.com\/dk\/wp-content\/uploads\/sites\/12\/2023\/05\/icons_v4_outlined_1_cotton.svg\" alt=\"\" width=\"50\" \/><\/p>\n<p><strong>Fiber sammens\u00e6tning<\/strong><\/p>\n<p>Ensfarvede farver er 100% bomuld, undtagen Ash &#8211; 99% bomuld og 1% polyester. Lyse farver og Solid Black Blend er 52% bomuld, 48% polyester (Athletic Heather og Black Heather er 90% bomuld, 10% polyester).<\/p>\n<h4>Vedligeholdelse<\/h4>\n<p><a href=\"https:\/\/ukraineboost.com\/dk\/wp-content\/uploads\/sites\/12\/2023\/05\/main_59e0f7bdb8e7e31747148874.svg\"><img decoding=\"async\" class=\"alignnone size-full wp-image-6308\" src=\"https:\/\/ukraineboost.com\/dk\/wp-content\/uploads\/sites\/12\/2023\/05\/main_59e0f7bdb8e7e31747148874.svg\" alt=\"\" \/><\/a><img decoding=\"async\" class=\"alignnone size-medium wp-image-6312\" src=\"https:\/\/ukraineboost.com\/dk\/wp-content\/uploads\/sites\/12\/2023\/05\/main_59e71038b8e7e3497d1b51f3.svg\" alt=\"\" width=\"1\" height=\"1\" \/><img decoding=\"async\" class=\"alignnone size-full wp-image-6309\" src=\"https:\/\/ukraineboost.com\/dk\/wp-content\/uploads\/sites\/12\/2023\/05\/main_59e0f7fbb8e7e36e4f604bef.svg\" alt=\"\" \/><img decoding=\"async\" class=\"alignnone size-full wp-image-6310\" src=\"https:\/\/ukraineboost.com\/dk\/wp-content\/uploads\/sites\/12\/2023\/05\/main_59e0f869b8e7e30aad47369c.svg\" alt=\"\" \/><img decoding=\"async\" class=\"alignnone size-full wp-image-6311\" src=\"https:\/\/ukraineboost.com\/dk\/wp-content\/uploads\/sites\/12\/2023\/05\/main_59e0f996b8e7e30aa75167b2.svg\" alt=\"\" \/><img decoding=\"async\" class=\"alignnone size-full wp-image-6312\" src=\"https:\/\/ukraineboost.com\/dk\/wp-content\/uploads\/sites\/12\/2023\/05\/main_59e71038b8e7e3497d1b51f3.svg\" alt=\"\" \/><\/p>\n<p>klorfrit blegemiddel efter behov; T\u00f8rretumbling: lav varme; Strygning, damp eller t\u00f8r: medium varme; M\u00e5 ikke renses; Maskinvask: kold (maks. 30C eller 90F).<\/p>\n","protected":false},"excerpt":{"rendered":"<p>Denne klassiske kort\u00e6rmet unisex jersey\u00a0 tee er en elsket favorit blandt alle generationer. Bl\u00f8dt bomuld og kvalitetsprint f\u00e5r brugerne til at blive forelsket i den igen<span class=\"excerpt-hellip\"> [\u2026]<\/span><\/p>\n","protected":false},"featured_media":2587,"comment_status":"open","ping_status":"closed","template":"","meta":[],"product_cat":[165,182,193],"product_tag":[],"_links":{"self":[{"href":"https:\/\/ukraineboost.com\/dk\/wp-json\/wp\/v2\/product\/2508"}],"collection":[{"href":"https:\/\/ukraineboost.com\/dk\/wp-json\/wp\/v2\/product"}],"about":[{"href":"https:\/\/ukraineboost.com\/dk\/wp-json\/wp\/v2\/types\/product"}],"replies":[{"embeddable":true,"href":"https:\/\/ukraineboost.com\/dk\/wp-json\/wp\/v2\/comments?post=2508"}],"wp:featuredmedia":[{"embeddable":true,"href":"https:\/\/ukraineboost.com\/dk\/wp-json\/wp\/v2\/media\/2587"}],"wp:attachment":[{"href":"https:\/\/ukraineboost.com\/dk\/wp-json\/wp\/v2\/media?parent=2508"}],"wp:term":[{"taxonomy":"product_cat","embeddable":true,"href":"https:\/\/ukraineboost.com\/dk\/wp-json\/wp\/v2\/product_cat?post=2508"},{"taxonomy":"product_tag","embeddable":true,"href":"https:\/\/ukraineboost.com\/dk\/wp-json\/wp\/v2\/product_tag?post=2508"}],"curies":[{"name":"wp","href":"https:\/\/api.w.org\/{rel}","templated":true}]}}