{"id":25055,"date":"2023-09-15T18:40:03","date_gmt":"2023-09-15T18:40:03","guid":{"rendered":"https:\/\/ukraineboost.com\/dk\/product\/wine-tumbler-2\/"},"modified":"2023-09-30T12:36:16","modified_gmt":"2023-09-30T12:36:16","slug":"wine-tumbler-2","status":"publish","type":"product","link":"https:\/\/ukraineboost.com\/dk\/product\/wine-tumbler-2\/","title":{"rendered":"Vintumbler &#8211; Ukrainian Splash &#8211; hvid baggrund"},"content":{"rendered":"<p>Hvad er en udend\u00f8rs fest uden en vintumbler til at holde en drik frisk og ved den rette temperatur? Glem de skr\u00f8belige glas &#8211; giv denne unikt formede vintumbler en chance og hav det sjovt med venner uden bekymringer.<\/p>\n<ul>\n<li>12 oz (355 ml)<\/li>\n<li>Tumbler st\u00f8rrelse: 4.7\u2033 \u00d7 3.5\u2033 (12 cm \u00d7 9 cm)<\/li>\n<li>Rustfrit st\u00e5l af h\u00f8j kvalitet<\/li>\n<li>Dobbeltv\u00e6gget vakuumforsegling<\/li>\n<li>Buet, unik form<\/li>\n<\/ul>\n<p>Dette produkt er lavet specielt til dig, s\u00e5 snart du afgiver en ordre, hvilket er grunden til, at det tager lidt l\u00e6ngere tid at levere det til dig. At lave produkter p\u00e5 bestilling i stedet for i bulk hj\u00e6lper med at reducere overproduktion, s\u00e5 tak for at tr\u00e6ffe velovervejede k\u00f8bsbeslutninger!<\/p>\n<h4>M\u00e5leskema<\/h4>\n<p><img decoding=\"async\" class=\"size-medium wp-image-27814 alignleft\" src=\"https:\/\/ukraineboost.com\/dk\/wp-content\/uploads\/sites\/12\/2023\/09\/00073-Wine-Tumbler-300x300.png\" alt=\"\" width=\"300\" height=\"300\" srcset=\"https:\/\/ukraineboost.com\/dk\/wp-content\/uploads\/sites\/12\/2023\/09\/00073-Wine-Tumbler-300x300.png 300w, https:\/\/ukraineboost.com\/dk\/wp-content\/uploads\/sites\/12\/2023\/09\/00073-Wine-Tumbler-150x150.png 150w, https:\/\/ukraineboost.com\/dk\/wp-content\/uploads\/sites\/12\/2023\/09\/00073-Wine-Tumbler-75x75.png 75w, https:\/\/ukraineboost.com\/dk\/wp-content\/uploads\/sites\/12\/2023\/09\/00073-Wine-Tumbler-24x24.png 24w, https:\/\/ukraineboost.com\/dk\/wp-content\/uploads\/sites\/12\/2023\/09\/00073-Wine-Tumbler-36x36.png 36w, https:\/\/ukraineboost.com\/dk\/wp-content\/uploads\/sites\/12\/2023\/09\/00073-Wine-Tumbler-48x48.png 48w, https:\/\/ukraineboost.com\/dk\/wp-content\/uploads\/sites\/12\/2023\/09\/00073-Wine-Tumbler-50x50.png 50w, https:\/\/ukraineboost.com\/dk\/wp-content\/uploads\/sites\/12\/2023\/09\/00073-Wine-Tumbler-100x100.png 100w, https:\/\/ukraineboost.com\/dk\/wp-content\/uploads\/sites\/12\/2023\/09\/00073-Wine-Tumbler.png 350w\" sizes=\"(max-width:767px) 300px, 300px\" \/><\/p>\n<table class=\"size-guide__table\">\n<thead>\n<tr>\n<td>12 oz<\/td>\n<\/tr>\n<\/thead>\n<tbody>\n<tr>\n<td class=\"size-guide__table-first-row\">A<\/td>\n<td>9<\/td>\n<\/tr>\n<tr>\n<td class=\"size-guide__table-first-row\">B<\/td>\n<td>8<\/td>\n<\/tr>\n<tr>\n<td class=\"size-guide__table-first-row\">C<\/td>\n<td>11.5<\/td>\n<\/tr>\n<tr>\n<td class=\"size-guide__table-first-row\">D<\/td>\n<td>12<\/td>\n<\/tr>\n<tr>\n<td class=\"size-guide__table-first-row\">E<\/td>\n<td>8.2<\/td>\n<\/tr>\n<\/tbody>\n<\/table>\n<p>Alle m\u00e5l er i centimeter<\/p>\n<h4>Leveringstid<\/h4>\n<p>Da dette er et print on demand produkt kan leveringstiden variere. Typisk er leveringstiden en til to uger. Vi pr\u00f8ver altid at finde leverand\u00f8rer s\u00e5 geografisk t\u00e6t p\u00e5 som muligt for at minimere leveringstid og transportomkostninger.<\/p>\n","protected":false},"excerpt":{"rendered":"<p>Hvad er en udend\u00f8rs fest uden en vintumbler til at holde en drik frisk og ved den rette temperatur? Glem de skr\u00f8belige glas &#8211; giv denne<span class=\"excerpt-hellip\"> [\u2026]<\/span><\/p>\n","protected":false},"featured_media":25056,"comment_status":"open","ping_status":"closed","template":"","meta":[],"product_cat":[139,171],"product_tag":[],"_links":{"self":[{"href":"https:\/\/ukraineboost.com\/dk\/wp-json\/wp\/v2\/product\/25055"}],"collection":[{"href":"https:\/\/ukraineboost.com\/dk\/wp-json\/wp\/v2\/product"}],"about":[{"href":"https:\/\/ukraineboost.com\/dk\/wp-json\/wp\/v2\/types\/product"}],"replies":[{"embeddable":true,"href":"https:\/\/ukraineboost.com\/dk\/wp-json\/wp\/v2\/comments?post=25055"}],"wp:featuredmedia":[{"embeddable":true,"href":"https:\/\/ukraineboost.com\/dk\/wp-json\/wp\/v2\/media\/25056"}],"wp:attachment":[{"href":"https:\/\/ukraineboost.com\/dk\/wp-json\/wp\/v2\/media?parent=25055"}],"wp:term":[{"taxonomy":"product_cat","embeddable":true,"href":"https:\/\/ukraineboost.com\/dk\/wp-json\/wp\/v2\/product_cat?post=25055"},{"taxonomy":"product_tag","embeddable":true,"href":"https:\/\/ukraineboost.com\/dk\/wp-json\/wp\/v2\/product_tag?post=25055"}],"curies":[{"name":"wp","href":"https:\/\/api.w.org\/{rel}","templated":true}]}}