{"id":22778,"date":"2023-09-13T10:11:28","date_gmt":"2023-09-13T10:11:28","guid":{"rendered":"https:\/\/ukraineboost.com\/dk\/product\/unisex-hoodie-6\/"},"modified":"2023-09-29T07:27:23","modified_gmt":"2023-09-29T07:27:23","slug":"unisex-hoodie-6","status":"publish","type":"product","link":"https:\/\/ukraineboost.com\/dk\/product\/unisex-hoodie-6\/","title":{"rendered":"Milj\u00f8venlig hoodie &#8211; Ukrainian Splash &#8211; pink"},"content":{"rendered":"<p>Denne komfortable unisex-h\u00e6ttetr\u00f8je har en bl\u00f8d yderside med et livligt tryk og en endnu bl\u00f8dere b\u00f8rstet fleece indvendigt. H\u00e6ttetr\u00f8jen har en afslappet pasform og er perfekt til at sv\u00f8be dig i p\u00e5 en k\u00f8lig aften.<\/p>\n<ul>\n<li>95% genanvendt polyester, 5% spandex<\/li>\n<li>Stofv\u00e6gt (kan variere med op til 5%): 9.08 oz.\/yd.\u00b2 (308 g\/m\u00b2)<\/li>\n<li>Bl\u00f8d bomuldsf\u00f8lelse p\u00e5 ydersiden<\/li>\n<li>B\u00f8rstet fleece indvendigt<\/li>\n<li>Dobbelt foret h\u00e6tte med design p\u00e5 begge sider<\/li>\n<li>Unisex stil<\/li>\n<li>Leveres med snoretr\u00e6k<\/li>\n<li>Overlock-s\u00f8mme<\/li>\n<\/ul>\n<p>Dette produkt er fremstillet specielt til dig, s\u00e5 snart du afgiver en ordre, hvilket er grunden til, at det tager os lidt l\u00e6ngere tid at levere det til dig. At lave produkter p\u00e5 bestilling i stedet for i bulk hj\u00e6lper med at reducere overproduktion, s\u00e5 tak for at tr\u00e6ffe velovervejede k\u00f8bsbeslutninger!<\/p>\n<h4>M\u00e5leskema<\/h4>\n<p>Vi opfordrer dig til v\u00e6re omhyggelig med at v\u00e6lge den rigtige st\u00f8rrelse, da vi gerne vil undg\u00e5 s\u00e5 mange returvarer som muligt. M\u00e5let er at st\u00f8tte Ukraine s\u00e5 derfor vil vi gerne holde alle omkostninger s\u00e5 lave som muligt. Vi vedl\u00e6gger m\u00e5lskemaer ved alle varer, da de kommer fra forskellige leverand\u00f8rer, s\u00e5 derfor kan st\u00f8rrelserne variere. Vi takker for din forst\u00e5else.<\/p>\n<h5>Produktm\u00e5linger<\/h5>\n<p><img decoding=\"async\" class=\"size-medium wp-image-27810 alignleft\" src=\"https:\/\/ukraineboost.com\/dk\/wp-content\/uploads\/sites\/12\/2023\/09\/00072-All-Over-Print-Recycled-Unisex-Hoodie-300x300.png\" alt=\"\" width=\"300\" height=\"300\" srcset=\"https:\/\/ukraineboost.com\/dk\/wp-content\/uploads\/sites\/12\/2023\/09\/00072-All-Over-Print-Recycled-Unisex-Hoodie-300x300.png 300w, https:\/\/ukraineboost.com\/dk\/wp-content\/uploads\/sites\/12\/2023\/09\/00072-All-Over-Print-Recycled-Unisex-Hoodie-150x150.png 150w, https:\/\/ukraineboost.com\/dk\/wp-content\/uploads\/sites\/12\/2023\/09\/00072-All-Over-Print-Recycled-Unisex-Hoodie-75x75.png 75w, https:\/\/ukraineboost.com\/dk\/wp-content\/uploads\/sites\/12\/2023\/09\/00072-All-Over-Print-Recycled-Unisex-Hoodie-24x24.png 24w, https:\/\/ukraineboost.com\/dk\/wp-content\/uploads\/sites\/12\/2023\/09\/00072-All-Over-Print-Recycled-Unisex-Hoodie-36x36.png 36w, https:\/\/ukraineboost.com\/dk\/wp-content\/uploads\/sites\/12\/2023\/09\/00072-All-Over-Print-Recycled-Unisex-Hoodie-48x48.png 48w, https:\/\/ukraineboost.com\/dk\/wp-content\/uploads\/sites\/12\/2023\/09\/00072-All-Over-Print-Recycled-Unisex-Hoodie-50x50.png 50w, https:\/\/ukraineboost.com\/dk\/wp-content\/uploads\/sites\/12\/2023\/09\/00072-All-Over-Print-Recycled-Unisex-Hoodie-100x100.png 100w, https:\/\/ukraineboost.com\/dk\/wp-content\/uploads\/sites\/12\/2023\/09\/00072-All-Over-Print-Recycled-Unisex-Hoodie.png 344w\" sizes=\"(max-width:767px) 300px, 300px\" \/>Denne st\u00f8rrelsesguide viser produktm\u00e5linger taget, n\u00e5r produkterne ligger fladt. Faktiske produktm\u00e5linger kan variere med op til 1&#8243; (2,54 cm), da de er h\u00e5ndlavet p\u00e5 bestilling. produktm\u00e5linger A 1\/2 brystbredde B l\u00e6ngde C \u00e6rmel\u00e6ngde<\/p>\n<table class=\"size-guide__table size-guide__new\">\n<thead>\n<tr>\n<td>St\u00f8rrelse<\/td>\n<td>A<\/td>\n<td>B<\/td>\n<td>C<\/td>\n<\/tr>\n<\/thead>\n<tbody>\n<tr>\n<td>XS<\/td>\n<td>50<\/td>\n<td>66.5<\/td>\n<td>56.5<\/td>\n<\/tr>\n<tr>\n<td>S<\/td>\n<td>52<\/td>\n<td>68<\/td>\n<td>57.5<\/td>\n<\/tr>\n<tr>\n<td>M<\/td>\n<td>54<\/td>\n<td>69.5<\/td>\n<td>58.5<\/td>\n<\/tr>\n<tr>\n<td>L<\/td>\n<td>58<\/td>\n<td>71<\/td>\n<td>60<\/td>\n<\/tr>\n<tr>\n<td>XL<\/td>\n<td>62<\/td>\n<td>72.5<\/td>\n<td>61.5<\/td>\n<\/tr>\n<tr>\n<td>2XL<\/td>\n<td>66<\/td>\n<td>74<\/td>\n<td>63<\/td>\n<\/tr>\n<tr>\n<td>3XL<\/td>\n<td>70<\/td>\n<td>75.5<\/td>\n<td>64.5<\/td>\n<\/tr>\n<\/tbody>\n<\/table>\n<p>Alle m\u00e5l er i centimeter<\/p>\n<h5>Guide til kropsm\u00e5ling<\/h5>\n<p><img decoding=\"async\" class=\"size-medium wp-image-27811 alignleft\" src=\"https:\/\/ukraineboost.com\/dk\/wp-content\/uploads\/sites\/12\/2023\/09\/00072-All-Over-Print-Recycled-Unisex-Hoodie-body-168x300.png\" alt=\"\" width=\"168\" height=\"300\" srcset=\"https:\/\/ukraineboost.com\/dk\/wp-content\/uploads\/sites\/12\/2023\/09\/00072-All-Over-Print-Recycled-Unisex-Hoodie-body-168x300.png 168w, https:\/\/ukraineboost.com\/dk\/wp-content\/uploads\/sites\/12\/2023\/09\/00072-All-Over-Print-Recycled-Unisex-Hoodie-body-42x75.png 42w, https:\/\/ukraineboost.com\/dk\/wp-content\/uploads\/sites\/12\/2023\/09\/00072-All-Over-Print-Recycled-Unisex-Hoodie-body-13x24.png 13w, https:\/\/ukraineboost.com\/dk\/wp-content\/uploads\/sites\/12\/2023\/09\/00072-All-Over-Print-Recycled-Unisex-Hoodie-body-20x36.png 20w, https:\/\/ukraineboost.com\/dk\/wp-content\/uploads\/sites\/12\/2023\/09\/00072-All-Over-Print-Recycled-Unisex-Hoodie-body-27x48.png 27w, https:\/\/ukraineboost.com\/dk\/wp-content\/uploads\/sites\/12\/2023\/09\/00072-All-Over-Print-Recycled-Unisex-Hoodie-body.png 185w\" sizes=\"(max-width:767px) 168px, 168px\" \/>Denne st\u00f8rrelsesguide viser kropsm\u00e5linger. Vi foresl\u00e5r at bestille en st\u00f8rrelse op, n\u00e5r dine m\u00e5linger er mellem st\u00f8rrelser. m\u00e5l-dig-selv For alle horisontale m\u00e5linger, skal du s\u00f8rge for, at m\u00e5leb\u00e5ndet holdes vandret. A Bryst Plac\u00e9r den ene ende af m\u00e5leb\u00e5ndet p\u00e5 det bredeste punkt p\u00e5 brystet og f\u00f8r m\u00e5leb\u00e5ndet rundt om ryggen (under armhulerne, over skulderbladene) tilbage til, hvor du startede. B Talje Plac\u00e9r m\u00e5leb\u00e5ndet p\u00e5 den smalleste del af taljen og m\u00e5l rundt. C Hofter S\u00e6t begyndelsen af m\u00e5leb\u00e5ndet p\u00e5 det ene hofte og f\u00f8r m\u00e5leb\u00e5ndet over det bredeste punkt p\u00e5 hofterne tilbage til, hvor du startede med at m\u00e5le.<\/p>\n<table class=\"size-guide__table size-guide__new\">\n<thead>\n<tr>\n<td>St\u00f8rrelse<\/td>\n<td>Bryst<\/td>\n<td>Talje<\/td>\n<td>Hofter<\/td>\n<\/tr>\n<\/thead>\n<tbody>\n<tr>\n<td>XS<\/td>\n<td>88<\/td>\n<td>68<\/td>\n<td>94<\/td>\n<\/tr>\n<tr>\n<td>S<\/td>\n<td>92<\/td>\n<td>72<\/td>\n<td>98<\/td>\n<\/tr>\n<tr>\n<td>M<\/td>\n<td>96<\/td>\n<td>76<\/td>\n<td>102<\/td>\n<\/tr>\n<tr>\n<td>L<\/td>\n<td>104<\/td>\n<td>84<\/td>\n<td>110<\/td>\n<\/tr>\n<tr>\n<td>XL<\/td>\n<td>112<\/td>\n<td>92<\/td>\n<td>118<\/td>\n<\/tr>\n<tr>\n<td>2XL<\/td>\n<td>120<\/td>\n<td>100<\/td>\n<td>126<\/td>\n<\/tr>\n<tr>\n<td>3XL<\/td>\n<td>128<\/td>\n<td>108<\/td>\n<td>134<\/td>\n<\/tr>\n<\/tbody>\n<\/table>\n<p>Alle m\u00e5l er i centimeter Pro-tip! M\u00e5l et af dine produkter derhjemme og sammenlign med m\u00e5lene, du ser i denne vejledning.<\/p>\n<h4>Leveringstid<\/h4>\n<p>Da dette er et print on demand produkt kan leveringstiden variere. Typisk er leveringstiden en til to uger. Vi pr\u00f8ver altid at finde leverand\u00f8rer s\u00e5 geografisk t\u00e6t p\u00e5 som muligt for at minimere leveringstid og transportomkostninger.<\/p>\n","protected":false},"excerpt":{"rendered":"<p>Denne komfortable unisex-h\u00e6ttetr\u00f8je har en bl\u00f8d yderside med et livligt tryk og en endnu bl\u00f8dere b\u00f8rstet fleece indvendigt. H\u00e6ttetr\u00f8jen har en afslappet pasform og er perfekt<span class=\"excerpt-hellip\"> [\u2026]<\/span><\/p>\n","protected":false},"featured_media":22786,"comment_status":"open","ping_status":"closed","template":"","meta":[],"product_cat":[163,174,171],"product_tag":[],"_links":{"self":[{"href":"https:\/\/ukraineboost.com\/dk\/wp-json\/wp\/v2\/product\/22778"}],"collection":[{"href":"https:\/\/ukraineboost.com\/dk\/wp-json\/wp\/v2\/product"}],"about":[{"href":"https:\/\/ukraineboost.com\/dk\/wp-json\/wp\/v2\/types\/product"}],"replies":[{"embeddable":true,"href":"https:\/\/ukraineboost.com\/dk\/wp-json\/wp\/v2\/comments?post=22778"}],"wp:featuredmedia":[{"embeddable":true,"href":"https:\/\/ukraineboost.com\/dk\/wp-json\/wp\/v2\/media\/22786"}],"wp:attachment":[{"href":"https:\/\/ukraineboost.com\/dk\/wp-json\/wp\/v2\/media?parent=22778"}],"wp:term":[{"taxonomy":"product_cat","embeddable":true,"href":"https:\/\/ukraineboost.com\/dk\/wp-json\/wp\/v2\/product_cat?post=22778"},{"taxonomy":"product_tag","embeddable":true,"href":"https:\/\/ukraineboost.com\/dk\/wp-json\/wp\/v2\/product_tag?post=22778"}],"curies":[{"name":"wp","href":"https:\/\/api.w.org\/{rel}","templated":true}]}}