{"id":22614,"date":"2023-09-13T08:29:49","date_gmt":"2023-09-13T08:29:49","guid":{"rendered":"https:\/\/ukraineboost.com\/dk\/product\/sublimation-cut-sew-dress-24\/"},"modified":"2024-04-02T11:58:19","modified_gmt":"2024-04-02T11:58:19","slug":"sublimation-cut-sew-dress-24","status":"publish","type":"product","link":"https:\/\/ukraineboost.com\/dk\/product\/sublimation-cut-sew-dress-24\/","title":{"rendered":"\u00c6rmel\u00f8s kjole &#8211; Ukrainian Splash &#8211; r\u00f8d"},"content":{"rendered":"<p>Udtryk dig selv og se fantastisk ud i denne overalt trykte, t\u00e6tsiddende kjole.<\/p>\n<ul>\n<li>82% polyester, 18% spandex<\/li>\n<li>Stofv\u00e6gt: 6.78 oz\/yd\u00b2 (230 g\/m\u00b2), v\u00e6gten kan variere med op til 5%<\/li>\n<li>Lavet med glat, behageligt mikrofiber garn<\/li>\n<li>Materialet str\u00e6kker sig i fire retninger<\/li>\n<\/ul>\n<p>Dette produkt er lavet specielt til dig, s\u00e5 snart du placerer en ordre, hvilket er grunden til, at det tager os lidt l\u00e6ngere tid at levere det til dig. At producere varer p\u00e5 bestilling i stedet for i bulk hj\u00e6lper med at reducere overproduktion, s\u00e5 tak fordi du tr\u00e6ffer velovervejede k\u00f8bsbeslutninger!<\/p>\n<h4>M\u00e5leskema<\/h4>\n<p>Vi opfordrer dig til v\u00e6re omhyggelig med at v\u00e6lge den rigtige st\u00f8rrelse, da vi gerne vil undg\u00e5 s\u00e5 mange returvarer som muligt. M\u00e5let er at st\u00f8tte Ukraine s\u00e5 derfor vil vi gerne holde alle omkostninger s\u00e5 lave som muligt. Vi vedl\u00e6gger m\u00e5lskemaer ved alle varer, da de kommer fra forskellige leverand\u00f8rer, s\u00e5 derfor kan st\u00f8rrelserne variere. Vi takker for din forst\u00e5else.<\/p>\n<h5>Produktm\u00e5linger<\/h5>\n<p><img decoding=\"async\" class=\"size-medium wp-image-27807 alignleft\" src=\"https:\/\/ukraineboost.com\/dk\/wp-content\/uploads\/sites\/12\/2023\/09\/00071-All-Over-Print-Dress-300x300.png\" alt=\"\" width=\"300\" height=\"300\" srcset=\"https:\/\/ukraineboost.com\/dk\/wp-content\/uploads\/sites\/12\/2023\/09\/00071-All-Over-Print-Dress-300x300.png 300w, https:\/\/ukraineboost.com\/dk\/wp-content\/uploads\/sites\/12\/2023\/09\/00071-All-Over-Print-Dress-150x150.png 150w, https:\/\/ukraineboost.com\/dk\/wp-content\/uploads\/sites\/12\/2023\/09\/00071-All-Over-Print-Dress-75x75.png 75w, https:\/\/ukraineboost.com\/dk\/wp-content\/uploads\/sites\/12\/2023\/09\/00071-All-Over-Print-Dress-24x24.png 24w, https:\/\/ukraineboost.com\/dk\/wp-content\/uploads\/sites\/12\/2023\/09\/00071-All-Over-Print-Dress-36x36.png 36w, https:\/\/ukraineboost.com\/dk\/wp-content\/uploads\/sites\/12\/2023\/09\/00071-All-Over-Print-Dress-48x48.png 48w, https:\/\/ukraineboost.com\/dk\/wp-content\/uploads\/sites\/12\/2023\/09\/00071-All-Over-Print-Dress-50x50.png 50w, https:\/\/ukraineboost.com\/dk\/wp-content\/uploads\/sites\/12\/2023\/09\/00071-All-Over-Print-Dress-100x100.png 100w, https:\/\/ukraineboost.com\/dk\/wp-content\/uploads\/sites\/12\/2023\/09\/00071-All-Over-Print-Dress.png 343w\" sizes=\"(max-width:767px) 300px, 300px\" \/>Denne st\u00f8rrelsesguide viser produktm\u00e5linger, der er taget, n\u00e5r produkterne ligger fladt. Faktiske produktm\u00e5linger kan variere med op til 1&#8243; (ca. 2,54 cm), da de er h\u00e5ndlavede og specialfremstillede.<br \/>produktm\u00e5linger<\/p>\n<p>A 1\/2 brystbredde<\/p>\n<p>B 1\/2 taljebredde<\/p>\n<p>C 1\/2 hoftebredde<\/p>\n<p>D l\u00e6ngde<\/p>\n<table class=\"size-guide__table size-guide__new\">\n<thead>\n<tr>\n<td>St\u00f8rrelse<\/td>\n<td>A<\/td>\n<td>B<\/td>\n<td>C<\/td>\n<td>D<\/td>\n<\/tr>\n<\/thead>\n<tbody>\n<tr>\n<td>XS<\/td>\n<td>37<\/td>\n<td>33<\/td>\n<td>40<\/td>\n<td>86<\/td>\n<\/tr>\n<tr>\n<td>S<\/td>\n<td>39<\/td>\n<td>35<\/td>\n<td>42<\/td>\n<td>88<\/td>\n<\/tr>\n<tr>\n<td>M<\/td>\n<td>41<\/td>\n<td>37<\/td>\n<td>44<\/td>\n<td>90<\/td>\n<\/tr>\n<tr>\n<td>L<\/td>\n<td>45<\/td>\n<td>41<\/td>\n<td>48<\/td>\n<td>92<\/td>\n<\/tr>\n<tr>\n<td>XL<\/td>\n<td>49<\/td>\n<td>45<\/td>\n<td>52<\/td>\n<td>94<\/td>\n<\/tr>\n<\/tbody>\n<\/table>\n<p>Alle m\u00e5l er i centimeter<\/p>\n<h5>Guide til kropsm\u00e5ling<\/h5>\n<p><img decoding=\"async\" class=\"size-medium wp-image-27808 alignleft\" src=\"https:\/\/ukraineboost.com\/dk\/wp-content\/uploads\/sites\/12\/2023\/09\/00071-All-Over-Print-Dress-body-150x300.png\" alt=\"\" width=\"150\" height=\"300\" srcset=\"https:\/\/ukraineboost.com\/dk\/wp-content\/uploads\/sites\/12\/2023\/09\/00071-All-Over-Print-Dress-body-150x300.png 150w, https:\/\/ukraineboost.com\/dk\/wp-content\/uploads\/sites\/12\/2023\/09\/00071-All-Over-Print-Dress-body-38x75.png 38w, https:\/\/ukraineboost.com\/dk\/wp-content\/uploads\/sites\/12\/2023\/09\/00071-All-Over-Print-Dress-body-12x24.png 12w, https:\/\/ukraineboost.com\/dk\/wp-content\/uploads\/sites\/12\/2023\/09\/00071-All-Over-Print-Dress-body-18x36.png 18w, https:\/\/ukraineboost.com\/dk\/wp-content\/uploads\/sites\/12\/2023\/09\/00071-All-Over-Print-Dress-body-24x48.png 24w, https:\/\/ukraineboost.com\/dk\/wp-content\/uploads\/sites\/12\/2023\/09\/00071-All-Over-Print-Dress-body.png 172w\" sizes=\"(max-width:767px) 150px, 150px\" \/>Denne st\u00f8rrelsesguide viser kroppens m\u00e5linger. Vi anbefaler at bestille en st\u00f8rrelse st\u00f8rre, hvis dine m\u00e5linger er mellem st\u00f8rrelser.<br \/>m\u00e5l-dig-selv<\/p>\n<p>For alle horisontale m\u00e5linger, skal du s\u00f8rge for, at m\u00e5leb\u00e5ndet er parallel med jorden.<\/p>\n<p>A Bryst<\/p>\n<p>Placer den ene ende af m\u00e5leb\u00e5ndet p\u00e5 den fyldigste del af brystet og f\u00f8r m\u00e5leb\u00e5ndet om bag ryggen (under armhulerne, over skulderbladene) tilbage til, hvor du startede.<\/p>\n<p>B Talje<\/p>\n<p>Placer m\u00e5leb\u00e5ndet p\u00e5 den smalleste del af taljen og m\u00e5l rundt.<\/p>\n<p>C Hofter<\/p>\n<p>Placer begyndelsen af m\u00e5leb\u00e5ndet p\u00e5 den ene hofte og f\u00f8r m\u00e5leb\u00e5ndet henover de fyldigste dele af hofterne tilbage til, hvor du startede m\u00e5lingen.<\/p>\n<table class=\"size-guide__table size-guide__new\">\n<thead>\n<tr>\n<td>St\u00f8rrelse<\/td>\n<td>Bryst<\/td>\n<td>Talje<\/td>\n<td>Hofter<\/td>\n<\/tr>\n<\/thead>\n<tbody>\n<tr>\n<td>XS<\/td>\n<td>84<\/td>\n<td>64<\/td>\n<td>90<\/td>\n<\/tr>\n<tr>\n<td>S<\/td>\n<td>88<\/td>\n<td>68<\/td>\n<td>94<\/td>\n<\/tr>\n<tr>\n<td>M<\/td>\n<td>92<\/td>\n<td>72<\/td>\n<td>98<\/td>\n<\/tr>\n<tr>\n<td>L<\/td>\n<td>100<\/td>\n<td>80<\/td>\n<td>106<\/td>\n<\/tr>\n<tr>\n<td>XL<\/td>\n<td>108<\/td>\n<td>88<\/td>\n<td>114<\/td>\n<\/tr>\n<\/tbody>\n<\/table>\n<p>Alle m\u00e5l er i centimeter<\/p>\n<p>Pro-tip! M\u00e5l et af dine produkter derhjemme og sammenlign med m\u00e5lene, du ser i denne vejledning.<\/p>\n<h4>Leveringstid<\/h4>\n<p>Da dette er et print on demand produkt kan leveringstiden variere. Typisk er leveringstiden en til to uger. Vi pr\u00f8ver altid at finde leverand\u00f8rer s\u00e5 geografisk t\u00e6t p\u00e5 som muligt for at minimere leveringstid og transportomkostninger.<\/p>\n","protected":false},"excerpt":{"rendered":"<p>Udtryk dig selv og se fantastisk ud i denne overalt trykte, t\u00e6tsiddende kjole. 82% polyester, 18% spandex Stofv\u00e6gt: 6.78 oz\/yd\u00b2 (230 g\/m\u00b2), v\u00e6gten kan variere med<span class=\"excerpt-hellip\"> [\u2026]<\/span><\/p>\n","protected":false},"featured_media":22620,"comment_status":"open","ping_status":"closed","template":"","meta":[],"product_cat":[177,171],"product_tag":[],"_links":{"self":[{"href":"https:\/\/ukraineboost.com\/dk\/wp-json\/wp\/v2\/product\/22614"}],"collection":[{"href":"https:\/\/ukraineboost.com\/dk\/wp-json\/wp\/v2\/product"}],"about":[{"href":"https:\/\/ukraineboost.com\/dk\/wp-json\/wp\/v2\/types\/product"}],"replies":[{"embeddable":true,"href":"https:\/\/ukraineboost.com\/dk\/wp-json\/wp\/v2\/comments?post=22614"}],"wp:featuredmedia":[{"embeddable":true,"href":"https:\/\/ukraineboost.com\/dk\/wp-json\/wp\/v2\/media\/22620"}],"wp:attachment":[{"href":"https:\/\/ukraineboost.com\/dk\/wp-json\/wp\/v2\/media?parent=22614"}],"wp:term":[{"taxonomy":"product_cat","embeddable":true,"href":"https:\/\/ukraineboost.com\/dk\/wp-json\/wp\/v2\/product_cat?post=22614"},{"taxonomy":"product_tag","embeddable":true,"href":"https:\/\/ukraineboost.com\/dk\/wp-json\/wp\/v2\/product_tag?post=22614"}],"curies":[{"name":"wp","href":"https:\/\/api.w.org\/{rel}","templated":true}]}}