{"id":21718,"date":"2023-09-11T10:47:55","date_gmt":"2023-09-11T10:47:55","guid":{"rendered":"https:\/\/ukraineboost.com\/dk\/product\/tote-bag-6\/"},"modified":"2024-04-01T14:30:16","modified_gmt":"2024-04-01T14:30:16","slug":"tote-bag-6","status":"publish","type":"product","link":"https:\/\/ukraineboost.com\/dk\/product\/tote-bag-6\/","title":{"rendered":"Tote bag &#8211; Ukrainske symboler &#8211; pink"},"content":{"rendered":"<p>En rummelig og trendy tote-taske til at hj\u00e6lpe dig med at b\u00e6re rundt p\u00e5 alt, der betyder noget.<\/p>\n<ul>\n<li>100% spundet polyesterstof<\/li>\n<li>Taskens st\u00f8rrelse: 15\u2033 \u00d7 15\u2033 (38,1 \u00d7 38,1 cm)<\/li>\n<li>Kapacitet: 2,6 amerikanske gallon (10 liter)<\/li>\n<li>Maksimal v\u00e6gtbegr\u00e6nsning: 44 pund (20 kg)<\/li>\n<li>Dobbelt h\u00e5ndtag lavet af 100% naturlig bomuldssv\u00e6ve-denim<\/li>\n<li>H\u00e5ndtagsl\u00e6ngde 11,8&#8243; (30 cm), bredde 1&#8243; (2,5 cm)<\/li>\n<li>H\u00e5ndtagene kan variere lidt afh\u00e6ngigt af opfyldelsesstedet<\/li>\n<\/ul>\n<p>Dette produkt bliver fremstillet specielt til dig, s\u00e5 snart du afgiver en ordre, hvilket er grunden til, at det tager lidt l\u00e6ngere tid at levere det til dig. At producere produkter p\u00e5 bestilling i stedet for i bulk hj\u00e6lper med at reducere overproduktion, s\u00e5 tak for at tr\u00e6ffe velovervejede k\u00f8bsbeslutninger!<\/p>\n<h4>M\u00e5leskema<\/h4>\n<p>Vi opfordrer dig til v\u00e6re omhyggelig med at v\u00e6lge den rigtige st\u00f8rrelse, da vi gerne vil undg\u00e5 s\u00e5 mange returvarer som muligt. M\u00e5let er at st\u00f8tte Ukraine s\u00e5 derfor vil vi gerne holde alle omkostninger s\u00e5 lave som muligt. Vi vedl\u00e6gger m\u00e5lskemaer ved alle varer, da de kommer fra forskellige leverand\u00f8rer, s\u00e5 derfor kan st\u00f8rrelserne variere. Vi takker for din forst\u00e5else.<\/p>\n<h5>Produktm\u00e5linger<\/h5>\n<p><img decoding=\"async\" class=\"size-medium wp-image-27805 alignleft\" src=\"https:\/\/ukraineboost.com\/dk\/wp-content\/uploads\/sites\/12\/2023\/09\/00070-All-Over-Print-Tote-300x300.png\" alt=\"\" width=\"300\" height=\"300\" srcset=\"https:\/\/ukraineboost.com\/dk\/wp-content\/uploads\/sites\/12\/2023\/09\/00070-All-Over-Print-Tote-300x300.png 300w, https:\/\/ukraineboost.com\/dk\/wp-content\/uploads\/sites\/12\/2023\/09\/00070-All-Over-Print-Tote-150x150.png 150w, https:\/\/ukraineboost.com\/dk\/wp-content\/uploads\/sites\/12\/2023\/09\/00070-All-Over-Print-Tote-75x75.png 75w, https:\/\/ukraineboost.com\/dk\/wp-content\/uploads\/sites\/12\/2023\/09\/00070-All-Over-Print-Tote-24x24.png 24w, https:\/\/ukraineboost.com\/dk\/wp-content\/uploads\/sites\/12\/2023\/09\/00070-All-Over-Print-Tote-36x36.png 36w, https:\/\/ukraineboost.com\/dk\/wp-content\/uploads\/sites\/12\/2023\/09\/00070-All-Over-Print-Tote-48x48.png 48w, https:\/\/ukraineboost.com\/dk\/wp-content\/uploads\/sites\/12\/2023\/09\/00070-All-Over-Print-Tote-50x50.png 50w, https:\/\/ukraineboost.com\/dk\/wp-content\/uploads\/sites\/12\/2023\/09\/00070-All-Over-Print-Tote-100x100.png 100w, https:\/\/ukraineboost.com\/dk\/wp-content\/uploads\/sites\/12\/2023\/09\/00070-All-Over-Print-Tote.png 343w\" sizes=\"(max-width:767px) 300px, 300px\" \/>Denne st\u00f8rrelsesguide viser produktm\u00e5linger, der er taget, n\u00e5r produkterne ligger fladt. Faktiske produktm\u00e5linger kan variere med op til 1&#8243;, da de er h\u00e5ndlavet og tilpasset. produktm\u00e5linger A bredde B h\u00f8jde C h\u00e5ndtagets l\u00e6ngde<\/p>\n<table class=\"size-guide__table size-guide__new\">\n<thead>\n<tr>\n<td>St\u00f8rrelse Label<\/td>\n<td>A<\/td>\n<td>B<\/td>\n<td>C<\/td>\n<\/tr>\n<\/thead>\n<tbody>\n<tr>\n<td>15\u2033\u00d715\u2033<\/td>\n<td>40<\/td>\n<td>39<\/td>\n<td>67<\/td>\n<\/tr>\n<\/tbody>\n<\/table>\n<h4>Leveringstid<\/h4>\n<p>Da dette er et print on demand produkt kan leveringstiden variere. Typisk er leveringstiden en til to uger. Vi pr\u00f8ver altid at finde leverand\u00f8rer s\u00e5 geografisk t\u00e6t p\u00e5 som muligt for at minimere leveringstid og transportomkostninger.<\/p>\n","protected":false},"excerpt":{"rendered":"<p>En rummelig og trendy tote-taske til at hj\u00e6lpe dig med at b\u00e6re rundt p\u00e5 alt, der betyder noget. 100% spundet polyesterstof Taskens st\u00f8rrelse: 15\u2033 \u00d7 15\u2033<span class=\"excerpt-hellip\"> [\u2026]<\/span><\/p>\n","protected":false},"featured_media":21722,"comment_status":"open","ping_status":"closed","template":"","meta":[],"product_cat":[122,171],"product_tag":[],"_links":{"self":[{"href":"https:\/\/ukraineboost.com\/dk\/wp-json\/wp\/v2\/product\/21718"}],"collection":[{"href":"https:\/\/ukraineboost.com\/dk\/wp-json\/wp\/v2\/product"}],"about":[{"href":"https:\/\/ukraineboost.com\/dk\/wp-json\/wp\/v2\/types\/product"}],"replies":[{"embeddable":true,"href":"https:\/\/ukraineboost.com\/dk\/wp-json\/wp\/v2\/comments?post=21718"}],"wp:featuredmedia":[{"embeddable":true,"href":"https:\/\/ukraineboost.com\/dk\/wp-json\/wp\/v2\/media\/21722"}],"wp:attachment":[{"href":"https:\/\/ukraineboost.com\/dk\/wp-json\/wp\/v2\/media?parent=21718"}],"wp:term":[{"taxonomy":"product_cat","embeddable":true,"href":"https:\/\/ukraineboost.com\/dk\/wp-json\/wp\/v2\/product_cat?post=21718"},{"taxonomy":"product_tag","embeddable":true,"href":"https:\/\/ukraineboost.com\/dk\/wp-json\/wp\/v2\/product_tag?post=21718"}],"curies":[{"name":"wp","href":"https:\/\/api.w.org\/{rel}","templated":true}]}}