{"id":19912,"date":"2023-09-07T18:53:29","date_gmt":"2023-09-07T18:53:29","guid":{"rendered":"https:\/\/ukraineboost.com\/dk\/product\/unisex-sweatshirt-15\/"},"modified":"2023-09-24T16:07:20","modified_gmt":"2023-09-24T16:07:20","slug":"unisex-sweatshirt-15","status":"publish","type":"product","link":"https:\/\/ukraineboost.com\/dk\/product\/unisex-sweatshirt-15\/","title":{"rendered":"Sweatshirt af genbrugsmaterialer &#8211; Ukrainian Splash &#8211; gr\u00e5"},"content":{"rendered":"<p>Hver unik sweatshirt med all-over print er pr\u00e6cisionsk\u00e5ret og h\u00e5ndsyet for at opn\u00e5 det bedst mulige udseende og fremh\u00e6ve det detaljerede design. Derudover betyder det holdbare stof med en bomuldsagtig overflade og bl\u00f8d b\u00f8rstet fleece indvendigt, at denne sweatshirt med garanti bliver din favorit i lang tid.<\/p>\n<ul>\n<li>95% genanvendt polyester, 5% spandex<\/li>\n<li>Stofv\u00e6gt (kan variere med op til 5%): 9,08 oz\/yd.\u00b2 (308 g\/m\u00b2)<\/li>\n<li>Bl\u00f8d bomuldsagtig overflade<\/li>\n<li>B\u00f8rstet fleece indvendigt<\/li>\n<li>Unisex pasform<\/li>\n<li>Overlock-s\u00f8mme<\/li>\n<\/ul>\n<p>Dette produkt fremstilles specielt til dig, s\u00e5 snart du afgiver en ordre. Derfor tager det lidt l\u00e6ngere tid at levere det til dig. At fremstille produkter p\u00e5 bestilling i stedet for i bulk hj\u00e6lper med at reducere overproduktion, s\u00e5 tak for dine velovervejede k\u00f8bsbeslutninger!<\/p>\n<h4>M\u00e5leskema<\/h4>\n<p>Vi opfordrer dig til v\u00e6re omhyggelig med at v\u00e6lge den rigtige st\u00f8rrelse, da vi gerne vil undg\u00e5 s\u00e5 mange returvarer som muligt. M\u00e5let er at st\u00f8tte Ukraine s\u00e5 derfor vil vi gerne holde alle omkostninger s\u00e5 lave som muligt. Vi vedl\u00e6gger m\u00e5lskemaer ved alle varer, da de kommer fra forskellige leverand\u00f8rer, s\u00e5 derfor kan st\u00f8rrelserne variere. Vi takker for din forst\u00e5else.<\/p>\n<h5>Produktm\u00e5linger<\/h5>\n<p><img decoding=\"async\" class=\"size-medium wp-image-27793 alignleft\" src=\"https:\/\/ukraineboost.com\/dk\/wp-content\/uploads\/sites\/12\/2023\/09\/00063-Unisex-Sweatshirt-300x300.png\" alt=\"\" width=\"300\" height=\"300\" srcset=\"https:\/\/ukraineboost.com\/dk\/wp-content\/uploads\/sites\/12\/2023\/09\/00063-Unisex-Sweatshirt-300x300.png 300w, https:\/\/ukraineboost.com\/dk\/wp-content\/uploads\/sites\/12\/2023\/09\/00063-Unisex-Sweatshirt-150x150.png 150w, https:\/\/ukraineboost.com\/dk\/wp-content\/uploads\/sites\/12\/2023\/09\/00063-Unisex-Sweatshirt-75x75.png 75w, https:\/\/ukraineboost.com\/dk\/wp-content\/uploads\/sites\/12\/2023\/09\/00063-Unisex-Sweatshirt-24x24.png 24w, https:\/\/ukraineboost.com\/dk\/wp-content\/uploads\/sites\/12\/2023\/09\/00063-Unisex-Sweatshirt-36x36.png 36w, https:\/\/ukraineboost.com\/dk\/wp-content\/uploads\/sites\/12\/2023\/09\/00063-Unisex-Sweatshirt-48x48.png 48w, https:\/\/ukraineboost.com\/dk\/wp-content\/uploads\/sites\/12\/2023\/09\/00063-Unisex-Sweatshirt-50x50.png 50w, https:\/\/ukraineboost.com\/dk\/wp-content\/uploads\/sites\/12\/2023\/09\/00063-Unisex-Sweatshirt-100x100.png 100w, https:\/\/ukraineboost.com\/dk\/wp-content\/uploads\/sites\/12\/2023\/09\/00063-Unisex-Sweatshirt.png 343w\" sizes=\"(max-width:767px) 300px, 300px\" \/>Denne st\u00f8rrelsesguide viser produktm\u00e5linger taget, n\u00e5r produkterne er lagt fladt. Faktiske produktm\u00e5linger kan variere med op til 1&#8243;, da de er h\u00e5ndlavede og specialfremstillet.<br \/>produktm\u00e5linger<\/p>\n<p>A 1\/2 brystbredde<\/p>\n<p>B l\u00e6ngde<\/p>\n<p>C \u00e6rmel\u00e6ngde<\/p>\n<table class=\"size-guide__table size-guide__new\">\n<thead>\n<tr>\n<td>St\u00f8rrelse<\/td>\n<td>A<\/td>\n<td>B<\/td>\n<td>C<\/td>\n<\/tr>\n<\/thead>\n<tbody>\n<tr>\n<td>XS<\/td>\n<td>50<\/td>\n<td>66.5<\/td>\n<td>56<\/td>\n<\/tr>\n<tr>\n<td>S<\/td>\n<td>52<\/td>\n<td>68<\/td>\n<td>57.5<\/td>\n<\/tr>\n<tr>\n<td>M<\/td>\n<td>54<\/td>\n<td>69.5<\/td>\n<td>59<\/td>\n<\/tr>\n<tr>\n<td>L<\/td>\n<td>58<\/td>\n<td>71<\/td>\n<td>60.5<\/td>\n<\/tr>\n<tr>\n<td>XL<\/td>\n<td>62<\/td>\n<td>72.5<\/td>\n<td>61<\/td>\n<\/tr>\n<tr>\n<td>2XL<\/td>\n<td>66<\/td>\n<td>74<\/td>\n<td>61.5<\/td>\n<\/tr>\n<tr>\n<td>3XL<\/td>\n<td>70<\/td>\n<td>75.5<\/td>\n<td>62<\/td>\n<\/tr>\n<\/tbody>\n<\/table>\n<p>Alle m\u00e5l er i centimeter<\/p>\n<h5>Guide til kropsm\u00e5linger<\/h5>\n<p><img decoding=\"async\" class=\"size-medium wp-image-27794 alignleft\" src=\"https:\/\/ukraineboost.com\/dk\/wp-content\/uploads\/sites\/12\/2023\/09\/00063-Unisex-Sweatshirt-body-194x300.png\" alt=\"\" width=\"194\" height=\"300\" srcset=\"https:\/\/ukraineboost.com\/dk\/wp-content\/uploads\/sites\/12\/2023\/09\/00063-Unisex-Sweatshirt-body-194x300.png 194w, https:\/\/ukraineboost.com\/dk\/wp-content\/uploads\/sites\/12\/2023\/09\/00063-Unisex-Sweatshirt-body-48x75.png 48w, https:\/\/ukraineboost.com\/dk\/wp-content\/uploads\/sites\/12\/2023\/09\/00063-Unisex-Sweatshirt-body-15x24.png 15w, https:\/\/ukraineboost.com\/dk\/wp-content\/uploads\/sites\/12\/2023\/09\/00063-Unisex-Sweatshirt-body-23x36.png 23w, https:\/\/ukraineboost.com\/dk\/wp-content\/uploads\/sites\/12\/2023\/09\/00063-Unisex-Sweatshirt-body-31x48.png 31w, https:\/\/ukraineboost.com\/dk\/wp-content\/uploads\/sites\/12\/2023\/09\/00063-Unisex-Sweatshirt-body.png 215w\" sizes=\"(max-width:767px) 194px, 194px\" \/>Denne st\u00f8rrelsesguide viser kropsm\u00e5linger. Vi foresl\u00e5r at bestille en st\u00f8rrelse st\u00f8rre, hvis dine m\u00e5linger ligger mellem st\u00f8rrelser.<br \/>m\u00e5l-dig-selv<\/p>\n<p>For alle vandrette m\u00e5linger, skal du s\u00f8rge for, at m\u00e5leb\u00e5ndet er parallelt med jorden.<\/p>\n<p>A Bryst<\/p>\n<p>Plac\u00e9r den ene ende af m\u00e5leb\u00e5ndet p\u00e5 den fyldigste del af brystet og f\u00f8r m\u00e5leb\u00e5ndet om bagp\u00e5 (under armhulerne, over skulderbladene) tilbage til, hvor du startede.<\/p>\n<p>B Talje<\/p>\n<p>Plac\u00e9r m\u00e5leb\u00e5ndet p\u00e5 den smalleste del af taljen og m\u00e5l omkring.<\/p>\n<p>C Hofter<\/p>\n<p>Plac\u00e9r begyndelsen af m\u00e5leb\u00e5ndet p\u00e5 den ene hofte og f\u00f8r m\u00e5leb\u00e5ndet tv\u00e6rs over den fyldigste del af hofterne tilbage til, hvor du startede m\u00e5lingen.<\/p>\n<table class=\"size-guide__table size-guide__new\">\n<thead>\n<tr>\n<td>St\u00f8rrelse<\/td>\n<td>Bryst<\/td>\n<td>Talje<\/td>\n<td>Hofte<\/td>\n<\/tr>\n<\/thead>\n<tbody>\n<tr>\n<td>XS<\/td>\n<td>88<\/td>\n<td>68<\/td>\n<td>94<\/td>\n<\/tr>\n<tr>\n<td>S<\/td>\n<td>92<\/td>\n<td>72<\/td>\n<td>98<\/td>\n<\/tr>\n<tr>\n<td>M<\/td>\n<td>96<\/td>\n<td>76<\/td>\n<td>102<\/td>\n<\/tr>\n<tr>\n<td>L<\/td>\n<td>104<\/td>\n<td>84<\/td>\n<td>110<\/td>\n<\/tr>\n<tr>\n<td>XL<\/td>\n<td>112<\/td>\n<td>92<\/td>\n<td>118<\/td>\n<\/tr>\n<tr>\n<td>2XL<\/td>\n<td>120<\/td>\n<td>100<\/td>\n<td>126<\/td>\n<\/tr>\n<tr>\n<td>3XL<\/td>\n<td>128<\/td>\n<td>108<\/td>\n<td>134<\/td>\n<\/tr>\n<\/tbody>\n<\/table>\n<p>Alle m\u00e5l er i centimeter<\/p>\n<p>Pro-tip! M\u00e5l et af dine produkter derhjemme og sammenlign med m\u00e5lene, du ser i denne vejledning.<\/p>\n<h4>Leveringstid<\/h4>\n<p>Da dette er et print on demand produkt kan leveringstiden variere. Typisk er leveringstiden en til to uger. Vi pr\u00f8ver altid at finde leverand\u00f8rer s\u00e5 geografisk t\u00e6t p\u00e5 som muligt for at minimere leveringstid og transportomkostninger.<\/p>\n","protected":false},"excerpt":{"rendered":"<p>Hver unik sweatshirt med all-over print er pr\u00e6cisionsk\u00e5ret og h\u00e5ndsyet for at opn\u00e5 det bedst mulige udseende og fremh\u00e6ve det detaljerede design. Derudover betyder det holdbare<span class=\"excerpt-hellip\"> [\u2026]<\/span><\/p>\n","protected":false},"featured_media":19920,"comment_status":"open","ping_status":"closed","template":"","meta":[],"product_cat":[168,179,171],"product_tag":[],"_links":{"self":[{"href":"https:\/\/ukraineboost.com\/dk\/wp-json\/wp\/v2\/product\/19912"}],"collection":[{"href":"https:\/\/ukraineboost.com\/dk\/wp-json\/wp\/v2\/product"}],"about":[{"href":"https:\/\/ukraineboost.com\/dk\/wp-json\/wp\/v2\/types\/product"}],"replies":[{"embeddable":true,"href":"https:\/\/ukraineboost.com\/dk\/wp-json\/wp\/v2\/comments?post=19912"}],"wp:featuredmedia":[{"embeddable":true,"href":"https:\/\/ukraineboost.com\/dk\/wp-json\/wp\/v2\/media\/19920"}],"wp:attachment":[{"href":"https:\/\/ukraineboost.com\/dk\/wp-json\/wp\/v2\/media?parent=19912"}],"wp:term":[{"taxonomy":"product_cat","embeddable":true,"href":"https:\/\/ukraineboost.com\/dk\/wp-json\/wp\/v2\/product_cat?post=19912"},{"taxonomy":"product_tag","embeddable":true,"href":"https:\/\/ukraineboost.com\/dk\/wp-json\/wp\/v2\/product_tag?post=19912"}],"curies":[{"name":"wp","href":"https:\/\/api.w.org\/{rel}","templated":true}]}}