{"id":19378,"date":"2023-09-07T11:33:19","date_gmt":"2023-09-07T11:33:19","guid":{"rendered":"https:\/\/ukraineboost.com\/dk\/product\/youth-crew-neck-t-shirt-16\/"},"modified":"2023-09-23T18:58:44","modified_gmt":"2023-09-23T18:58:44","slug":"youth-crew-neck-t-shirt-16","status":"publish","type":"product","link":"https:\/\/ukraineboost.com\/dk\/product\/youth-crew-neck-t-shirt-16\/","title":{"rendered":"Rundhalset ungdoms t-shirt &#8211; Ukrainian Splash &#8211; gr\u00f8n"},"content":{"rendered":"<p>F\u00e5 en T-shirt, som din teenager vil elske! Denne T-shirt er et farverigt statement-stykke, der er lavet af bl\u00f8d stof og har et i\u00f8jnefaldende design, der ikke falmer.<\/p>\n<ul>\n<li>95% polyester, 5% elastan (stoftype kan variere med 1%)<\/li>\n<li>Stofv\u00e6gt: 6,19 oz\/yd\u00b2 (210 g\/m\u00b2), v\u00e6gten kan variere med 5%<\/li>\n<li>Premium strikket mellemv\u00e6gt-jersey<\/li>\n<li>Firevejs str\u00e6kstof, der str\u00e6kker sig og genvinder p\u00e5 tv\u00e6rs og l\u00e6ngdegraderne<\/li>\n<li>Almindelig pasform<\/li>\n<li>\u00a0Komponenter til det tomme produkt i EU leveres fra Litauen<\/li>\n<\/ul>\n<p>Dette produkt er lavet specielt til dig, s\u00e5 snart du placerer en ordre, derfor tager det lidt l\u00e6ngere tid at levere det til dig. At fremstille produkter p\u00e5 bestilling i stedet for i bulk hj\u00e6lper med at reducere overproduktion, s\u00e5 tak for at tr\u00e6ffe velovervejede k\u00f8bsbeslutninger<\/p>\n<h4>M\u00e5leskema<\/h4>\n<p>Vi opfordrer dig til v\u00e6re omhyggelig med at v\u00e6lge den rigtige st\u00f8rrelse, da vi gerne vil undg\u00e5 s\u00e5 mange returvarer som muligt. M\u00e5let er at st\u00f8tte Ukraine s\u00e5 derfor vil vi gerne holde alle omkostninger s\u00e5 lave som muligt. Vi vedl\u00e6gger m\u00e5lskemaer ved alle varer, da de kommer fra forskellige leverand\u00f8rer, s\u00e5 derfor kan st\u00f8rrelserne variere. Vi takker for din forst\u00e5else.<\/p>\n<h5>Produktm\u00e5linger<\/h5>\n<p><img decoding=\"async\" class=\"size-medium wp-image-27747 alignleft\" src=\"https:\/\/ukraineboost.com\/dk\/wp-content\/uploads\/sites\/12\/2023\/09\/00061-Youth-Crew-Neck-T-shirt-300x300.png\" alt=\"\" width=\"300\" height=\"300\" srcset=\"https:\/\/ukraineboost.com\/dk\/wp-content\/uploads\/sites\/12\/2023\/09\/00061-Youth-Crew-Neck-T-shirt-300x300.png 300w, https:\/\/ukraineboost.com\/dk\/wp-content\/uploads\/sites\/12\/2023\/09\/00061-Youth-Crew-Neck-T-shirt-150x150.png 150w, https:\/\/ukraineboost.com\/dk\/wp-content\/uploads\/sites\/12\/2023\/09\/00061-Youth-Crew-Neck-T-shirt-75x75.png 75w, https:\/\/ukraineboost.com\/dk\/wp-content\/uploads\/sites\/12\/2023\/09\/00061-Youth-Crew-Neck-T-shirt-24x24.png 24w, https:\/\/ukraineboost.com\/dk\/wp-content\/uploads\/sites\/12\/2023\/09\/00061-Youth-Crew-Neck-T-shirt-36x36.png 36w, https:\/\/ukraineboost.com\/dk\/wp-content\/uploads\/sites\/12\/2023\/09\/00061-Youth-Crew-Neck-T-shirt-48x48.png 48w, https:\/\/ukraineboost.com\/dk\/wp-content\/uploads\/sites\/12\/2023\/09\/00061-Youth-Crew-Neck-T-shirt-50x50.png 50w, https:\/\/ukraineboost.com\/dk\/wp-content\/uploads\/sites\/12\/2023\/09\/00061-Youth-Crew-Neck-T-shirt-100x100.png 100w, https:\/\/ukraineboost.com\/dk\/wp-content\/uploads\/sites\/12\/2023\/09\/00061-Youth-Crew-Neck-T-shirt.png 344w\" sizes=\"(max-width:767px) 300px, 300px\" \/>Denne st\u00f8rrelsesguide viser produktm\u00e5linger taget, n\u00e5r produkterne er lagt fladt. Faktiske produktm\u00e5linger kan variere med op til 1&#8243;, fordi de er h\u00e5ndlavet efter individuelle bestillinger.<br \/>produkt-m\u00e5linger<\/p>\n<p>A 1\/2 brystbredde<\/p>\n<p>B l\u00e6ngde<\/p>\n<p>C \u00e6rmel\u00e6ngde<\/p>\n<table class=\"size-guide__table size-guide__new\">\n<thead>\n<tr>\n<td>St\u00f8rrelse<\/td>\n<td>A<\/td>\n<td>B<\/td>\n<td>C<\/td>\n<\/tr>\n<\/thead>\n<tbody>\n<tr>\n<td>8<\/td>\n<td>39<\/td>\n<td>54<\/td>\n<td>14.5<\/td>\n<\/tr>\n<tr>\n<td>10<\/td>\n<td>40.5<\/td>\n<td>55<\/td>\n<td>15<\/td>\n<\/tr>\n<tr>\n<td>12<\/td>\n<td>42<\/td>\n<td>56<\/td>\n<td>15.5<\/td>\n<\/tr>\n<tr>\n<td>14<\/td>\n<td>43.5<\/td>\n<td>57<\/td>\n<td>16<\/td>\n<\/tr>\n<tr>\n<td>16<\/td>\n<td>45<\/td>\n<td>58<\/td>\n<td>16.5<\/td>\n<\/tr>\n<tr>\n<td>18<\/td>\n<td>46.5<\/td>\n<td>59<\/td>\n<td>17<\/td>\n<\/tr>\n<tr>\n<td>20<\/td>\n<td>48<\/td>\n<td>60<\/td>\n<td>17.5<\/td>\n<\/tr>\n<\/tbody>\n<\/table>\n<p>Alle m\u00e5l er i centimeter<\/p>\n<h5>Guide til kropsm\u00e5ling<\/h5>\n<p><img decoding=\"async\" class=\"size-medium wp-image-27748 alignleft\" src=\"https:\/\/ukraineboost.com\/dk\/wp-content\/uploads\/sites\/12\/2023\/09\/00061-Youth-Crew-Neck-T-shirt-body-230x300.png\" alt=\"\" width=\"230\" height=\"300\" srcset=\"https:\/\/ukraineboost.com\/dk\/wp-content\/uploads\/sites\/12\/2023\/09\/00061-Youth-Crew-Neck-T-shirt-body-230x300.png 230w, https:\/\/ukraineboost.com\/dk\/wp-content\/uploads\/sites\/12\/2023\/09\/00061-Youth-Crew-Neck-T-shirt-body-58x75.png 58w, https:\/\/ukraineboost.com\/dk\/wp-content\/uploads\/sites\/12\/2023\/09\/00061-Youth-Crew-Neck-T-shirt-body-18x24.png 18w, https:\/\/ukraineboost.com\/dk\/wp-content\/uploads\/sites\/12\/2023\/09\/00061-Youth-Crew-Neck-T-shirt-body-28x36.png 28w, https:\/\/ukraineboost.com\/dk\/wp-content\/uploads\/sites\/12\/2023\/09\/00061-Youth-Crew-Neck-T-shirt-body-37x48.png 37w, https:\/\/ukraineboost.com\/dk\/wp-content\/uploads\/sites\/12\/2023\/09\/00061-Youth-Crew-Neck-T-shirt-body.png 245w\" sizes=\"(max-width:767px) 230px, 230px\" \/>Denne st\u00f8rrelsesguide viser kropsm\u00e5linger. Vi anbefaler at bestille en st\u00f8rrelse st\u00f8rre, n\u00e5r dine m\u00e5linger er mellem st\u00f8rrelser.<br \/>m\u00e5l-dig-selv<\/p>\n<p>For alle vandrette m\u00e5linger, skal du s\u00f8rge for, at m\u00e5leb\u00e5ndet holdes parallelt med jorden.<\/p>\n<p>A H\u00f8jde<\/p>\n<p>Stil den unge person p\u00e5 et fast underlag med en flad overflade bagved. Med f\u00f8dderne sammen og armene ned langs siderne, skal hele kroppen r\u00f8re overfladen. Marker overfladen, hvor toppen af hovedet er. M\u00e5l afstanden mellem gulvet og m\u00e6rket.<\/p>\n<p>B Bryst<\/p>\n<p>Plac\u00e9r den ene ende af m\u00e5leb\u00e5ndet p\u00e5 det fyldigste sted p\u00e5 brystet og f\u00f8r m\u00e5leb\u00e5ndet rundt om ryggen (under armhulerne, over skulderbladene) tilbage til, hvor du startede.<\/p>\n<p>C Talje<\/p>\n<p>Plac\u00e9r m\u00e5leb\u00e5ndet p\u00e5 det smalleste sted omkring taljen og m\u00e5l hele vejen rundt.<\/p>\n<p>D Hofter<\/p>\n<p>Plac\u00e9r begyndelsen af m\u00e5leb\u00e5ndet p\u00e5 den ene hofte og f\u00f8r det tv\u00e6rs over den fyldigste del af hofterne tilbage til, hvor du startede m\u00e5lingen.<\/p>\n<table class=\"size-guide__table size-guide__new\">\n<thead>\n<tr>\n<td>St\u00f8rrelse<\/td>\n<td>H\u00f8jde<\/td>\n<td>Bryst<\/td>\n<td>Talje<\/td>\n<td>Hofter<\/td>\n<\/tr>\n<\/thead>\n<tbody>\n<tr>\n<td>8<\/td>\n<td>134<\/td>\n<td>69<\/td>\n<td>60<\/td>\n<td>73<\/td>\n<\/tr>\n<tr>\n<td>10<\/td>\n<td>140<\/td>\n<td>72<\/td>\n<td>62<\/td>\n<td>77<\/td>\n<\/tr>\n<tr>\n<td>12<\/td>\n<td>146<\/td>\n<td>75<\/td>\n<td>64<\/td>\n<td>80<\/td>\n<\/tr>\n<tr>\n<td>14<\/td>\n<td>152<\/td>\n<td>78<\/td>\n<td>66<\/td>\n<td>83<\/td>\n<\/tr>\n<tr>\n<td>16<\/td>\n<td>158<\/td>\n<td>81<\/td>\n<td>67<\/td>\n<td>86<\/td>\n<\/tr>\n<tr>\n<td>18<\/td>\n<td>164<\/td>\n<td>84<\/td>\n<td>68<\/td>\n<td>88<\/td>\n<\/tr>\n<tr>\n<td>20<\/td>\n<td>170<\/td>\n<td>87<\/td>\n<td>69<\/td>\n<td>90<\/td>\n<\/tr>\n<\/tbody>\n<\/table>\n<p>Alle m\u00e5l er i centimeter<\/p>\n<p>Pro-tip! M\u00e5l et af dine produkter derhjemme og sammenlign med m\u00e5lene, du ser i denne vejledning.<\/p>\n<h4>Leveringstid<\/h4>\n<p>Da dette er et print on demand produkt kan leveringstiden variere. Typisk er leveringstiden en til to uger. Vi pr\u00f8ver altid at finde leverand\u00f8rer s\u00e5 geografisk t\u00e6t p\u00e5 som muligt for at minimere leveringstid og transportomkostninger.<\/p>\n","protected":false},"excerpt":{"rendered":"<p>F\u00e5 en T-shirt, som din teenager vil elske! Denne T-shirt er et farverigt statement-stykke, der er lavet af bl\u00f8d stof og har et i\u00f8jnefaldende design, der<span class=\"excerpt-hellip\"> [\u2026]<\/span><\/p>\n","protected":false},"featured_media":19386,"comment_status":"open","ping_status":"closed","template":"","meta":[],"product_cat":[160,171],"product_tag":[],"_links":{"self":[{"href":"https:\/\/ukraineboost.com\/dk\/wp-json\/wp\/v2\/product\/19378"}],"collection":[{"href":"https:\/\/ukraineboost.com\/dk\/wp-json\/wp\/v2\/product"}],"about":[{"href":"https:\/\/ukraineboost.com\/dk\/wp-json\/wp\/v2\/types\/product"}],"replies":[{"embeddable":true,"href":"https:\/\/ukraineboost.com\/dk\/wp-json\/wp\/v2\/comments?post=19378"}],"wp:featuredmedia":[{"embeddable":true,"href":"https:\/\/ukraineboost.com\/dk\/wp-json\/wp\/v2\/media\/19386"}],"wp:attachment":[{"href":"https:\/\/ukraineboost.com\/dk\/wp-json\/wp\/v2\/media?parent=19378"}],"wp:term":[{"taxonomy":"product_cat","embeddable":true,"href":"https:\/\/ukraineboost.com\/dk\/wp-json\/wp\/v2\/product_cat?post=19378"},{"taxonomy":"product_tag","embeddable":true,"href":"https:\/\/ukraineboost.com\/dk\/wp-json\/wp\/v2\/product_tag?post=19378"}],"curies":[{"name":"wp","href":"https:\/\/api.w.org\/{rel}","templated":true}]}}