{"id":18998,"date":"2023-09-07T08:11:10","date_gmt":"2023-09-07T08:11:10","guid":{"rendered":"https:\/\/ukraineboost.com\/dk\/product\/kids-crew-neck-t-shirt-12\/"},"modified":"2023-09-23T13:00:27","modified_gmt":"2023-09-23T13:00:27","slug":"kids-crew-neck-t-shirt-12","status":"publish","type":"product","link":"https:\/\/ukraineboost.com\/dk\/product\/kids-crew-neck-t-shirt-12\/","title":{"rendered":"Rundhalset b\u00f8rne t-shirt &#8211; Ukrainske symboler &#8211; gr\u00f8n"},"content":{"rendered":"<p>F\u00e5 en t-shirt til dine b\u00f8rn, der har det hele \u2013 en farverig design, der ser fantastisk ud, og en pasform, der giver b\u00f8rnene mulighed for at deltage i alle deres yndlingsaktiviteter og v\u00e6re komfortable hele tiden. Den ultimative b\u00f8rnet-shirt.<\/p>\n<ul>\n<li>95% polyester, 5% elastan (stoftil sammens\u00e6tning kan variere med 1%)<\/li>\n<li>Stofv\u00e6gt: 6,19 oz\/yd\u00b2 (210 g\/m\u00b2), v\u00e6gten kan variere med op til 5%<\/li>\n<li>Premium strikket jersey af mellemv\u00e6gt<\/li>\n<li>Firevejs str\u00e6kstof, der str\u00e6kker sig og vender tilbage p\u00e5 tv\u00e6rs og i l\u00e6ngden<\/li>\n<li>Almindelig pasform<\/li>\n<li>Rund hals<\/li>\n<li>Tomme produktkomponenter i USA og Mexico leveret fra USA<\/li>\n<li>Tomme produktkomponenter i EU leveret fra Litauen<\/li>\n<\/ul>\n<p>Dette produkt bliver lavet specielt til dig, s\u00e5 snart du afgiver en ordre, derfor tager det lidt l\u00e6ngere tid at levere det til dig. At lave produkter p\u00e5 bestilling i stedet for i bulk hj\u00e6lper med at reducere overproduktion, s\u00e5 tak for at tr\u00e6ffe velovervejede k\u00f8bsbeslutninger!<\/p>\n<h4>M\u00e5leskema<\/h4>\n<p>Vi opfordrer dig til v\u00e6re omhyggelig med at v\u00e6lge den rigtige st\u00f8rrelse, da vi gerne vil undg\u00e5 s\u00e5 mange returvarer som muligt. M\u00e5let er at st\u00f8tte Ukraine s\u00e5 derfor vil vi gerne holde alle omkostninger s\u00e5 lave som muligt. Vi vedl\u00e6gger m\u00e5lskemaer ved alle varer, da de kommer fra forskellige leverand\u00f8rer, s\u00e5 derfor kan st\u00f8rrelserne variere. Vi takker for din forst\u00e5else.<\/p>\n<h5>Produktm\u00e5linger<\/h5>\n<p><img decoding=\"async\" class=\"size-medium wp-image-27744 alignleft\" src=\"https:\/\/ukraineboost.com\/dk\/wp-content\/uploads\/sites\/12\/2023\/09\/Kids-Crew-Neck-T-Shirt-300x300.png\" alt=\"\" width=\"300\" height=\"300\" srcset=\"https:\/\/ukraineboost.com\/dk\/wp-content\/uploads\/sites\/12\/2023\/09\/Kids-Crew-Neck-T-Shirt-300x300.png 300w, https:\/\/ukraineboost.com\/dk\/wp-content\/uploads\/sites\/12\/2023\/09\/Kids-Crew-Neck-T-Shirt-150x150.png 150w, https:\/\/ukraineboost.com\/dk\/wp-content\/uploads\/sites\/12\/2023\/09\/Kids-Crew-Neck-T-Shirt-75x75.png 75w, https:\/\/ukraineboost.com\/dk\/wp-content\/uploads\/sites\/12\/2023\/09\/Kids-Crew-Neck-T-Shirt-24x24.png 24w, https:\/\/ukraineboost.com\/dk\/wp-content\/uploads\/sites\/12\/2023\/09\/Kids-Crew-Neck-T-Shirt-36x36.png 36w, https:\/\/ukraineboost.com\/dk\/wp-content\/uploads\/sites\/12\/2023\/09\/Kids-Crew-Neck-T-Shirt-48x48.png 48w, https:\/\/ukraineboost.com\/dk\/wp-content\/uploads\/sites\/12\/2023\/09\/Kids-Crew-Neck-T-Shirt-50x50.png 50w, https:\/\/ukraineboost.com\/dk\/wp-content\/uploads\/sites\/12\/2023\/09\/Kids-Crew-Neck-T-Shirt-100x100.png 100w, https:\/\/ukraineboost.com\/dk\/wp-content\/uploads\/sites\/12\/2023\/09\/Kids-Crew-Neck-T-Shirt.png 344w\" sizes=\"(max-width:767px) 300px, 300px\" \/>Denne st\u00f8rrelsesguide viser produktm\u00e5linger, der er taget, n\u00e5r produkterne er lagt fladt. Faktiske produktm\u00e5linger kan variere med op til 1&#8243;, da de er h\u00e5ndlavede og specialfremstillet.<br \/>produktm\u00e5linger<\/p>\n<p>A 1\/2 brystbredde<\/p>\n<p>B l\u00e6ngde<\/p>\n<p>C \u00e6rmel\u00e6ngde<\/p>\n<table class=\"size-guide__table size-guide__new\">\n<thead>\n<tr>\n<td>St\u00f8rrelse<\/td>\n<td>A<\/td>\n<td>B<\/td>\n<td>C<\/td>\n<\/tr>\n<\/thead>\n<tbody>\n<tr>\n<td>2T<\/td>\n<td>29.5<\/td>\n<td>40<\/td>\n<td>11<\/td>\n<\/tr>\n<tr>\n<td>3T<\/td>\n<td>30.5<\/td>\n<td>41<\/td>\n<td>11.5<\/td>\n<\/tr>\n<tr>\n<td>4T<\/td>\n<td>31.5<\/td>\n<td>42<\/td>\n<td>12<\/td>\n<\/tr>\n<tr>\n<td>5T<\/td>\n<td>32.5<\/td>\n<td>43<\/td>\n<td>12.5<\/td>\n<\/tr>\n<tr>\n<td>6<\/td>\n<td>33.5<\/td>\n<td>44<\/td>\n<td>13<\/td>\n<\/tr>\n<tr>\n<td>6X<\/td>\n<td>35<\/td>\n<td>45<\/td>\n<td>13.5<\/td>\n<\/tr>\n<tr>\n<td>7<\/td>\n<td>36.5<\/td>\n<td>46<\/td>\n<td>14<\/td>\n<\/tr>\n<\/tbody>\n<\/table>\n<p>Alle m\u00e5l er i centimeter<\/p>\n<h5>Vejledning til Kropsm\u00e5ling<\/h5>\n<p><img decoding=\"async\" class=\"size-medium wp-image-27745 alignleft\" src=\"https:\/\/ukraineboost.com\/dk\/wp-content\/uploads\/sites\/12\/2023\/09\/Kids-Crew-Neck-T-Shirt-body-236x300.png\" alt=\"\" width=\"236\" height=\"300\" srcset=\"https:\/\/ukraineboost.com\/dk\/wp-content\/uploads\/sites\/12\/2023\/09\/Kids-Crew-Neck-T-Shirt-body-236x300.png 236w, https:\/\/ukraineboost.com\/dk\/wp-content\/uploads\/sites\/12\/2023\/09\/Kids-Crew-Neck-T-Shirt-body-59x75.png 59w, https:\/\/ukraineboost.com\/dk\/wp-content\/uploads\/sites\/12\/2023\/09\/Kids-Crew-Neck-T-Shirt-body-19x24.png 19w, https:\/\/ukraineboost.com\/dk\/wp-content\/uploads\/sites\/12\/2023\/09\/Kids-Crew-Neck-T-Shirt-body-28x36.png 28w, https:\/\/ukraineboost.com\/dk\/wp-content\/uploads\/sites\/12\/2023\/09\/Kids-Crew-Neck-T-Shirt-body-38x48.png 38w, https:\/\/ukraineboost.com\/dk\/wp-content\/uploads\/sites\/12\/2023\/09\/Kids-Crew-Neck-T-Shirt-body.png 250w\" sizes=\"(max-width:767px) 236px, 236px\" \/>Denne st\u00f8rrelsesguide viser kropsm\u00e5linger. Vi foresl\u00e5r at bestille en st\u00f8rrelse st\u00f8rre, n\u00e5r dine m\u00e5linger er mellem st\u00f8rrelser.<br \/>m\u00e5l-dig-selv<\/p>\n<p>For alle vandrette m\u00e5linger, skal du s\u00f8rge for, at m\u00e5leb\u00e5ndet holdes parallelt med jorden.<\/p>\n<p>A H\u00f8jde<\/p>\n<p>Stil barnet p\u00e5 en fast overflade med en flad baggrund. Med f\u00f8dderne sammen og armene placeret langs siderne, skal hele kroppen ber\u00f8re overfladen. Mark\u00e9r overfladen, hvor toppen af deres hoved er. M\u00e5l afstanden mellem gulvet og markeringen.<\/p>\n<p>B Bryst<\/p>\n<p>Placer den ene ende af m\u00e5leb\u00e5ndet p\u00e5 det fyldigste sted p\u00e5 brystet og f\u00f8r m\u00e5leb\u00e5ndet rundt om ryggen (under armhulerne, over skulderbladene) tilbage til, hvor du startede.<\/p>\n<p>C Talje<\/p>\n<p>Placer m\u00e5leb\u00e5ndet p\u00e5 det smalleste sted omkring taljen og m\u00e5l rundt.<\/p>\n<p>D Hofter<\/p>\n<p>Placer begyndelsen af m\u00e5leb\u00e5ndet p\u00e5 den ene hofte og f\u00f8r m\u00e5leb\u00e5ndet over det fyldigste sted p\u00e5 hofterne tilbage til, hvor du startede m\u00e5lingen.<\/p>\n<table class=\"size-guide__table size-guide__new\">\n<thead>\n<tr>\n<td>St\u00f8rrelse<\/td>\n<td>H\u00f8jgde<\/td>\n<td>Bryst<\/td>\n<td>Talje<\/td>\n<td>Hofter<\/td>\n<\/tr>\n<\/thead>\n<tbody>\n<tr>\n<td>2T<\/td>\n<td>92<\/td>\n<td>52<\/td>\n<td>51<\/td>\n<td>53<\/td>\n<\/tr>\n<tr>\n<td>3T<\/td>\n<td>98<\/td>\n<td>54<\/td>\n<td>52.5<\/td>\n<td>56.5<\/td>\n<\/tr>\n<tr>\n<td>4T<\/td>\n<td>104<\/td>\n<td>56<\/td>\n<td>54<\/td>\n<td>60<\/td>\n<\/tr>\n<tr>\n<td>5T<\/td>\n<td>110<\/td>\n<td>58<\/td>\n<td>55<\/td>\n<td>62<\/td>\n<\/tr>\n<tr>\n<td>6<\/td>\n<td>116<\/td>\n<td>60<\/td>\n<td>56<\/td>\n<td>64<\/td>\n<\/tr>\n<tr>\n<td>6X<\/td>\n<td>122<\/td>\n<td>63<\/td>\n<td>57<\/td>\n<td>66<\/td>\n<\/tr>\n<tr>\n<td>7<\/td>\n<td>128<\/td>\n<td>66<\/td>\n<td>58<\/td>\n<td>69<\/td>\n<\/tr>\n<\/tbody>\n<\/table>\n<p>Alle m\u00e5l er i centimeter<\/p>\n<p>Pro-tip! M\u00e5l et af dine produkter derhjemme og sammenlign med m\u00e5lene, du ser i denne vejledning.<\/p>\n<h4>Leveringstid<\/h4>\n<p>Da dette er et print on demand produkt kan leveringstiden variere. Typisk er leveringstiden en til to uger. Vi pr\u00f8ver altid at finde leverand\u00f8rer s\u00e5 geografisk t\u00e6t p\u00e5 som muligt for at minimere leveringstid og transportomkostninger.<\/p>\n","protected":false},"excerpt":{"rendered":"<p>F\u00e5 en t-shirt til dine b\u00f8rn, der har det hele \u2013 en farverig design, der ser fantastisk ud, og en pasform, der giver b\u00f8rnene mulighed for<span class=\"excerpt-hellip\"> [\u2026]<\/span><\/p>\n","protected":false},"featured_media":19006,"comment_status":"open","ping_status":"closed","template":"","meta":[],"product_cat":[160,171],"product_tag":[],"_links":{"self":[{"href":"https:\/\/ukraineboost.com\/dk\/wp-json\/wp\/v2\/product\/18998"}],"collection":[{"href":"https:\/\/ukraineboost.com\/dk\/wp-json\/wp\/v2\/product"}],"about":[{"href":"https:\/\/ukraineboost.com\/dk\/wp-json\/wp\/v2\/types\/product"}],"replies":[{"embeddable":true,"href":"https:\/\/ukraineboost.com\/dk\/wp-json\/wp\/v2\/comments?post=18998"}],"wp:featuredmedia":[{"embeddable":true,"href":"https:\/\/ukraineboost.com\/dk\/wp-json\/wp\/v2\/media\/19006"}],"wp:attachment":[{"href":"https:\/\/ukraineboost.com\/dk\/wp-json\/wp\/v2\/media?parent=18998"}],"wp:term":[{"taxonomy":"product_cat","embeddable":true,"href":"https:\/\/ukraineboost.com\/dk\/wp-json\/wp\/v2\/product_cat?post=18998"},{"taxonomy":"product_tag","embeddable":true,"href":"https:\/\/ukraineboost.com\/dk\/wp-json\/wp\/v2\/product_tag?post=18998"}],"curies":[{"name":"wp","href":"https:\/\/api.w.org\/{rel}","templated":true}]}}