{"id":18318,"date":"2023-09-06T13:59:03","date_gmt":"2023-09-06T13:59:03","guid":{"rendered":"https:\/\/ukraineboost.com\/dk\/product\/longline-sports-bra-10\/"},"modified":"2023-09-21T19:03:16","modified_gmt":"2023-09-21T19:03:16","slug":"longline-sports-bra-10","status":"publish","type":"product","link":"https:\/\/ukraineboost.com\/dk\/product\/longline-sports-bra-10\/","title":{"rendered":"Longline Sports BH &#8211; Ukrainian Splash &#8211; bl\u00e5\/gr\u00f8n"},"content":{"rendered":"<p>Denne sports-bh er den perfekte tr\u00e6ningstop til motion. Kompressionsstoffet sammen med dobbeltlags front og skulderstropper sikrer god st\u00f8tte under l\u00f8b, hop eller styrketr\u00e6ning. Brug den under tr\u00e6ning eller style den som en overdel til hverdagsbrug p\u00e5 solrige dage!<\/p>\n<ul>\n<li>Kompressionsstof: 78% polyester, 22% spandex<\/li>\n<li>Sportsnetfor: 92% polyester, 8% spandex<\/li>\n<li>Stofv\u00e6gt for kompressionsstoffet: 8,25 oz\/yd\u00b2 (280 g\/m\u00b2) og sportsnetfor: 4,42 oz\/yd\u00b2 (150 g\/m\u00b2)<\/li>\n<li>Ikke-gennemsigtig<\/li>\n<li>Har \u00e5bninger til aftagelige puder og er fuldt foret med netstof<\/li>\n<li>Aftagelige puder inkluderet<\/li>\n<li>Dobbeltlags front<\/li>\n<li>Lang linje silhuet<\/li>\n<\/ul>\n<p>Dette produkt er specielt lavet til dig, s\u00e5 snart du afgiver en ordre, hvilket er grunden til, at det tager lidt l\u00e6ngere tid at levere det til dig. At producere produkter efter behov i stedet for i bulk hj\u00e6lper med at reducere overproduktionen, s\u00e5 tak fordi du tr\u00e6ffer velovervejede k\u00f8bsbeslutninger!<\/p>\n<h4>M\u00e5leskema<\/h4>\n<p>Vi opfordrer dig til v\u00e6re omhyggelig med at v\u00e6lge den rigtige st\u00f8rrelse, da vi gerne vil undg\u00e5 s\u00e5 mange returvarer som muligt. M\u00e5let er at st\u00f8tte Ukraine s\u00e5 derfor vil vi gerne holde alle omkostninger s\u00e5 lave som muligt. Vi vedl\u00e6gger m\u00e5lskemaer ved alle varer, da de kommer fra forskellige leverand\u00f8rer, s\u00e5 derfor kan st\u00f8rrelserne variere. Vi takker for din forst\u00e5else.<\/p>\n<h5>Produktm\u00e5linger<\/h5>\n<p><img decoding=\"async\" class=\"size-medium wp-image-27726 alignleft\" src=\"https:\/\/ukraineboost.com\/dk\/wp-content\/uploads\/sites\/12\/2023\/09\/Longline-sports-bra-product-300x300.png\" alt=\"\" width=\"300\" height=\"300\" srcset=\"https:\/\/ukraineboost.com\/dk\/wp-content\/uploads\/sites\/12\/2023\/09\/Longline-sports-bra-product-300x300.png 300w, https:\/\/ukraineboost.com\/dk\/wp-content\/uploads\/sites\/12\/2023\/09\/Longline-sports-bra-product-150x150.png 150w, https:\/\/ukraineboost.com\/dk\/wp-content\/uploads\/sites\/12\/2023\/09\/Longline-sports-bra-product-75x75.png 75w, https:\/\/ukraineboost.com\/dk\/wp-content\/uploads\/sites\/12\/2023\/09\/Longline-sports-bra-product-24x24.png 24w, https:\/\/ukraineboost.com\/dk\/wp-content\/uploads\/sites\/12\/2023\/09\/Longline-sports-bra-product-36x36.png 36w, https:\/\/ukraineboost.com\/dk\/wp-content\/uploads\/sites\/12\/2023\/09\/Longline-sports-bra-product-48x48.png 48w, https:\/\/ukraineboost.com\/dk\/wp-content\/uploads\/sites\/12\/2023\/09\/Longline-sports-bra-product-50x50.png 50w, https:\/\/ukraineboost.com\/dk\/wp-content\/uploads\/sites\/12\/2023\/09\/Longline-sports-bra-product-100x100.png 100w, https:\/\/ukraineboost.com\/dk\/wp-content\/uploads\/sites\/12\/2023\/09\/Longline-sports-bra-product.png 344w\" sizes=\"(max-width:767px) 300px, 300px\" \/>\u00a0Denne st\u00f8rrelsesguide viser produktm\u00e5linger, der er taget, n\u00e5r produkterne ligger fladt. Faktiske produktm\u00e5linger kan variere med op til 1 tomme, da de er h\u00e5ndlavet efter m\u00e5l.<br \/>produktm\u00e5linger<\/p>\n<p>A 1\/2 brystbredde<\/p>\n<p>B 1\/2 b\u00e5ndbredde<\/p>\n<p>C foran l\u00e6ngde<\/p>\n<p>D b\u00e5ndh\u00f8jde<\/p>\n<table class=\"size-guide__table size-guide__new\">\n<thead>\n<tr>\n<td>St\u00f8rrelse<\/td>\n<td>A<\/td>\n<td>B<\/td>\n<td>C<\/td>\n<td>D<\/td>\n<\/tr>\n<\/thead>\n<tbody>\n<tr>\n<td>XS<\/td>\n<td>31<\/td>\n<td>29<\/td>\n<td>25<\/td>\n<td>6.5<\/td>\n<\/tr>\n<tr>\n<td>S<\/td>\n<td>33<\/td>\n<td>31<\/td>\n<td>26<\/td>\n<td>6.5<\/td>\n<\/tr>\n<tr>\n<td>M<\/td>\n<td>35<\/td>\n<td>33<\/td>\n<td>27<\/td>\n<td>6.5<\/td>\n<\/tr>\n<tr>\n<td>L<\/td>\n<td>39<\/td>\n<td>37<\/td>\n<td>28.5<\/td>\n<td>6.5<\/td>\n<\/tr>\n<tr>\n<td>XL<\/td>\n<td>43<\/td>\n<td>41<\/td>\n<td>30<\/td>\n<td>6.5<\/td>\n<\/tr>\n<tr>\n<td>2XL<\/td>\n<td>47<\/td>\n<td>45<\/td>\n<td>31.5<\/td>\n<td>6.5<\/td>\n<\/tr>\n<tr>\n<td>3XL<\/td>\n<td>51<\/td>\n<td>49<\/td>\n<td>33<\/td>\n<td>6.5<\/td>\n<\/tr>\n<\/tbody>\n<\/table>\n<p>Alle m\u00e5l er i centimeter<\/p>\n<h5>Guide til kropsm\u00e5linger<\/h5>\n<p><img decoding=\"async\" class=\"size-medium wp-image-27727 alignleft\" src=\"https:\/\/ukraineboost.com\/dk\/wp-content\/uploads\/sites\/12\/2023\/09\/Longline-Sports-Bra-172x300.png\" alt=\"\" width=\"172\" height=\"300\" srcset=\"https:\/\/ukraineboost.com\/dk\/wp-content\/uploads\/sites\/12\/2023\/09\/Longline-Sports-Bra-172x300.png 172w, https:\/\/ukraineboost.com\/dk\/wp-content\/uploads\/sites\/12\/2023\/09\/Longline-Sports-Bra-43x75.png 43w, https:\/\/ukraineboost.com\/dk\/wp-content\/uploads\/sites\/12\/2023\/09\/Longline-Sports-Bra-14x24.png 14w, https:\/\/ukraineboost.com\/dk\/wp-content\/uploads\/sites\/12\/2023\/09\/Longline-Sports-Bra-21x36.png 21w, https:\/\/ukraineboost.com\/dk\/wp-content\/uploads\/sites\/12\/2023\/09\/Longline-Sports-Bra-28x48.png 28w, https:\/\/ukraineboost.com\/dk\/wp-content\/uploads\/sites\/12\/2023\/09\/Longline-Sports-Bra.png 191w\" sizes=\"(max-width:767px) 172px, 172px\" \/>Denne st\u00f8rrelsesguide viser kropsm\u00e5linger. Vi foresl\u00e5r at bestille en st\u00f8rrelse st\u00f8rre, n\u00e5r dine m\u00e5linger er mellem st\u00f8rrelser.<br \/>m\u00e5l-dig-selv<\/p>\n<p>For alle horisontale m\u00e5linger, skal du holde m\u00e5leb\u00e5ndet parallelt med jorden.<\/p>\n<p>A Bryst<\/p>\n<p>Placer den ene ende af m\u00e5leb\u00e5ndet p\u00e5 det fyldigste punkt af brystet og f\u00f8r m\u00e5leb\u00e5ndet rundt om ryggen (under armhulerne, over skulderbladene) tilbage til, hvor du startede.<\/p>\n<p>B Underbrystomkreds<\/p>\n<p>Placer m\u00e5leb\u00e5ndet omkring din krop lige under dine bryster, hvor bh&#8217;en sidder.<\/p>\n<table class=\"size-guide__table size-guide__new\">\n<thead>\n<tr>\n<td>St\u00f8rrelse<\/td>\n<td>Bryst<\/td>\n<td>Under brystet<\/td>\n<\/tr>\n<\/thead>\n<tbody>\n<tr>\n<td>XS<\/td>\n<td>84<\/td>\n<td>70<\/td>\n<\/tr>\n<tr>\n<td>S<\/td>\n<td>88<\/td>\n<td>74<\/td>\n<\/tr>\n<tr>\n<td>M<\/td>\n<td>92<\/td>\n<td>78<\/td>\n<\/tr>\n<tr>\n<td>L<\/td>\n<td>100<\/td>\n<td>85<\/td>\n<\/tr>\n<tr>\n<td>XL<\/td>\n<td>108<\/td>\n<td>92<\/td>\n<\/tr>\n<tr>\n<td>2XL<\/td>\n<td>116<\/td>\n<td>99<\/td>\n<\/tr>\n<tr>\n<td>3XL<\/td>\n<td>124<\/td>\n<td>106<\/td>\n<\/tr>\n<\/tbody>\n<\/table>\n<p>Alle m\u00e5l er i centimeter<\/p>\n<p>Pro-tip! M\u00e5l et af dine produkter derhjemme og sammenlign med m\u00e5lene, du ser i denne vejledning.<\/p>\n<h4>Leveringstid<\/h4>\n<p>Da dette er et print on demand produkt kan leveringstiden variere. Typisk er leveringstiden en til to uger. Vi pr\u00f8ver altid at finde leverand\u00f8rer s\u00e5 geografisk t\u00e6t p\u00e5 som muligt for at minimere leveringstid og transportomkostninger.<\/p>\n","protected":false},"excerpt":{"rendered":"<p>Denne sports-bh er den perfekte tr\u00e6ningstop til motion. Kompressionsstoffet sammen med dobbeltlags front og skulderstropper sikrer god st\u00f8tte under l\u00f8b, hop eller styrketr\u00e6ning. Brug den under<span class=\"excerpt-hellip\"> [\u2026]<\/span><\/p>\n","protected":false},"featured_media":18326,"comment_status":"open","ping_status":"closed","template":"","meta":[],"product_cat":[171,173],"product_tag":[],"_links":{"self":[{"href":"https:\/\/ukraineboost.com\/dk\/wp-json\/wp\/v2\/product\/18318"}],"collection":[{"href":"https:\/\/ukraineboost.com\/dk\/wp-json\/wp\/v2\/product"}],"about":[{"href":"https:\/\/ukraineboost.com\/dk\/wp-json\/wp\/v2\/types\/product"}],"replies":[{"embeddable":true,"href":"https:\/\/ukraineboost.com\/dk\/wp-json\/wp\/v2\/comments?post=18318"}],"wp:featuredmedia":[{"embeddable":true,"href":"https:\/\/ukraineboost.com\/dk\/wp-json\/wp\/v2\/media\/18326"}],"wp:attachment":[{"href":"https:\/\/ukraineboost.com\/dk\/wp-json\/wp\/v2\/media?parent=18318"}],"wp:term":[{"taxonomy":"product_cat","embeddable":true,"href":"https:\/\/ukraineboost.com\/dk\/wp-json\/wp\/v2\/product_cat?post=18318"},{"taxonomy":"product_tag","embeddable":true,"href":"https:\/\/ukraineboost.com\/dk\/wp-json\/wp\/v2\/product_tag?post=18318"}],"curies":[{"name":"wp","href":"https:\/\/api.w.org\/{rel}","templated":true}]}}