{"id":16287,"date":"2023-09-04T07:48:40","date_gmt":"2023-09-04T07:48:40","guid":{"rendered":"https:\/\/ukraineboost.com\/dk\/product\/all-over-print-womens-athletic-t-shirt-3\/"},"modified":"2023-09-20T15:01:40","modified_gmt":"2023-09-20T15:01:40","slug":"all-over-print-womens-athletic-t-shirt-3","status":"publish","type":"product","link":"https:\/\/ukraineboost.com\/dk\/product\/all-over-print-womens-athletic-t-shirt-3\/","title":{"rendered":"Sports t-shirt til kvinder &#8211; Ukrainske symboler &#8211; hvid baggrund"},"content":{"rendered":"<p>Denne t-shirt kombinerer lethed og stil p\u00e5 en enkel m\u00e5de. Sportsnetstoffet med fugtstyring holder enhver idr\u00e6tsud\u00f8ver t\u00f8r og komfortabel under tr\u00e6ning, samtidig med at designet g\u00f8r det til et unikt statement-stykke.<\/p>\n<p>\u2022 92% polyester, 8% spandex<br \/>\u2022 Stofv\u00e6gt: 4.42 oz\/yd\u00b2 (150 g\/m\u00b2)<br \/>\u2022 Meget bl\u00f8dt firevejsstr\u00e6k sportsnetstof<br \/>\u2022 Behagelig pasform<br \/>\u2022 Overlock- og coverstitch-s\u00f8mme<\/p>\n<p>Dette produkt er lavet specielt til dig, s\u00e5 snart du placerer en ordre, hvilket er grunden til, at det tager os lidt l\u00e6ngere tid at levere det til dig. At lave produkter p\u00e5 bestilling i stedet for i bulk hj\u00e6lper med at reducere overproduktion, s\u00e5 tak for at tr\u00e6ffe velovervejede k\u00f8bsbeslutninger<\/p>\n<h4>M\u00e5leskema<\/h4>\n<p>Vi opfordrer dig til v\u00e6re omhyggelig med at v\u00e6lge den rigtige st\u00f8rrelse, da vi gerne vil undg\u00e5 s\u00e5 mange returvarer som muligt. M\u00e5let er at st\u00f8tte Ukraine s\u00e5 derfor vil vi gerne holde alle omkostninger s\u00e5 lave som muligt. Vi vedl\u00e6gger m\u00e5lskemaer ved alle varer, da de kommer fra forskellige leverand\u00f8rer, s\u00e5 derfor kan st\u00f8rrelserne variere. Vi takker for din forst\u00e5else.<\/p>\n<h5>Produktm\u00e5linger<\/h5>\n<p><img decoding=\"async\" class=\"size-medium wp-image-27659 alignleft\" src=\"https:\/\/ukraineboost.com\/dk\/wp-content\/uploads\/sites\/12\/2023\/09\/womens-athletic-t-shirt-300x300.png\" alt=\"\" width=\"300\" height=\"300\" srcset=\"https:\/\/ukraineboost.com\/dk\/wp-content\/uploads\/sites\/12\/2023\/09\/womens-athletic-t-shirt-300x300.png 300w, https:\/\/ukraineboost.com\/dk\/wp-content\/uploads\/sites\/12\/2023\/09\/womens-athletic-t-shirt-150x150.png 150w, https:\/\/ukraineboost.com\/dk\/wp-content\/uploads\/sites\/12\/2023\/09\/womens-athletic-t-shirt-75x75.png 75w, https:\/\/ukraineboost.com\/dk\/wp-content\/uploads\/sites\/12\/2023\/09\/womens-athletic-t-shirt-24x24.png 24w, https:\/\/ukraineboost.com\/dk\/wp-content\/uploads\/sites\/12\/2023\/09\/womens-athletic-t-shirt-36x36.png 36w, https:\/\/ukraineboost.com\/dk\/wp-content\/uploads\/sites\/12\/2023\/09\/womens-athletic-t-shirt-48x48.png 48w, https:\/\/ukraineboost.com\/dk\/wp-content\/uploads\/sites\/12\/2023\/09\/womens-athletic-t-shirt-50x50.png 50w, https:\/\/ukraineboost.com\/dk\/wp-content\/uploads\/sites\/12\/2023\/09\/womens-athletic-t-shirt-100x100.png 100w, https:\/\/ukraineboost.com\/dk\/wp-content\/uploads\/sites\/12\/2023\/09\/womens-athletic-t-shirt.png 344w\" sizes=\"(max-width:767px) 300px, 300px\" \/>Denne st\u00f8rrelsesguide viser produktm\u00e5linger, der er taget, n\u00e5r produkterne ligger fladt. Faktiske produktm\u00e5linger kan variere med op til en tomme, fordi de er h\u00e5ndlavet efter m\u00e5l.<\/p>\n<p>A 1\/2 brystbredde<\/p>\n<p>B l\u00e6ngde<\/p>\n<p>C \u00e6rmel\u00e6ngde<\/p>\n<table class=\"size-guide__table size-guide__new\">\n<thead>\n<tr>\n<td>St\u00f8rrelse<\/td>\n<td>A<\/td>\n<td>B<\/td>\n<td>C<\/td>\n<\/tr>\n<\/thead>\n<tbody>\n<tr>\n<td>XS<\/td>\n<td>42<\/td>\n<td>59.5<\/td>\n<td>15<\/td>\n<\/tr>\n<tr>\n<td>S<\/td>\n<td>44<\/td>\n<td>60<\/td>\n<td>15.5<\/td>\n<\/tr>\n<tr>\n<td>M<\/td>\n<td>46<\/td>\n<td>60.5<\/td>\n<td>16<\/td>\n<\/tr>\n<tr>\n<td>L<\/td>\n<td>50<\/td>\n<td>61.5<\/td>\n<td>17<\/td>\n<\/tr>\n<tr>\n<td>XL<\/td>\n<td>54<\/td>\n<td>62.5<\/td>\n<td>18<\/td>\n<\/tr>\n<tr>\n<td>2XL<\/td>\n<td>58<\/td>\n<td>63.5<\/td>\n<td>19<\/td>\n<\/tr>\n<tr>\n<td>3XL<\/td>\n<td>62<\/td>\n<td>64.5<\/td>\n<td>20<\/td>\n<\/tr>\n<\/tbody>\n<\/table>\n<p>Alle m\u00e5l er i centimeter<\/p>\n<h5>Guide til kropsm\u00e5ling<\/h5>\n<p><img decoding=\"async\" class=\"size-medium wp-image-27660 alignleft\" src=\"https:\/\/ukraineboost.com\/dk\/wp-content\/uploads\/sites\/12\/2023\/09\/womens-athletic-t-shirt-body-165x300.png\" alt=\"\" width=\"165\" height=\"300\" srcset=\"https:\/\/ukraineboost.com\/dk\/wp-content\/uploads\/sites\/12\/2023\/09\/womens-athletic-t-shirt-body-165x300.png 165w, https:\/\/ukraineboost.com\/dk\/wp-content\/uploads\/sites\/12\/2023\/09\/womens-athletic-t-shirt-body-41x75.png 41w, https:\/\/ukraineboost.com\/dk\/wp-content\/uploads\/sites\/12\/2023\/09\/womens-athletic-t-shirt-body-13x24.png 13w, https:\/\/ukraineboost.com\/dk\/wp-content\/uploads\/sites\/12\/2023\/09\/womens-athletic-t-shirt-body-20x36.png 20w, https:\/\/ukraineboost.com\/dk\/wp-content\/uploads\/sites\/12\/2023\/09\/womens-athletic-t-shirt-body-26x48.png 26w, https:\/\/ukraineboost.com\/dk\/wp-content\/uploads\/sites\/12\/2023\/09\/womens-athletic-t-shirt-body.png 183w\" sizes=\"(max-width:767px) 165px, 165px\" \/>Denne st\u00f8rrelsesguide viser kropsm\u00e5linger. Vi anbefaler at bestille en st\u00f8rrelse st\u00f8rre, n\u00e5r dine m\u00e5linger ligger mellem st\u00f8rrelserne.<br \/>m\u00e5l-dig-selv<\/p>\n<p>For alle vandrette m\u00e5linger, skal du holde m\u00e5leb\u00e5ndet parallelt med jorden.<\/p>\n<p>A Bryst<\/p>\n<p>Plac\u00e9r den ene ende af m\u00e5leb\u00e5ndet p\u00e5 den fyldigste del af brystet og f\u00f8r b\u00e5ndet rundt om ryggen (under armhulerne, over skulderbladene) tilbage til, hvor du startede.<\/p>\n<p>B Talje<\/p>\n<p>Placer m\u00e5leb\u00e5ndet p\u00e5 den smalleste del af taljen og m\u00e5l rundt om.<\/p>\n<p>C Hofter<\/p>\n<p>Placer begyndelsen af m\u00e5leb\u00e5ndet p\u00e5 det ene hofte og f\u00f8r b\u00e5ndet over den fyldigste del af hofterne tilbage til, hvor du startede med at m\u00e5le.<\/p>\n<table class=\"size-guide__table size-guide__new\">\n<thead>\n<tr>\n<td>St\u00f8rrelse<\/td>\n<td>Bryst<\/td>\n<td>Talje<\/td>\n<td>Hofter<\/td>\n<\/tr>\n<\/thead>\n<tbody>\n<tr>\n<td>XS<\/td>\n<td>84<\/td>\n<td>64<\/td>\n<td>90<\/td>\n<\/tr>\n<tr>\n<td>S<\/td>\n<td>88<\/td>\n<td>68<\/td>\n<td>94<\/td>\n<\/tr>\n<tr>\n<td>M<\/td>\n<td>92<\/td>\n<td>72<\/td>\n<td>98<\/td>\n<\/tr>\n<tr>\n<td>L<\/td>\n<td>100<\/td>\n<td>80<\/td>\n<td>106<\/td>\n<\/tr>\n<tr>\n<td>XL<\/td>\n<td>108<\/td>\n<td>88<\/td>\n<td>114<\/td>\n<\/tr>\n<tr>\n<td>2XL<\/td>\n<td>116<\/td>\n<td>96<\/td>\n<td>122<\/td>\n<\/tr>\n<tr>\n<td>3XL<\/td>\n<td>124<\/td>\n<td>104<\/td>\n<td>130<\/td>\n<\/tr>\n<\/tbody>\n<\/table>\n<p>Alle m\u00e5l er i centimeter<\/p>\n<p>Pro-tip! M\u00e5l et af dine produkter derhjemme og sammenlign med m\u00e5lene, du ser i denne vejledning.<\/p>\n<h4>Leveringstid<\/h4>\n<p>Da dette er et print on demand produkt kan leveringstiden variere. Typisk er leveringstiden en til to uger. Vi pr\u00f8ver altid at finde leverand\u00f8rer s\u00e5 geografisk t\u00e6t p\u00e5 som muligt for at minimere leveringstid og transportomkostninger.<\/p>\n","protected":false},"excerpt":{"rendered":"<p>Denne t-shirt kombinerer lethed og stil p\u00e5 en enkel m\u00e5de. Sportsnetstoffet med fugtstyring holder enhver idr\u00e6tsud\u00f8ver t\u00f8r og komfortabel under tr\u00e6ning, samtidig med at designet g\u00f8r<span class=\"excerpt-hellip\"> [\u2026]<\/span><\/p>\n","protected":false},"featured_media":16295,"comment_status":"open","ping_status":"closed","template":"","meta":[],"product_cat":[182,171],"product_tag":[],"_links":{"self":[{"href":"https:\/\/ukraineboost.com\/dk\/wp-json\/wp\/v2\/product\/16287"}],"collection":[{"href":"https:\/\/ukraineboost.com\/dk\/wp-json\/wp\/v2\/product"}],"about":[{"href":"https:\/\/ukraineboost.com\/dk\/wp-json\/wp\/v2\/types\/product"}],"replies":[{"embeddable":true,"href":"https:\/\/ukraineboost.com\/dk\/wp-json\/wp\/v2\/comments?post=16287"}],"wp:featuredmedia":[{"embeddable":true,"href":"https:\/\/ukraineboost.com\/dk\/wp-json\/wp\/v2\/media\/16295"}],"wp:attachment":[{"href":"https:\/\/ukraineboost.com\/dk\/wp-json\/wp\/v2\/media?parent=16287"}],"wp:term":[{"taxonomy":"product_cat","embeddable":true,"href":"https:\/\/ukraineboost.com\/dk\/wp-json\/wp\/v2\/product_cat?post=16287"},{"taxonomy":"product_tag","embeddable":true,"href":"https:\/\/ukraineboost.com\/dk\/wp-json\/wp\/v2\/product_tag?post=16287"}],"curies":[{"name":"wp","href":"https:\/\/api.w.org\/{rel}","templated":true}]}}