{"id":15542,"date":"2023-08-31T09:01:33","date_gmt":"2023-08-31T09:01:33","guid":{"rendered":"https:\/\/ukraineboost.com\/dk\/product\/mens-rash-guard-15\/"},"modified":"2024-04-07T13:21:38","modified_gmt":"2024-04-07T13:21:38","slug":"mens-rash-guard-15","status":"publish","type":"product","link":"https:\/\/ukraineboost.com\/dk\/product\/mens-rash-guard-15\/","title":{"rendered":"Men&#8217;s Rash Guard &#8211; Ukrainske symboler &#8211; gr\u00f8n"},"content":{"rendered":"<div class=\"flex flex-grow flex-col gap-3\">\n<div class=\"min-h-[20px] flex flex-col items-start gap-3 overflow-x-auto whitespace-pre-wrap break-words\">\n<div class=\"markdown prose w-full break-words dark:prose-invert light\">Der er ikke noget v\u00e6rre end at f\u00e5 solskoldning eller bl\u00e5 m\u00e6rker, der \u00f8del\u00e6gger en dag udenfor. Men her kommer denne glatte, lang\u00e6rmede rash guard ind i billedet! Den er t\u00e6tsiddende, lidt l\u00e6ngere end en almindelig T-shirt og skr\u00e6ddersyet til at beskytte mod solen og vinden under en aktiv dag udend\u00f8rs. Den er perfekt til levende print, der vil blive bem\u00e6rket.<\/div>\n<ul>\n<li class=\"markdown prose w-full break-words dark:prose-invert light\">82% polyester, 18% spandex<\/li>\n<li class=\"markdown prose w-full break-words dark:prose-invert light\">Stofv\u00e6gt: 6.78 oz\/yd\u00b2 (230 g\/m\u00b2), v\u00e6gten kan variere med op til 5%<\/li>\n<li class=\"markdown prose w-full break-words dark:prose-invert light\">Meget bl\u00f8dt firevejs str\u00e6kbart stof, der str\u00e6kker sig og genvinder sin form p\u00e5 tv\u00e6rs og l\u00e6ngdegraderne UPF 50+<\/li>\n<li class=\"markdown prose w-full break-words dark:prose-invert light\">Behagelig l\u00e6ngere krop og \u00e6rmer<\/li>\n<li class=\"markdown prose w-full break-words dark:prose-invert light\">Flade s\u00f8mme og d\u00e6kkant<\/li>\n<\/ul>\n<div class=\"markdown prose w-full break-words dark:prose-invert light\"><strong>Bem\u00e6rk:<\/strong> For at f\u00e5 din Rash Guard til at holde l\u00e6ngere, skal den skylles grundigt af efter hver brug for at fjerne eventuelle klor-\/saltrester. Bem\u00e6rk, at kontakt med ru overflader og velcrolukninger b\u00f8r undg\u00e5s, da de kan tr\u00e6kke de hvide fibre ud af stoffet og beskadige rash guardens udseende.<\/div>\n<div class=\"markdown prose w-full break-words dark:prose-invert light\">\n<p>Dette produkt bliver lavet specielt til dig, s\u00e5 snart du afgiver en bestilling, hvilket er grunden til, at det tager os lidt l\u00e6ngere tid at levere det til dig. Ved at producere p\u00e5 bestilling i stedet for i store m\u00e6ngder bidrager vi til at reducere overproduktion, s\u00e5 tak for at tr\u00e6ffe velovervejede k\u00f8bsbeslutninger!<\/p>\n<h4>M\u00e5leskema<\/h4>\n<p>Vi opfordrer dig til v\u00e6re omhyggelig med at v\u00e6lge den rigtige st\u00f8rrelse, da vi gerne vil undg\u00e5 s\u00e5 mange returvarer som muligt. M\u00e5let er at st\u00f8tte Ukraine s\u00e5 derfor vil vi gerne holde alle omkostninger s\u00e5 lave som muligt. Vi vedl\u00e6gger m\u00e5lskemaer ved alle varer, da de kommer fra forskellige leverand\u00f8rer, s\u00e5 derfor kan st\u00f8rrelserne variere. Vi takker for din forst\u00e5else.<\/p>\n<\/div>\n<\/div>\n<\/div>\n<div class=\"flex flex-grow flex-col gap-3\">\n<div class=\"min-h-[20px] flex flex-col items-start gap-3 overflow-x-auto whitespace-pre-wrap break-words\">\n<div class=\"markdown prose w-full break-words dark:prose-invert light\">\n<h5>Guide til kropsm\u00e5ling<\/h5>\n<p><img decoding=\"async\" class=\"size-medium wp-image-9898 alignleft\" src=\"https:\/\/ukraineboost.com\/dk\/wp-content\/uploads\/sites\/12\/2023\/07\/rash-177x300.png\" alt=\"\" width=\"177\" height=\"300\" srcset=\"https:\/\/ukraineboost.com\/dk\/wp-content\/uploads\/sites\/12\/2023\/07\/rash-177x300.png 177w, https:\/\/ukraineboost.com\/dk\/wp-content\/uploads\/sites\/12\/2023\/07\/rash-44x75.png 44w, https:\/\/ukraineboost.com\/dk\/wp-content\/uploads\/sites\/12\/2023\/07\/rash-14x24.png 14w, https:\/\/ukraineboost.com\/dk\/wp-content\/uploads\/sites\/12\/2023\/07\/rash-21x36.png 21w, https:\/\/ukraineboost.com\/dk\/wp-content\/uploads\/sites\/12\/2023\/07\/rash-28x48.png 28w, https:\/\/ukraineboost.com\/dk\/wp-content\/uploads\/sites\/12\/2023\/07\/rash.png 189w\" sizes=\"(max-width:767px) 177px, 177px\" \/>Denne st\u00f8rrelsesguide viser kropsm\u00e5linger. Vi foresl\u00e5r at bestille en st\u00f8rrelse mindre, n\u00e5r dine m\u00e5linger er mellem st\u00f8rrelser. m\u00e5l-dig-selv For alle horisontale m\u00e5linger, hold venligst m\u00e5leb\u00e5ndet parallelt med jorden.<\/p>\n<\/div>\n<div><\/div>\n<div class=\"markdown prose w-full break-words dark:prose-invert light\">A Bryst Placer den ene ende af m\u00e5leb\u00e5ndet p\u00e5 den fyldigste del af brystet og f\u00f8r det om p\u00e5 ryggen (under armhulerne, over skulderbladene) tilbage til, hvor du startede.<\/div>\n<div class=\"markdown prose w-full break-words dark:prose-invert light\">B Talje Placer m\u00e5leb\u00e5ndet p\u00e5 den smalleste del af taljen og m\u00e5l rundt.<\/div>\n<div class=\"markdown prose w-full break-words dark:prose-invert light\">C Hofter Placer begyndelsen af m\u00e5leb\u00e5ndet p\u00e5 den ene hofte og f\u00f8r det over den fyldigste del af hofterne tilbage til, hvor du startede med at m\u00e5le.<\/div>\n<div><\/div>\n<div class=\"markdown prose w-full break-words dark:prose-invert light\">\n<div class=\"flex flex-grow flex-col gap-3\">\n<div class=\"min-h-[20px] flex flex-col items-start gap-3 overflow-x-auto whitespace-pre-wrap break-words\">\n<div class=\"markdown prose w-full break-words dark:prose-invert light\">\n<table class=\"size-guide__table size-guide__new\">\n<thead>\n<tr>\n<td>St\u00f8rrelse<\/td>\n<td>Bryst<\/td>\n<td>Talje<\/td>\n<td>Hofte<\/td>\n<\/tr>\n<\/thead>\n<tbody>\n<tr>\n<td>XS<\/td>\n<td>92<\/td>\n<td>76<\/td>\n<td>94<\/td>\n<\/tr>\n<tr>\n<td>S<\/td>\n<td>96<\/td>\n<td>80<\/td>\n<td>98<\/td>\n<\/tr>\n<tr>\n<td>M<\/td>\n<td>100<\/td>\n<td>84<\/td>\n<td>102<\/td>\n<\/tr>\n<tr>\n<td>L<\/td>\n<td>108<\/td>\n<td>92<\/td>\n<td>110<\/td>\n<\/tr>\n<tr>\n<td>XL<\/td>\n<td>116<\/td>\n<td>100<\/td>\n<td>118<\/td>\n<\/tr>\n<tr>\n<td>2XL<\/td>\n<td>124<\/td>\n<td>108<\/td>\n<td>126<\/td>\n<\/tr>\n<tr>\n<td>3XL<\/td>\n<td>132<\/td>\n<td>116<\/td>\n<td>134<\/td>\n<\/tr>\n<\/tbody>\n<\/table>\n<p>Alle m\u00e5l er i centimeter<\/p>\n<h5>Produktm\u00e5linger<\/h5>\n<p><img decoding=\"async\" class=\"size-medium wp-image-9899 alignleft\" src=\"https:\/\/ukraineboost.com\/dk\/wp-content\/uploads\/sites\/12\/2023\/07\/92b66e1989e5a32e7c4a4203b692de33_l-300x300.png\" alt=\"\" width=\"300\" height=\"300\" srcset=\"https:\/\/ukraineboost.com\/dk\/wp-content\/uploads\/sites\/12\/2023\/07\/92b66e1989e5a32e7c4a4203b692de33_l-300x300.png 300w, https:\/\/ukraineboost.com\/dk\/wp-content\/uploads\/sites\/12\/2023\/07\/92b66e1989e5a32e7c4a4203b692de33_l-150x150.png 150w, https:\/\/ukraineboost.com\/dk\/wp-content\/uploads\/sites\/12\/2023\/07\/92b66e1989e5a32e7c4a4203b692de33_l-75x75.png 75w, https:\/\/ukraineboost.com\/dk\/wp-content\/uploads\/sites\/12\/2023\/07\/92b66e1989e5a32e7c4a4203b692de33_l-24x24.png 24w, https:\/\/ukraineboost.com\/dk\/wp-content\/uploads\/sites\/12\/2023\/07\/92b66e1989e5a32e7c4a4203b692de33_l-36x36.png 36w, https:\/\/ukraineboost.com\/dk\/wp-content\/uploads\/sites\/12\/2023\/07\/92b66e1989e5a32e7c4a4203b692de33_l-48x48.png 48w, https:\/\/ukraineboost.com\/dk\/wp-content\/uploads\/sites\/12\/2023\/07\/92b66e1989e5a32e7c4a4203b692de33_l-50x50.png 50w, https:\/\/ukraineboost.com\/dk\/wp-content\/uploads\/sites\/12\/2023\/07\/92b66e1989e5a32e7c4a4203b692de33_l-100x100.png 100w, https:\/\/ukraineboost.com\/dk\/wp-content\/uploads\/sites\/12\/2023\/07\/92b66e1989e5a32e7c4a4203b692de33_l.png 343w\" sizes=\"(max-width:767px) 300px, 300px\" \/>Denne st\u00f8rrelsesguide viser produktm\u00e5linger, der er taget, n\u00e5r produkterne ligger fladt. Faktiske produktm\u00e5linger kan variere med op til 1&#8243;, da de er h\u00e5ndlavet og skr\u00e6ddersyet. produkt-m\u00e5linger<\/p>\n<\/div>\n<div><\/div>\n<div class=\"markdown prose w-full break-words dark:prose-invert light\">A 1\/2 brystbredde<\/div>\n<div class=\"markdown prose w-full break-words dark:prose-invert light\">B 1\/2 taljebredde<\/div>\n<div class=\"markdown prose w-full break-words dark:prose-invert light\">C l\u00e6ngde<\/div>\n<div class=\"markdown prose w-full break-words dark:prose-invert light\">D 1\/2 overarmbredde<\/div>\n<div class=\"markdown prose w-full break-words dark:prose-invert light\">E \u00e6rmel\u00e6ngde<\/div>\n<div><\/div>\n<\/div>\n<\/div>\n<div class=\"flex justify-between lg:block\">\n<div class=\"text-gray-400 flex self-end lg:self-center justify-center mt-2 gap-2 md:gap-3 lg:gap-1 lg:absolute lg:top-0 lg:translate-x-full lg:right-0 lg:mt-0 lg:pl-2 visible\">\n<table class=\"size-guide__table size-guide__new\">\n<thead>\n<tr>\n<td>St\u00f8rrelse<\/td>\n<td>A<\/td>\n<td>B<\/td>\n<td>C<\/td>\n<td>D<\/td>\n<td>E<\/td>\n<\/tr>\n<\/thead>\n<tbody>\n<tr>\n<td>XS<\/td>\n<td>43<\/td>\n<td>36<\/td>\n<td>69<\/td>\n<td>17<\/td>\n<td>73<\/td>\n<\/tr>\n<tr>\n<td>S<\/td>\n<td>45<\/td>\n<td>38<\/td>\n<td>70<\/td>\n<td>18<\/td>\n<td>74<\/td>\n<\/tr>\n<tr>\n<td>M<\/td>\n<td>47<\/td>\n<td>40<\/td>\n<td>71<\/td>\n<td>19<\/td>\n<td>75<\/td>\n<\/tr>\n<tr>\n<td>L<\/td>\n<td>51<\/td>\n<td>44<\/td>\n<td>72<\/td>\n<td>21<\/td>\n<td>76<\/td>\n<\/tr>\n<tr>\n<td>XL<\/td>\n<td>55<\/td>\n<td>48<\/td>\n<td>73<\/td>\n<td>23<\/td>\n<td>77<\/td>\n<\/tr>\n<tr>\n<td>2XL<\/td>\n<td>59<\/td>\n<td>52<\/td>\n<td>74<\/td>\n<td>25<\/td>\n<td>78<\/td>\n<\/tr>\n<tr>\n<td>3XL<\/td>\n<td>63<\/td>\n<td>56<\/td>\n<td>75<\/td>\n<td>27<\/td>\n<td>79<\/td>\n<\/tr>\n<\/tbody>\n<\/table>\n<p>Alle m\u00e5l er i centimeter<\/p>\n<p>Pro-tip! M\u00e5l et af dine produkter derhjemme og sammenlign med m\u00e5lene, du ser i denne vejledning.<\/p>\n<h4>Leveringstid<\/h4>\n<p>Da dette er et print on demand produkt kan leveringstiden variere. Typisk er leveringstiden en til to uger. Vi pr\u00f8ver altid at finde leverand\u00f8rer s\u00e5 geografisk t\u00e6t p\u00e5 som muligt for at minimere leveringstid og transportomkostninger.<\/p>\n<\/div>\n<\/div>\n<\/div>\n<\/div>\n<\/div>\n","protected":false},"excerpt":{"rendered":"<p>Der er ikke noget v\u00e6rre end at f\u00e5 solskoldning eller bl\u00e5 m\u00e6rker, der \u00f8del\u00e6gger en dag udenfor. Men her kommer denne glatte, lang\u00e6rmede rash guard ind<span class=\"excerpt-hellip\"> [\u2026]<\/span><\/p>\n","protected":false},"featured_media":15550,"comment_status":"open","ping_status":"closed","template":"","meta":[],"product_cat":[169,171],"product_tag":[],"_links":{"self":[{"href":"https:\/\/ukraineboost.com\/dk\/wp-json\/wp\/v2\/product\/15542"}],"collection":[{"href":"https:\/\/ukraineboost.com\/dk\/wp-json\/wp\/v2\/product"}],"about":[{"href":"https:\/\/ukraineboost.com\/dk\/wp-json\/wp\/v2\/types\/product"}],"replies":[{"embeddable":true,"href":"https:\/\/ukraineboost.com\/dk\/wp-json\/wp\/v2\/comments?post=15542"}],"wp:featuredmedia":[{"embeddable":true,"href":"https:\/\/ukraineboost.com\/dk\/wp-json\/wp\/v2\/media\/15550"}],"wp:attachment":[{"href":"https:\/\/ukraineboost.com\/dk\/wp-json\/wp\/v2\/media?parent=15542"}],"wp:term":[{"taxonomy":"product_cat","embeddable":true,"href":"https:\/\/ukraineboost.com\/dk\/wp-json\/wp\/v2\/product_cat?post=15542"},{"taxonomy":"product_tag","embeddable":true,"href":"https:\/\/ukraineboost.com\/dk\/wp-json\/wp\/v2\/product_tag?post=15542"}],"curies":[{"name":"wp","href":"https:\/\/api.w.org\/{rel}","templated":true}]}}