{"id":13796,"date":"2023-08-28T09:57:31","date_gmt":"2023-08-28T09:57:31","guid":{"rendered":"https:\/\/ukraineboost.com\/dk\/product\/womens-t-shirt-8\/"},"modified":"2024-04-02T14:56:23","modified_gmt":"2024-04-02T14:56:23","slug":"womens-t-shirt-8","status":"publish","type":"product","link":"https:\/\/ukraineboost.com\/dk\/product\/womens-t-shirt-8\/","title":{"rendered":"T-shirt &#8211; Ukrainian Splash &#8211; sand"},"content":{"rendered":"<div class=\"flex flex-grow flex-col gap-3\">\n<div class=\"min-h-[20px] flex flex-col items-start gap-3 overflow-x-auto whitespace-pre-wrap break-words\">\n<div class=\"markdown prose w-full break-words dark:prose-invert light\">\n<p>L\u00e6r din nye yndlings T-shirt at kende \u2013 den er super glat, super behagelig og lavet af et polyesterjersey med bomuldsfornemmelse, der ikke falmer efter vask.<\/p>\n<ul>\n<li>95% polyester, 5% elastan (stoffets sammens\u00e6tning kan variere med 1%)<\/li>\n<li>Premium strikket mellemv\u00e6gts jersey<\/li>\n<li>Firevejs str\u00e6kbart stof, der str\u00e6kker sig og genvinder p\u00e5 tv\u00e6rs og i l\u00e6ngden<\/li>\n<li>Normal pasform<\/li>\n<\/ul>\n<p>Dette produkt bliver lavet specielt til dig, s\u00e5 snart du placerer en ordre, hvilket er grunden til, at det tager os lidt l\u00e6ngere tid at levere det til dig. Ved at lave produkter efter behov i stedet for i store m\u00e6ngder hj\u00e6lper du med at reducere overproduktion, s\u00e5 tak fordi du tr\u00e6ffer velovervejede k\u00f8bsbeslutninger!<\/p>\n<h4>M\u00e5leskema<\/h4>\n<p>Vi opfordrer dig til v\u00e6re omhyggelig med at v\u00e6lge den rigtige st\u00f8rrelse, da vi gerne vil undg\u00e5 s\u00e5 mange returvarer som muligt. M\u00e5let er at st\u00f8tte Ukraine s\u00e5 derfor vil vi gerne holde alle omkostninger s\u00e5 lave som muligt. Vi vedl\u00e6gger m\u00e5lskemaer ved alle varer, da de kommer fra forskellige leverand\u00f8rer, s\u00e5 derfor kan st\u00f8rrelserne variere. Vi takker for din forst\u00e5else.<\/p>\n<\/div>\n<\/div>\n<\/div>\n<div class=\"flex flex-grow flex-col gap-3\">\n<div class=\"min-h-[20px] flex flex-col items-start gap-3 overflow-x-auto whitespace-pre-wrap break-words\">\n<div class=\"markdown prose w-full break-words dark:prose-invert light\">\n<p>Produktm\u00e5linger<\/p>\n<p><img decoding=\"async\" class=\"size-medium wp-image-14424 alignleft\" src=\"https:\/\/ukraineboost.com\/dk\/wp-content\/uploads\/sites\/12\/2023\/08\/womens-t-shirt-300x300.png\" alt=\"\" width=\"300\" height=\"300\" srcset=\"https:\/\/ukraineboost.com\/dk\/wp-content\/uploads\/sites\/12\/2023\/08\/womens-t-shirt-300x300.png 300w, https:\/\/ukraineboost.com\/dk\/wp-content\/uploads\/sites\/12\/2023\/08\/womens-t-shirt-150x150.png 150w, https:\/\/ukraineboost.com\/dk\/wp-content\/uploads\/sites\/12\/2023\/08\/womens-t-shirt-75x75.png 75w, https:\/\/ukraineboost.com\/dk\/wp-content\/uploads\/sites\/12\/2023\/08\/womens-t-shirt-24x24.png 24w, https:\/\/ukraineboost.com\/dk\/wp-content\/uploads\/sites\/12\/2023\/08\/womens-t-shirt-36x36.png 36w, https:\/\/ukraineboost.com\/dk\/wp-content\/uploads\/sites\/12\/2023\/08\/womens-t-shirt-48x48.png 48w, https:\/\/ukraineboost.com\/dk\/wp-content\/uploads\/sites\/12\/2023\/08\/womens-t-shirt-50x50.png 50w, https:\/\/ukraineboost.com\/dk\/wp-content\/uploads\/sites\/12\/2023\/08\/womens-t-shirt-100x100.png 100w, https:\/\/ukraineboost.com\/dk\/wp-content\/uploads\/sites\/12\/2023\/08\/womens-t-shirt.png 343w\" sizes=\"(max-width:767px) 300px, 300px\" \/>Denne st\u00f8rrelsesguide viser produktm\u00e5linger taget, n\u00e5r produkterne er lagt fladt. Faktiske produktm\u00e5linger kan variere med op til 1&#8243;, da de er h\u00e5ndlavet efter m\u00e5l. produkt-m\u00e5linger<\/p>\n<p>A 1\/2 brystbredde<\/p>\n<p>B l\u00e6ngde<\/p>\n<p>C \u00e6rmel\u00e6ngde<\/p>\n<\/div>\n<\/div>\n<\/div>\n<table class=\"size-guide__table size-guide__new\">\n<thead>\n<tr>\n<td>St\u00f8rrelse Label<\/td>\n<td>A<\/td>\n<td>B<\/td>\n<td>C<\/td>\n<\/tr>\n<\/thead>\n<tbody>\n<tr>\n<td>XS<\/td>\n<td>40<\/td>\n<td>59<\/td>\n<td>18<\/td>\n<\/tr>\n<tr>\n<td>S<\/td>\n<td>42<\/td>\n<td>60<\/td>\n<td>19<\/td>\n<\/tr>\n<tr>\n<td>M<\/td>\n<td>44<\/td>\n<td>61<\/td>\n<td>20<\/td>\n<\/tr>\n<tr>\n<td>L<\/td>\n<td>48<\/td>\n<td>64<\/td>\n<td>21<\/td>\n<\/tr>\n<tr>\n<td>XL<\/td>\n<td>52<\/td>\n<td>67<\/td>\n<td>22<\/td>\n<\/tr>\n<tr>\n<td>2XL<\/td>\n<td>56<\/td>\n<td>70<\/td>\n<td>23<\/td>\n<\/tr>\n<\/tbody>\n<\/table>\n<div class=\"flex flex-grow flex-col gap-3\">\n<div class=\"min-h-[20px] flex flex-col items-start gap-3 overflow-x-auto whitespace-pre-wrap break-words\">\n<div class=\"markdown prose w-full break-words dark:prose-invert light\">\n<p>Guide til kropsm\u00e5linger<\/p>\n<p><img decoding=\"async\" class=\"size-medium wp-image-14425 alignleft\" src=\"https:\/\/ukraineboost.com\/dk\/wp-content\/uploads\/sites\/12\/2023\/08\/womens-t-shirt-body-169x300.png\" alt=\"\" width=\"169\" height=\"300\" srcset=\"https:\/\/ukraineboost.com\/dk\/wp-content\/uploads\/sites\/12\/2023\/08\/womens-t-shirt-body-169x300.png 169w, https:\/\/ukraineboost.com\/dk\/wp-content\/uploads\/sites\/12\/2023\/08\/womens-t-shirt-body-42x75.png 42w, https:\/\/ukraineboost.com\/dk\/wp-content\/uploads\/sites\/12\/2023\/08\/womens-t-shirt-body-14x24.png 14w, https:\/\/ukraineboost.com\/dk\/wp-content\/uploads\/sites\/12\/2023\/08\/womens-t-shirt-body-20x36.png 20w, https:\/\/ukraineboost.com\/dk\/wp-content\/uploads\/sites\/12\/2023\/08\/womens-t-shirt-body-27x48.png 27w, https:\/\/ukraineboost.com\/dk\/wp-content\/uploads\/sites\/12\/2023\/08\/womens-t-shirt-body.png 192w\" sizes=\"(max-width:767px) 169px, 169px\" \/>Denne st\u00f8rrelsesguide viser kropsm\u00e5linger. Vi foresl\u00e5r at bestille en st\u00f8rrelse st\u00f8rre, n\u00e5r dine m\u00e5linger er mellem st\u00f8rrelserne. m\u00e5l-dig-selv<\/p>\n<p>For alle horisontale m\u00e5linger skal du holde m\u00e5leb\u00e5ndet parallelt med jorden.<\/p>\n<p>A Bryst<\/p>\n<p>Plac\u00e9r den ene ende af m\u00e5leb\u00e5ndet p\u00e5 den fuldeste del af brystet og f\u00f8r b\u00e5ndet om bagp\u00e5 (under armhulerne, over skulderbladene) tilbage til hvor du startede.<\/p>\n<p>B Talje<\/p>\n<p>Plac\u00e9r m\u00e5leb\u00e5ndet p\u00e5 den smalleste del af taljen og m\u00e5l rundt.<\/p>\n<table class=\"size-guide__table size-guide__new\">\n<thead>\n<tr>\n<td>St\u00f8rrelse<\/td>\n<td>Bryst<\/td>\n<td>Talje<\/td>\n<\/tr>\n<\/thead>\n<tbody>\n<tr>\n<td>XS<\/td>\n<td>84<\/td>\n<td>64<\/td>\n<\/tr>\n<tr>\n<td>S<\/td>\n<td>88<\/td>\n<td>68<\/td>\n<\/tr>\n<tr>\n<td>M<\/td>\n<td>92<\/td>\n<td>72<\/td>\n<\/tr>\n<tr>\n<td>L<\/td>\n<td>100<\/td>\n<td>80<\/td>\n<\/tr>\n<tr>\n<td>XL<\/td>\n<td>108<\/td>\n<td>88<\/td>\n<\/tr>\n<tr>\n<td>2XL<\/td>\n<td>116<\/td>\n<td>96<\/td>\n<\/tr>\n<\/tbody>\n<\/table>\n<\/div>\n<\/div>\n<\/div>\n<p>Pro-tip! M\u00e5l et af dine produkter derhjemme og sammenlign med m\u00e5lene, du ser i denne vejledning.<\/p>\n<h4>Leveringstid<\/h4>\n<p>Da dette er et print on demand produkt kan leveringstiden variere. Typisk er leveringstiden en til to uger. Vi pr\u00f8ver altid at finde leverand\u00f8rer s\u00e5 geografisk t\u00e6t p\u00e5 som muligt for at minimere leveringstid og transportomkostninger.<\/p>\n","protected":false},"excerpt":{"rendered":"<p>L\u00e6r din nye yndlings T-shirt at kende \u2013 den er super glat, super behagelig og lavet af et polyesterjersey med bomuldsfornemmelse, der ikke falmer efter vask.<span class=\"excerpt-hellip\"> [\u2026]<\/span><\/p>\n","protected":false},"featured_media":13803,"comment_status":"open","ping_status":"closed","template":"","meta":[],"product_cat":[182,171],"product_tag":[],"_links":{"self":[{"href":"https:\/\/ukraineboost.com\/dk\/wp-json\/wp\/v2\/product\/13796"}],"collection":[{"href":"https:\/\/ukraineboost.com\/dk\/wp-json\/wp\/v2\/product"}],"about":[{"href":"https:\/\/ukraineboost.com\/dk\/wp-json\/wp\/v2\/types\/product"}],"replies":[{"embeddable":true,"href":"https:\/\/ukraineboost.com\/dk\/wp-json\/wp\/v2\/comments?post=13796"}],"wp:featuredmedia":[{"embeddable":true,"href":"https:\/\/ukraineboost.com\/dk\/wp-json\/wp\/v2\/media\/13803"}],"wp:attachment":[{"href":"https:\/\/ukraineboost.com\/dk\/wp-json\/wp\/v2\/media?parent=13796"}],"wp:term":[{"taxonomy":"product_cat","embeddable":true,"href":"https:\/\/ukraineboost.com\/dk\/wp-json\/wp\/v2\/product_cat?post=13796"},{"taxonomy":"product_tag","embeddable":true,"href":"https:\/\/ukraineboost.com\/dk\/wp-json\/wp\/v2\/product_tag?post=13796"}],"curies":[{"name":"wp","href":"https:\/\/api.w.org\/{rel}","templated":true}]}}