{"id":13027,"date":"2023-08-23T15:18:20","date_gmt":"2023-08-23T15:18:20","guid":{"rendered":"https:\/\/ukraineboost.com\/dk\/product\/unisex-bomber-jacket-16\/"},"modified":"2024-04-07T14:45:27","modified_gmt":"2024-04-07T14:45:27","slug":"unisex-bomber-jacket-16","status":"publish","type":"product","link":"https:\/\/ukraineboost.com\/dk\/product\/unisex-bomber-jacket-16\/","title":{"rendered":"Unisex Bomber Jacket &#8211; Ukrainian Splash &#8211; gr\u00f8n"},"content":{"rendered":"<p>Tilf\u00f8j lidt liv til din garderobe med denne livlige All-Over Print Bomber Jakke. B\u00e6r den over en simpel t-shirt eller l\u00e6g den over en varm h\u00e6ttetr\u00f8je &#8211; den vil se fantastisk ud uanset hvad. Med b\u00f8rstet fleece indvendigt og en afslappet unisex pasform er denne Bomber Jakke lige dr\u00f8mmenes stof, s\u00e5 v\u00e6r hurtig til at f\u00e5 fingrene i en!<\/p>\n<ul>\n<li>100% polyester<\/li>\n<li>Stofv\u00e6gt: 6.49 oz\/yd\u00b2 (220 g\/m\u00b2), v\u00e6gten kan variere med op til 5%<\/li>\n<li>B\u00f8rstet fleece stof indvendigt<\/li>\n<li>Unisex pasform<\/li>\n<li>Overlock syninger<\/li>\n<li>Kraftigt nakkeb\u00e5nd<\/li>\n<li>S\u00f8lvfarvet YKK lynl\u00e5s<\/li>\n<li>2 lommer i samme stof<\/li>\n<\/ul>\n<p>Dette produkt bliver lavet specielt til dig, s\u00e5 snart du placerer en ordre, hvilket er grunden til, at det tager os lidt l\u00e6ngere tid at levere det til dig. At lave produkter efter behov i stedet for i stort antal hj\u00e6lper med at reducere overproduktion, s\u00e5 tak for at tr\u00e6ffe velovervejede k\u00f8bsbeslutninger!<\/p>\n<h4>M\u00e5leskema<\/h4>\n<p>Vi opfordrer dig til v\u00e6re omhyggelig med at v\u00e6lge den rigtige st\u00f8rrelse, da vi gerne vil undg\u00e5 s\u00e5 mange returvarer som muligt. M\u00e5let er at st\u00f8tte Ukraine s\u00e5 derfor vil vi gerne holde alle omkostninger s\u00e5 lave som muligt. Vi vedl\u00e6gger m\u00e5lskemaer ved alle varer, da de kommer fra forskellige leverand\u00f8rer, s\u00e5 derfor kan st\u00f8rrelserne variere. Vi takker for din forst\u00e5else.<\/p>\n<div class=\"flex flex-grow flex-col gap-3\">\n<div class=\"min-h-[20px] flex flex-col items-start gap-3 overflow-x-auto whitespace-pre-wrap break-words\">\n<div class=\"markdown prose w-full break-words dark:prose-invert light\">\n<p>Produktm\u00e5linger <img decoding=\"async\" class=\"size-medium wp-image-12834 alignleft\" src=\"https:\/\/ukraineboost.com\/dk\/wp-content\/uploads\/sites\/12\/2023\/08\/f7aa2b61434f003aa980f06d48534c5e_l-300x300.png\" alt=\"\" width=\"300\" height=\"300\" srcset=\"https:\/\/ukraineboost.com\/dk\/wp-content\/uploads\/sites\/12\/2023\/08\/f7aa2b61434f003aa980f06d48534c5e_l-300x300.png 300w, https:\/\/ukraineboost.com\/dk\/wp-content\/uploads\/sites\/12\/2023\/08\/f7aa2b61434f003aa980f06d48534c5e_l-150x150.png 150w, https:\/\/ukraineboost.com\/dk\/wp-content\/uploads\/sites\/12\/2023\/08\/f7aa2b61434f003aa980f06d48534c5e_l-75x75.png 75w, https:\/\/ukraineboost.com\/dk\/wp-content\/uploads\/sites\/12\/2023\/08\/f7aa2b61434f003aa980f06d48534c5e_l-24x24.png 24w, https:\/\/ukraineboost.com\/dk\/wp-content\/uploads\/sites\/12\/2023\/08\/f7aa2b61434f003aa980f06d48534c5e_l-36x36.png 36w, https:\/\/ukraineboost.com\/dk\/wp-content\/uploads\/sites\/12\/2023\/08\/f7aa2b61434f003aa980f06d48534c5e_l-48x48.png 48w, https:\/\/ukraineboost.com\/dk\/wp-content\/uploads\/sites\/12\/2023\/08\/f7aa2b61434f003aa980f06d48534c5e_l-50x50.png 50w, https:\/\/ukraineboost.com\/dk\/wp-content\/uploads\/sites\/12\/2023\/08\/f7aa2b61434f003aa980f06d48534c5e_l-100x100.png 100w, https:\/\/ukraineboost.com\/dk\/wp-content\/uploads\/sites\/12\/2023\/08\/f7aa2b61434f003aa980f06d48534c5e_l.png 344w\" sizes=\"(max-width:767px) 300px, 300px\" \/>Denne st\u00f8rrelsesguide viser produktm\u00e5linger taget, n\u00e5r produkterne er lagt fladt. Faktiske produktm\u00e5linger kan variere med op til 1&#8243;, da de er h\u00e5ndlavet efter m\u00e5l. produkt-m\u00e5linger A 1\/2 brystbredde B l\u00e6ngde C \u00e6rmel\u00e6ngde<\/p>\n<div class=\"flex flex-grow flex-col gap-3\">\n<div class=\"min-h-[20px] flex flex-col items-start gap-3 overflow-x-auto whitespace-pre-wrap break-words\">\n<div class=\"markdown prose w-full break-words dark:prose-invert light\">\n<p>M\u00e5leguide til kropsdimensioner Denne st\u00f8rrelsesguide viser m\u00e5ltagninger af kropsdimensioner. Vi foresl\u00e5r at bestille en st\u00f8rrelse op, n\u00e5r dine m\u00e5l ligger mellem st\u00f8rrelserne. m\u00e5l-dig-selv For alle horisontale m\u00e5linger, hold venligst m\u00e5leb\u00e5ndet parallelt med jorden. <img decoding=\"async\" class=\"size-medium wp-image-12833 alignleft\" src=\"https:\/\/ukraineboost.com\/dk\/wp-content\/uploads\/sites\/12\/2023\/08\/jacket-163x300.png\" alt=\"\" width=\"163\" height=\"300\" srcset=\"https:\/\/ukraineboost.com\/dk\/wp-content\/uploads\/sites\/12\/2023\/08\/jacket-163x300.png 163w, https:\/\/ukraineboost.com\/dk\/wp-content\/uploads\/sites\/12\/2023\/08\/jacket-41x75.png 41w, https:\/\/ukraineboost.com\/dk\/wp-content\/uploads\/sites\/12\/2023\/08\/jacket-13x24.png 13w, https:\/\/ukraineboost.com\/dk\/wp-content\/uploads\/sites\/12\/2023\/08\/jacket-20x36.png 20w, https:\/\/ukraineboost.com\/dk\/wp-content\/uploads\/sites\/12\/2023\/08\/jacket-26x48.png 26w, https:\/\/ukraineboost.com\/dk\/wp-content\/uploads\/sites\/12\/2023\/08\/jacket.png 188w\" sizes=\"(max-width:767px) 163px, 163px\" \/>A Bryst Placer den ene ende af m\u00e5leb\u00e5ndet p\u00e5 den bredeste del af brystet og f\u00f8r m\u00e5leb\u00e5ndet om bagp\u00e5 (under armhulerne, over skulderbladene) tilbage til, hvor du startede. B Talje Placer m\u00e5leb\u00e5ndet p\u00e5 den smalleste del af taljen og m\u00e5l omkring. C Hofter Placer begyndelsen af m\u00e5leb\u00e5ndet p\u00e5 den ene hofte og f\u00f8r m\u00e5leb\u00e5ndet henover de bredeste hofter tilbage til, hvor du startede m\u00e5lingen.<\/p>\n<table class=\"size-guide__table size-guide__new\">\n<thead>\n<tr>\n<td>St\u00f8rrelse<\/td>\n<td>Bryst<\/td>\n<td>Talje<\/td>\n<td>Hofte<\/td>\n<\/tr>\n<\/thead>\n<tbody>\n<tr>\n<td>XS<\/td>\n<td>88<\/td>\n<td>68<\/td>\n<td>94<\/td>\n<\/tr>\n<tr>\n<td>S<\/td>\n<td>92<\/td>\n<td>72<\/td>\n<td>98<\/td>\n<\/tr>\n<tr>\n<td>M<\/td>\n<td>96<\/td>\n<td>76<\/td>\n<td>102<\/td>\n<\/tr>\n<tr>\n<td>L<\/td>\n<td>104<\/td>\n<td>84<\/td>\n<td>110<\/td>\n<\/tr>\n<tr>\n<td>XL<\/td>\n<td>112<\/td>\n<td>92<\/td>\n<td>118<\/td>\n<\/tr>\n<tr>\n<td>2XL<\/td>\n<td>120<\/td>\n<td>100<\/td>\n<td>126<\/td>\n<\/tr>\n<tr>\n<td>3XL<\/td>\n<td>128<\/td>\n<td>108<\/td>\n<td>134<\/td>\n<\/tr>\n<\/tbody>\n<\/table>\n<p>Pro-tip! M\u00e5l et af dine produkter derhjemme og sammenlign med m\u00e5lene, du ser i denne vejledning.<\/p>\n<h4>Leveringstid<\/h4>\n<p>Da dette er et print on demand produkt kan leveringstiden variere. Typisk er leveringstiden en til to uger. Vi pr\u00f8ver altid at finde leverand\u00f8rer s\u00e5 geografisk t\u00e6t p\u00e5 som muligt for at minimere leveringstid og transportomkostninger.<\/p>\n<\/div>\n<\/div>\n<\/div>\n<\/div>\n<\/div>\n<\/div>\n","protected":false},"excerpt":{"rendered":"<p>Tilf\u00f8j lidt liv til din garderobe med denne livlige All-Over Print Bomber Jakke. B\u00e6r den over en simpel t-shirt eller l\u00e6g den over en varm h\u00e6ttetr\u00f8je<span class=\"excerpt-hellip\"> [\u2026]<\/span><\/p>\n","protected":false},"featured_media":13035,"comment_status":"open","ping_status":"closed","template":"","meta":[],"product_cat":[291,292,171],"product_tag":[],"_links":{"self":[{"href":"https:\/\/ukraineboost.com\/dk\/wp-json\/wp\/v2\/product\/13027"}],"collection":[{"href":"https:\/\/ukraineboost.com\/dk\/wp-json\/wp\/v2\/product"}],"about":[{"href":"https:\/\/ukraineboost.com\/dk\/wp-json\/wp\/v2\/types\/product"}],"replies":[{"embeddable":true,"href":"https:\/\/ukraineboost.com\/dk\/wp-json\/wp\/v2\/comments?post=13027"}],"wp:featuredmedia":[{"embeddable":true,"href":"https:\/\/ukraineboost.com\/dk\/wp-json\/wp\/v2\/media\/13035"}],"wp:attachment":[{"href":"https:\/\/ukraineboost.com\/dk\/wp-json\/wp\/v2\/media?parent=13027"}],"wp:term":[{"taxonomy":"product_cat","embeddable":true,"href":"https:\/\/ukraineboost.com\/dk\/wp-json\/wp\/v2\/product_cat?post=13027"},{"taxonomy":"product_tag","embeddable":true,"href":"https:\/\/ukraineboost.com\/dk\/wp-json\/wp\/v2\/product_tag?post=13027"}],"curies":[{"name":"wp","href":"https:\/\/api.w.org\/{rel}","templated":true}]}}