{"id":11032,"date":"2023-08-13T15:53:14","date_gmt":"2023-08-13T15:53:14","guid":{"rendered":"https:\/\/ukraineboost.com\/dk\/product\/reversible-bucket-hat-16\/"},"modified":"2024-04-04T09:48:28","modified_gmt":"2024-04-04T09:48:28","slug":"reversible-bucket-hat-16","status":"publish","type":"product","link":"https:\/\/ukraineboost.com\/dk\/product\/reversible-bucket-hat-16\/","title":{"rendered":"Vendbar b\u00f8llehat &#8211; Ukrainian Splash &#8211; gr\u00f8n"},"content":{"rendered":"<p>Denne vendbare b\u00f8llehat kan b\u00e6res p\u00e5 begge sider, hvilket g\u00f8r det nemt at matche med forskellige outfits. Lavet af \u00e5ndbart premium-materiale vil denne hat blive dit foretrukne streetwear-accessory.<\/p>\n<ul>\n<li>100% polyester<\/li>\n<li>Stoft\u00e6thed: 8.1 oz\/yd\u00b2 (275 g\/m\u00b2)<\/li>\n<li>Fugtafledende og \u00e5ndbart stof<\/li>\n<li>Materiale med linnedfornemmelse<\/li>\n<li>Vendbar<\/li>\n<li>Findes i 2 st\u00f8rrelser<\/li>\n<\/ul>\n<p>Dette produkt bliver fremstillet specielt til dig, s\u00e5 snart du afgiver en ordre, hvilket er grunden til, at det tager lidt l\u00e6ngere tid at levere det til dig. At fremstille produkter efter behov i stedet for i stort antal hj\u00e6lper med at reducere overproduktion, s\u00e5 tak for at tr\u00e6ffe velovervejede k\u00f8bsbeslutninger!<\/p>\n<h4>M\u00e5leskema<\/h4>\n<p>Vi opfordrer dig til v\u00e6re omhyggelig med at v\u00e6lge den rigtige st\u00f8rrelse, da vi gerne vil undg\u00e5 s\u00e5 mange returvarer som muligt. M\u00e5let er at st\u00f8tte Ukraine s\u00e5 derfor vil vi gerne holde alle omkostninger s\u00e5 lave som muligt. Vi vedl\u00e6gger m\u00e5lskemaer ved alle varer, da de kommer fra forskellige leverand\u00f8rer, s\u00e5 derfor kan st\u00f8rrelserne variere. Vi takker for din forst\u00e5else.<\/p>\n<div class=\"flex flex-grow flex-col gap-3\">\n<div class=\"min-h-[20px] flex flex-col items-start gap-3 overflow-x-auto whitespace-pre-wrap break-words\">\n<div class=\"markdown prose w-full break-words dark:prose-invert light\">\n<h5>Produktm\u00e5linger<\/h5>\n<p><img decoding=\"async\" class=\"size-medium wp-image-11914 alignleft\" src=\"https:\/\/ukraineboost.com\/dk\/wp-content\/uploads\/sites\/12\/2023\/08\/30401843c968695ef8d38a47a9f68536_l-300x300.png\" alt=\"\" width=\"300\" height=\"300\" srcset=\"https:\/\/ukraineboost.com\/dk\/wp-content\/uploads\/sites\/12\/2023\/08\/30401843c968695ef8d38a47a9f68536_l-300x300.png 300w, https:\/\/ukraineboost.com\/dk\/wp-content\/uploads\/sites\/12\/2023\/08\/30401843c968695ef8d38a47a9f68536_l-150x150.png 150w, https:\/\/ukraineboost.com\/dk\/wp-content\/uploads\/sites\/12\/2023\/08\/30401843c968695ef8d38a47a9f68536_l-75x75.png 75w, https:\/\/ukraineboost.com\/dk\/wp-content\/uploads\/sites\/12\/2023\/08\/30401843c968695ef8d38a47a9f68536_l-24x24.png 24w, https:\/\/ukraineboost.com\/dk\/wp-content\/uploads\/sites\/12\/2023\/08\/30401843c968695ef8d38a47a9f68536_l-36x36.png 36w, https:\/\/ukraineboost.com\/dk\/wp-content\/uploads\/sites\/12\/2023\/08\/30401843c968695ef8d38a47a9f68536_l-48x48.png 48w, https:\/\/ukraineboost.com\/dk\/wp-content\/uploads\/sites\/12\/2023\/08\/30401843c968695ef8d38a47a9f68536_l-50x50.png 50w, https:\/\/ukraineboost.com\/dk\/wp-content\/uploads\/sites\/12\/2023\/08\/30401843c968695ef8d38a47a9f68536_l-100x100.png 100w, https:\/\/ukraineboost.com\/dk\/wp-content\/uploads\/sites\/12\/2023\/08\/30401843c968695ef8d38a47a9f68536_l.png 350w\" sizes=\"(max-width:767px) 300px, 300px\" \/>M\u00e5l din hovedomkreds med et ikke-str\u00e6kbart m\u00e5leb\u00e5nd. Placer enden af dit m\u00e5leb\u00e5nd i panden og vikl resten omkring bagsiden af dit hoved, hold det 1\u2033 (2,5 cm) over dine \u00f8rer. Klem stedet, hvor m\u00e5leb\u00e5ndet m\u00f8der den anden ende, l\u00f8ft l\u00f8kken over dit hoved og noter m\u00e5lingen. V\u00e6r s\u00e5 omhyggelig som muligt for at f\u00e5 den mest pr\u00e6cise m\u00e5ling.<\/p>\n<table class=\"size-guide__table\">\n<thead>\n<tr>\n<td><\/td>\n<td>S\/M<\/td>\n<td>L\/XL<\/td>\n<\/tr>\n<\/thead>\n<tbody>\n<tr>\n<td class=\"size-guide__table-first-row\">A<\/td>\n<td>59.5<\/td>\n<td>63.5<\/td>\n<\/tr>\n<tr>\n<td class=\"size-guide__table-first-row\">B<\/td>\n<td>9<\/td>\n<td>10<\/td>\n<\/tr>\n<tr>\n<td class=\"size-guide__table-first-row\">C<\/td>\n<td>7<\/td>\n<td>7<\/td>\n<\/tr>\n<\/tbody>\n<\/table>\n<p>Pro-tip! M\u00e5l et af dine produkter derhjemme og sammenlign med m\u00e5lene, du ser i denne vejledning.<\/p>\n<h4>Leveringstid<\/h4>\n<p>Da dette er et print on demand tid kan leveringstiden variere. Typisk er leveringstiden en til to uger. Vi pr\u00f8ver at finde en leverand\u00f8r s\u00e5 geografisk t\u00e6t p\u00e5 som muligt for at minimere leveringstid og transportomkostninger.<\/p>\n<\/div>\n<\/div>\n<\/div>\n","protected":false},"excerpt":{"rendered":"<p>Denne vendbare b\u00f8llehat kan b\u00e6res p\u00e5 begge sider, hvilket g\u00f8r det nemt at matche med forskellige outfits. Lavet af \u00e5ndbart premium-materiale vil denne hat blive dit<span class=\"excerpt-hellip\"> [\u2026]<\/span><\/p>\n","protected":false},"featured_media":11035,"comment_status":"open","ping_status":"closed","template":"","meta":[],"product_cat":[125],"product_tag":[],"_links":{"self":[{"href":"https:\/\/ukraineboost.com\/dk\/wp-json\/wp\/v2\/product\/11032"}],"collection":[{"href":"https:\/\/ukraineboost.com\/dk\/wp-json\/wp\/v2\/product"}],"about":[{"href":"https:\/\/ukraineboost.com\/dk\/wp-json\/wp\/v2\/types\/product"}],"replies":[{"embeddable":true,"href":"https:\/\/ukraineboost.com\/dk\/wp-json\/wp\/v2\/comments?post=11032"}],"wp:featuredmedia":[{"embeddable":true,"href":"https:\/\/ukraineboost.com\/dk\/wp-json\/wp\/v2\/media\/11035"}],"wp:attachment":[{"href":"https:\/\/ukraineboost.com\/dk\/wp-json\/wp\/v2\/media?parent=11032"}],"wp:term":[{"taxonomy":"product_cat","embeddable":true,"href":"https:\/\/ukraineboost.com\/dk\/wp-json\/wp\/v2\/product_cat?post=11032"},{"taxonomy":"product_tag","embeddable":true,"href":"https:\/\/ukraineboost.com\/dk\/wp-json\/wp\/v2\/product_tag?post=11032"}],"curies":[{"name":"wp","href":"https:\/\/api.w.org\/{rel}","templated":true}]}}