{"id":10584,"date":"2023-08-13T10:02:59","date_gmt":"2023-08-13T10:02:59","guid":{"rendered":"https:\/\/ukraineboost.com\/dk\/product\/old-school-bucket-hat-2\/"},"modified":"2024-04-07T14:24:53","modified_gmt":"2024-04-07T14:24:53","slug":"old-school-bucket-hat-2","status":"publish","type":"product","link":"https:\/\/ukraineboost.com\/dk\/product\/old-school-bucket-hat-2\/","title":{"rendered":"Traditionel b\u00f8llehat &#8211; Glory to Ukraine &#8211; Glory to the Heroes"},"content":{"rendered":"<p>Denne b\u00f8llehat er en kombination af tidl\u00f8s praktikalitet og vintage stil. Perfekt til fiskeri, vandreture og 80&#8217;erne og 90&#8217;ernes nostalgi.<\/p>\n<ul>\n<li>98% bomuld, 2% spandex<\/li>\n<li>Mellemprofil hat med et omr\u00e5de til h\u00f8jprofils broderi<\/li>\n<li>3\u2033 krone<\/li>\n<li>Matchende undervisor<\/li>\n<li>Premium Flexfit svedb\u00e5nd<\/li>\n<li>\u00c9n st\u00f8rrelse passer til de fleste<\/li>\n<li>Hovedomkreds: 21 \u215d\u2033\u201323 \u215b\u2033 (55 cm\u201358,7 cm)<\/li>\n<li>Blank produkt fra Vietnam<\/li>\n<\/ul>\n<p>Dette produkt bliver lavet specielt til dig, s\u00e5 snart du placerer en ordre. Derfor tager det os lidt l\u00e6ngere tid at levere det til dig. At fremstille produkter efter behov i stedet for i store m\u00e6ngder hj\u00e6lper med at reducere overproduktion, s\u00e5 tak for at tr\u00e6ffe velovervejede k\u00f8bsbeslutninger!<\/p>\n<h4>M\u00e5leskema<\/h4>\n<p>Vi opfordrer dig til v\u00e6re omhyggelig med at v\u00e6lge den rigtige st\u00f8rrelse, da vi gerne vil undg\u00e5 s\u00e5 mange returvarer som muligt. M\u00e5let er at st\u00f8tte Ukraine s\u00e5 derfor vil vi gerne holde alle omkostninger s\u00e5 lave som muligt. Vi vedl\u00e6gger m\u00e5lskemaer ved alle varer, da de kommer fra forskellige leverand\u00f8rer, s\u00e5 derfor kan st\u00f8rrelserne variere. Vi takker for din forst\u00e5else.<\/p>\n<div class=\"flex flex-grow flex-col gap-3\">\n<div class=\"min-h-[20px] flex flex-col items-start gap-3 overflow-x-auto whitespace-pre-wrap break-words\">\n<div class=\"markdown prose w-full break-words dark:prose-invert light\">\n<h5>Produktm\u00e5linger<\/h5>\n<p><img decoding=\"async\" class=\"size-medium wp-image-6888 alignleft\" src=\"https:\/\/ukraineboost.com\/dk\/wp-content\/uploads\/sites\/12\/2023\/06\/6887_product_size_guide-300x300.png\" alt=\"\" width=\"300\" height=\"300\" srcset=\"https:\/\/ukraineboost.com\/dk\/wp-content\/uploads\/sites\/12\/2023\/06\/6887_product_size_guide-300x300.png 300w, https:\/\/ukraineboost.com\/dk\/wp-content\/uploads\/sites\/12\/2023\/06\/6887_product_size_guide-150x150.png 150w, https:\/\/ukraineboost.com\/dk\/wp-content\/uploads\/sites\/12\/2023\/06\/6887_product_size_guide-75x75.png 75w, https:\/\/ukraineboost.com\/dk\/wp-content\/uploads\/sites\/12\/2023\/06\/6887_product_size_guide-24x24.png 24w, https:\/\/ukraineboost.com\/dk\/wp-content\/uploads\/sites\/12\/2023\/06\/6887_product_size_guide-36x36.png 36w, https:\/\/ukraineboost.com\/dk\/wp-content\/uploads\/sites\/12\/2023\/06\/6887_product_size_guide-48x48.png 48w, https:\/\/ukraineboost.com\/dk\/wp-content\/uploads\/sites\/12\/2023\/06\/6887_product_size_guide-50x50.png 50w, https:\/\/ukraineboost.com\/dk\/wp-content\/uploads\/sites\/12\/2023\/06\/6887_product_size_guide-100x100.png 100w, https:\/\/ukraineboost.com\/dk\/wp-content\/uploads\/sites\/12\/2023\/06\/6887_product_size_guide.png 344w\" sizes=\"(max-width:767px) 300px, 300px\" \/>M\u00e5l din hovedomkreds med et ikke-str\u00e6kbart m\u00e5leb\u00e5nd. Placer enden af dit m\u00e5leb\u00e5nd i panden og vikl resten omkring bagsiden af dit hoved, hold det 1\u2033 (2,5 cm) over dine \u00f8rer. Klem stedet, hvor m\u00e5leb\u00e5ndet m\u00f8der den anden ende, l\u00f8ft l\u00f8kken over dit hoved og noter m\u00e5lingen. V\u00e6r s\u00e5 omhyggelig som muligt for at f\u00e5 den mest pr\u00e6cise m\u00e5ling.<\/p>\n<table class=\"size-guide__table size-guide__new\">\n<thead>\n<tr>\n<td>St\u00f8rrelse<\/td>\n<td>A<\/td>\n<td>B<\/td>\n<td>C<\/td>\n<\/tr>\n<\/thead>\n<tbody>\n<tr>\n<td>One size<\/td>\n<td>54<\/td>\n<td>8<\/td>\n<td>6.5<\/td>\n<\/tr>\n<\/tbody>\n<\/table>\n<p>Pro-tip! M\u00e5l et af dine produkter derhjemme og sammenlign med m\u00e5lene, du ser i denne vejledning.<\/p>\n<h4>Leveringstid<\/h4>\n<p>Da dette er et print on demand tid kan leveringstiden variere. Typisk er leveringstiden en til to uger. Vi pr\u00f8ver at finde en leverand\u00f8r s\u00e5 geografisk t\u00e6t p\u00e5 som muligt for at minimere leveringstid og transportomkostninger.<\/p>\n<\/div>\n<\/div>\n<\/div>\n","protected":false},"excerpt":{"rendered":"<p>Denne b\u00f8llehat er en kombination af tidl\u00f8s praktikalitet og vintage stil. Perfekt til fiskeri, vandreture og 80&#8217;erne og 90&#8217;ernes nostalgi. 98% bomuld, 2% spandex Mellemprofil hat<span class=\"excerpt-hellip\"> [\u2026]<\/span><\/p>\n","protected":false},"featured_media":10590,"comment_status":"open","ping_status":"closed","template":"","meta":[],"product_cat":[125],"product_tag":[],"_links":{"self":[{"href":"https:\/\/ukraineboost.com\/dk\/wp-json\/wp\/v2\/product\/10584"}],"collection":[{"href":"https:\/\/ukraineboost.com\/dk\/wp-json\/wp\/v2\/product"}],"about":[{"href":"https:\/\/ukraineboost.com\/dk\/wp-json\/wp\/v2\/types\/product"}],"replies":[{"embeddable":true,"href":"https:\/\/ukraineboost.com\/dk\/wp-json\/wp\/v2\/comments?post=10584"}],"wp:featuredmedia":[{"embeddable":true,"href":"https:\/\/ukraineboost.com\/dk\/wp-json\/wp\/v2\/media\/10590"}],"wp:attachment":[{"href":"https:\/\/ukraineboost.com\/dk\/wp-json\/wp\/v2\/media?parent=10584"}],"wp:term":[{"taxonomy":"product_cat","embeddable":true,"href":"https:\/\/ukraineboost.com\/dk\/wp-json\/wp\/v2\/product_cat?post=10584"},{"taxonomy":"product_tag","embeddable":true,"href":"https:\/\/ukraineboost.com\/dk\/wp-json\/wp\/v2\/product_tag?post=10584"}],"curies":[{"name":"wp","href":"https:\/\/api.w.org\/{rel}","templated":true}]}}