{"id":48665,"date":"2026-01-21T19:31:04","date_gmt":"2026-01-21T19:31:04","guid":{"rendered":"https:\/\/ukraineboost.com\/dk\/?page_id=48665"},"modified":"2026-01-25T19:05:22","modified_gmt":"2026-01-25T19:05:22","slug":"live","status":"publish","type":"page","link":"https:\/\/ukraineboost.com\/dk\/live\/","title":{"rendered":"Hj\u00e6lp med at bygge live commerce i Ukraine, der skaber reelt arbejde"},"content":{"rendered":"\n<h2 class=\"wp-block-heading\">En ny platform, der giver ukrainske skabere mulighed for at tjene en indkomst \u2014 bygget af ukrainere, st\u00f8ttet af dig<\/h2>\n\n\n\n<p>Vi er i \u00f8jeblikket i gang med at rejse st\u00f8tte til at bygge platformen. Det, du ser her, er ikke et f\u00e6rdigt produkt, men en klar plan for, hvordan live-salg kan skabe reelt og b\u00e6redygtigt arbejde i Ukraine.<\/p>\n\n\n\n<p>Ved at st\u00f8tte dette projekt er du med til at finansiere udviklingen, ans\u00e6tte ukrainske udviklere og tage et vigtigt skridt mod en platform, der erstatter velg\u00f8renhed med v\u00e6rdighed gennem arbejde.<\/p>\n\n\n\n<p>Denne video forklarer visionen bag UkraineBoost Live Commerce.<\/p>\n\n\n\n<figure class=\"wp-block-embed is-type-video is-provider-youtube wp-block-embed-youtube wp-embed-aspect-16-9 wp-has-aspect-ratio\"><div class=\"wp-block-embed__wrapper\">\n<div class=\"epyt-video-wrapper\"><div  id=\"_ytid_29572\"  width=\"800\" height=\"450\"  data-origwidth=\"800\" data-origheight=\"450\" data-facadesrc=\"https:\/\/www.youtube.com\/embed\/0y8HNbcIYnQ?enablejsapi=1&#038;autoplay=0&#038;cc_load_policy=0&#038;cc_lang_pref=&#038;iv_load_policy=1&#038;loop=0&#038;rel=0&#038;fs=1&#038;playsinline=0&#038;autohide=2&#038;theme=dark&#038;color=red&#038;controls=1&#038;disablekb=0&#038;\" class=\"__youtube_prefs__ epyt-facade epyt-is-override  no-lazyload\" data-epautoplay=\"1\" ><img decoding=\"async\" data-spai-excluded=\"true\" class=\"epyt-facade-poster skip-lazy\" loading=\"lazy\"  alt=\"YouTube player\"  src=\"https:\/\/i.ytimg.com\/vi\/0y8HNbcIYnQ\/maxresdefault.jpg\"  \/><button class=\"epyt-facade-play\" aria-label=\"Play\"><svg data-no-lazy=\"1\" height=\"100%\" version=\"1.1\" viewBox=\"0 0 68 48\" width=\"100%\"><path class=\"ytp-large-play-button-bg\" d=\"M66.52,7.74c-0.78-2.93-2.49-5.41-5.42-6.19C55.79,.13,34,0,34,0S12.21,.13,6.9,1.55 C3.97,2.33,2.27,4.81,1.48,7.74C0.06,13.05,0,24,0,24s0.06,10.95,1.48,16.26c0.78,2.93,2.49,5.41,5.42,6.19 C12.21,47.87,34,48,34,48s21.79-0.13,27.1-1.55c2.93-0.78,4.64-3.26,5.42-6.19C67.94,34.95,68,24,68,24S67.94,13.05,66.52,7.74z\" fill=\"#f00\"><\/path><path d=\"M 45,24 27,14 27,34\" fill=\"#fff\"><\/path><\/svg><\/button><\/div><\/div>\n<\/div><\/figure>\n\n\n\n<p>Ukraine har ikke brug for medlidenhed.<\/p>\n\n\n\n<p>Ukraine har brug for muligheder.<\/p>\n\n\n\n<p>UkraineBoost Live Commerce er en platform, der er designet til at hj\u00e6lpe ukrainske kunsth\u00e5ndv\u00e6rkere, producenter og flygtninge med at opn\u00e5 en b\u00e6redygtig indkomst ved at s\u00e6lge deres produkter via live video \u2014 og forts\u00e6tte salget bagefter som p\u00e5 en markedsplads.<\/p>\n\n\n\n<p>Dette projekt handler om arbejde, v\u00e6rdighed og uafh\u00e6ngighed.<\/p>\n\n\n\n<p>Ikke donationer. Ikke afh\u00e6ngighed af n\u00f8dhj\u00e6lp.<\/p>\n\n\n\n<h2 class=\"wp-block-heading\">Hvorfor dette projekt er vigtigt<\/h2>\n\n\n\n<p>Krigen har \u00f8delagt mere end bygninger.<\/p>\n\n\n\n<p>Den har \u00f8delagt adgangen til markeder, indkomst og stabilitet.<\/p>\n\n\n\n<p>Alligevel findes der \u2014 b\u00e5de i Ukraine og blandt flygtninge \u2014:<\/p>\n\n\n\n<p>Dygtige kunsth\u00e5ndv\u00e6rkere<\/p>\n\n\n\n<p>Producenter, der bevarer kulturarv<\/p>\n\n\n\n<p>Iv\u00e6rks\u00e6ttere, der er klar til at arbejde<\/p>\n\n\n\n<p>Udviklere, der er klar til at bygge<\/p>\n\n\n\n<p>Det, de mangler, er infrastruktur og r\u00e6kkevidde.<\/p>\n\n\n\n<p>Det l\u00f8ser UkraineBoost Live Commerce.<\/p>\n\n\n\n<h2 class=\"wp-block-heading\">Hvad vi bygger<\/h2>\n\n\n\n<p>En live-commerce-platform hvor:<\/p>\n\n\n\n<ul>\n<li>Ukrainske skabere pr\u00e6senterer produkter live p\u00e5 video<\/li>\n\n\n\n<li>K\u00f8bere kan interagere, stille sp\u00f8rgsm\u00e5l og k\u00f8be i realtid<\/li>\n\n\n\n<li>Live-streams gemmes, s\u00e5 produkterne fortsat kan s\u00e6lges bagefter<\/li>\n\n\n\n<li>Skabere opbygger publikum \u2014 ikke kun enkeltst\u00e5ende salg<\/li>\n\n\n\n<li>Udviklere, der er fordrevet af krigen, bygger selve platformen<\/li>\n<\/ul>\n\n\n\n<p>Dette skaber vedvarende indkomstkredsl\u00f8b \u2014 ikke engangshj\u00e6lp.<\/p>\n\n\n\n<h2 class=\"wp-block-heading\">Hvordan din st\u00f8tte bliver brugt<\/h2>\n\n\n\n<p>Udvikling af platformen (frontend, backend og livestream-teknologi)<\/p>\n\n\n\n<p>L\u00f8nninger til ukrainske udviklere i Europa<\/p>\n\n\n\n<p>Sikre betalingsl\u00f8sninger og onboarding af skabere<\/p>\n\n\n\n<p>Verifikation og support af skabere<\/p>\n\n\n\n<p>Den f\u00f8rste lancering og opbygning af f\u00e6llesskabet<\/p>\n\n\n\n<p>Hver krone g\u00e5r til arbejdspladser, v\u00e6rkt\u00f8jer og indkomstskabelse.<\/p>\n\n\n\n<h2 class=\"wp-block-heading\">V\u00e6lg, hvordan du vil st\u00f8tte<\/h2>\n\n\n\n<p>Disse st\u00f8ttepakker er ikke donationer.<\/p>\n\n\n\n<p>De er din deltagelse i opbygningen af et b\u00e6redygtigt \u00f8kosystem.<\/p>\n\n\n<div data-block-name=\"woocommerce\/handpicked-products\" data-orderby=\"price_asc\" data-products=\"[48688,48686,48683,48680,48677,48675,48690]\" class=\"wc-block-grid wp-block-handpicked-products wc-block-handpicked-products has-3-columns has-multiple-rows\"><ul class=\"wc-block-grid__products\"><li class=\"wc-block-grid__product\">\n\t\t\t\t<a href=\"https:\/\/ukraineboost.com\/dk\/product\/grundstoette\/\" class=\"wc-block-grid__product-link\">\n\t\t\t\t\t\n\t\t\t\t\t<div class=\"wc-block-grid__product-image\"><img decoding=\"async\" width=\"800\" height=\"667\" src=\"https:\/\/ukraineboost.com\/dk\/wp-content\/uploads\/sites\/12\/2026\/01\/ProductImage-1000px-800x667.png\" class=\"attachment-woocommerce_thumbnail size-woocommerce_thumbnail\" alt=\"Grundst\u00f8tte\" \/><\/div>\n\t\t\t\t\t<div class=\"wc-block-grid__product-title\">Grundst\u00f8tte<\/div>\n\t\t\t\t<\/a>\n\t\t\t\t<div class=\"wc-block-grid__product-price price\"><span class=\"woocommerce-Price-amount amount\"><span class=\"woocommerce-Price-currencySymbol\">kr.<\/span>99.00<\/span><\/div>\n\t\t\t\t\n\t\t\t\t<div class=\"wp-block-button wc-block-grid__product-add-to-cart\"><a href=\"?add-to-cart=48675\" aria-label=\"Tilf\u00f8j &ldquo;Grundst\u00f8tte&rdquo; til din kurv\" data-quantity=\"1\" data-product_id=\"48675\" data-product_sku=\"\" data-price=\"99\" rel=\"nofollow\" class=\"wp-block-button__link  add_to_cart_button ajax_add_to_cart\">Tilf\u00f8j til kurv<\/a><\/div>\n\t\t\t<\/li><li class=\"wc-block-grid__product\">\n\t\t\t\t<a href=\"https:\/\/ukraineboost.com\/dk\/product\/startstoette\/\" class=\"wc-block-grid__product-link\">\n\t\t\t\t\t\n\t\t\t\t\t<div class=\"wc-block-grid__product-image\"><img decoding=\"async\" width=\"800\" height=\"667\" src=\"https:\/\/ukraineboost.com\/dk\/wp-content\/uploads\/sites\/12\/2026\/01\/product-image-1000px-800x667.png\" class=\"attachment-woocommerce_thumbnail size-woocommerce_thumbnail\" alt=\"Startst\u00f8tte\" \/><\/div>\n\t\t\t\t\t<div class=\"wc-block-grid__product-title\">Startst\u00f8tte<\/div>\n\t\t\t\t<\/a>\n\t\t\t\t<div class=\"wc-block-grid__product-price price\"><span class=\"woocommerce-Price-amount amount\"><span class=\"woocommerce-Price-currencySymbol\">kr.<\/span>250.00<\/span><\/div>\n\t\t\t\t\n\t\t\t\t<div class=\"wp-block-button wc-block-grid__product-add-to-cart\"><a href=\"?add-to-cart=48677\" aria-label=\"Tilf\u00f8j &ldquo;Startst\u00f8tte&rdquo; til din kurv\" data-quantity=\"1\" data-product_id=\"48677\" data-product_sku=\"\" data-price=\"250\" rel=\"nofollow\" class=\"wp-block-button__link  add_to_cart_button ajax_add_to_cart\">Tilf\u00f8j til kurv<\/a><\/div>\n\t\t\t<\/li><li class=\"wc-block-grid__product\">\n\t\t\t\t<a href=\"https:\/\/ukraineboost.com\/dk\/product\/livehandelsstoette\/\" class=\"wc-block-grid__product-link\">\n\t\t\t\t\t\n\t\t\t\t\t<div class=\"wc-block-grid__product-image\"><img decoding=\"async\" width=\"800\" height=\"667\" src=\"https:\/\/ukraineboost.com\/dk\/wp-content\/uploads\/sites\/12\/2026\/01\/product-image-1000px-1-800x667.png\" class=\"attachment-woocommerce_thumbnail size-woocommerce_thumbnail\" alt=\"Livehandelsst\u00f8tte\" \/><\/div>\n\t\t\t\t\t<div class=\"wc-block-grid__product-title\">Livehandelsst\u00f8tte<\/div>\n\t\t\t\t<\/a>\n\t\t\t\t<div class=\"wc-block-grid__product-price price\"><span class=\"woocommerce-Price-amount amount\"><span class=\"woocommerce-Price-currencySymbol\">kr.<\/span>495.00<\/span><\/div>\n\t\t\t\t\n\t\t\t\t<div class=\"wp-block-button wc-block-grid__product-add-to-cart\"><a href=\"?add-to-cart=48680\" aria-label=\"Tilf\u00f8j &ldquo;Livehandelsst\u00f8tte&rdquo; til din kurv\" data-quantity=\"1\" data-product_id=\"48680\" data-product_sku=\"\" data-price=\"495\" rel=\"nofollow\" class=\"wp-block-button__link  add_to_cart_button ajax_add_to_cart\">Tilf\u00f8j til kurv<\/a><\/div>\n\t\t\t<\/li><li class=\"wc-block-grid__product\">\n\t\t\t\t<a href=\"https:\/\/ukraineboost.com\/dk\/product\/igangsaetter\/\" class=\"wc-block-grid__product-link\">\n\t\t\t\t\t\n\t\t\t\t\t<div class=\"wc-block-grid__product-image\"><img decoding=\"async\" width=\"800\" height=\"667\" src=\"https:\/\/ukraineboost.com\/dk\/wp-content\/uploads\/sites\/12\/2026\/01\/product-image-1000px-3-800x667.png\" class=\"attachment-woocommerce_thumbnail size-woocommerce_thumbnail\" alt=\"Igangs\u00e6tter\" \/><\/div>\n\t\t\t\t\t<div class=\"wc-block-grid__product-title\">Igangs\u00e6tter<\/div>\n\t\t\t\t<\/a>\n\t\t\t\t<div class=\"wc-block-grid__product-price price\"><span class=\"woocommerce-Price-amount amount\"><span class=\"woocommerce-Price-currencySymbol\">kr.<\/span>995.00<\/span><\/div>\n\t\t\t\t\n\t\t\t\t<div class=\"wp-block-button wc-block-grid__product-add-to-cart\"><a href=\"?add-to-cart=48683\" aria-label=\"Tilf\u00f8j &ldquo;Igangs\u00e6tter&rdquo; til din kurv\" data-quantity=\"1\" data-product_id=\"48683\" data-product_sku=\"\" data-price=\"995\" rel=\"nofollow\" class=\"wp-block-button__link  add_to_cart_button ajax_add_to_cart\">Tilf\u00f8j til kurv<\/a><\/div>\n\t\t\t<\/li><li class=\"wc-block-grid__product\">\n\t\t\t\t<a href=\"https:\/\/ukraineboost.com\/dk\/product\/udviklingsbooster\/\" class=\"wc-block-grid__product-link\">\n\t\t\t\t\t\n\t\t\t\t\t<div class=\"wc-block-grid__product-image\"><img decoding=\"async\" width=\"800\" height=\"667\" src=\"https:\/\/ukraineboost.com\/dk\/wp-content\/uploads\/sites\/12\/2026\/01\/product-image-1000px-2-800x667.png\" class=\"attachment-woocommerce_thumbnail size-woocommerce_thumbnail\" alt=\"Udviklingsbooster\" \/><\/div>\n\t\t\t\t\t<div class=\"wc-block-grid__product-title\">Udviklingsbooster<\/div>\n\t\t\t\t<\/a>\n\t\t\t\t<div class=\"wc-block-grid__product-price price\"><span class=\"woocommerce-Price-amount amount\"><span class=\"woocommerce-Price-currencySymbol\">kr.<\/span>2,495.00<\/span><\/div>\n\t\t\t\t\n\t\t\t\t<div class=\"wp-block-button wc-block-grid__product-add-to-cart\"><a href=\"?add-to-cart=48686\" aria-label=\"Tilf\u00f8j &ldquo;Udviklingsbooster&rdquo; til din kurv\" data-quantity=\"1\" data-product_id=\"48686\" data-product_sku=\"\" data-price=\"2495\" rel=\"nofollow\" class=\"wp-block-button__link  add_to_cart_button ajax_add_to_cart\">Tilf\u00f8j til kurv<\/a><\/div>\n\t\t\t<\/li><li class=\"wc-block-grid__product\">\n\t\t\t\t<a href=\"https:\/\/ukraineboost.com\/dk\/product\/ivaerksaetterbooster\/\" class=\"wc-block-grid__product-link\">\n\t\t\t\t\t\n\t\t\t\t\t<div class=\"wc-block-grid__product-image\"><img decoding=\"async\" width=\"800\" height=\"667\" src=\"https:\/\/ukraineboost.com\/dk\/wp-content\/uploads\/sites\/12\/2026\/01\/product-image-1000-800x667.png\" class=\"attachment-woocommerce_thumbnail size-woocommerce_thumbnail\" alt=\"Iv\u00e6rks\u00e6tterbooster\" \/><\/div>\n\t\t\t\t\t<div class=\"wc-block-grid__product-title\">Iv\u00e6rks\u00e6tterbooster<\/div>\n\t\t\t\t<\/a>\n\t\t\t\t<div class=\"wc-block-grid__product-price price\"><span class=\"woocommerce-Price-amount amount\"><span class=\"woocommerce-Price-currencySymbol\">kr.<\/span>4,995.00<\/span><\/div>\n\t\t\t\t\n\t\t\t\t<div class=\"wp-block-button wc-block-grid__product-add-to-cart\"><a href=\"?add-to-cart=48688\" aria-label=\"Tilf\u00f8j &ldquo;Iv\u00e6rks\u00e6tterbooster&rdquo; til din kurv\" data-quantity=\"1\" data-product_id=\"48688\" data-product_sku=\"\" data-price=\"4995\" rel=\"nofollow\" class=\"wp-block-button__link  add_to_cart_button ajax_add_to_cart\">Tilf\u00f8j til kurv<\/a><\/div>\n\t\t\t<\/li><li class=\"wc-block-grid__product\">\n\t\t\t\t<a href=\"https:\/\/ukraineboost.com\/dk\/product\/markedspladsbooster\/\" class=\"wc-block-grid__product-link\">\n\t\t\t\t\t\n\t\t\t\t\t<div class=\"wc-block-grid__product-image\"><img decoding=\"async\" width=\"800\" height=\"667\" src=\"https:\/\/ukraineboost.com\/dk\/wp-content\/uploads\/sites\/12\/2026\/01\/product-image-1000px-4-800x667.png\" class=\"attachment-woocommerce_thumbnail size-woocommerce_thumbnail\" alt=\"Markedspladsbooster\" \/><\/div>\n\t\t\t\t\t<div class=\"wc-block-grid__product-title\">Markedspladsbooster<\/div>\n\t\t\t\t<\/a>\n\t\t\t\t<div class=\"wc-block-grid__product-price price\"><span class=\"woocommerce-Price-amount amount\"><span class=\"woocommerce-Price-currencySymbol\">kr.<\/span>9,995.00<\/span><\/div>\n\t\t\t\t\n\t\t\t\t<div class=\"wp-block-button wc-block-grid__product-add-to-cart\"><a href=\"?add-to-cart=48690\" aria-label=\"Tilf\u00f8j &ldquo;Markedspladsbooster&rdquo; til din kurv\" data-quantity=\"1\" data-product_id=\"48690\" data-product_sku=\"\" data-price=\"9995\" rel=\"nofollow\" class=\"wp-block-button__link  add_to_cart_button ajax_add_to_cart\">Tilf\u00f8j til kurv<\/a><\/div>\n\t\t\t<\/li><\/ul><\/div>","protected":false},"excerpt":{"rendered":"<p>En ny platform, der giver ukrainske skabere mulighed for at tjene en indkomst \u2014 bygget af ukrainere, st\u00f8ttet af dig Vi er i \u00f8jeblikket i gang<span class=\"excerpt-hellip\"> [\u2026]<\/span><\/p>\n","protected":false},"author":1,"featured_media":0,"parent":0,"menu_order":0,"comment_status":"closed","ping_status":"closed","template":"","meta":{"footnotes":""},"_links":{"self":[{"href":"https:\/\/ukraineboost.com\/dk\/wp-json\/wp\/v2\/pages\/48665"}],"collection":[{"href":"https:\/\/ukraineboost.com\/dk\/wp-json\/wp\/v2\/pages"}],"about":[{"href":"https:\/\/ukraineboost.com\/dk\/wp-json\/wp\/v2\/types\/page"}],"author":[{"embeddable":true,"href":"https:\/\/ukraineboost.com\/dk\/wp-json\/wp\/v2\/users\/1"}],"replies":[{"embeddable":true,"href":"https:\/\/ukraineboost.com\/dk\/wp-json\/wp\/v2\/comments?post=48665"}],"version-history":[{"count":8,"href":"https:\/\/ukraineboost.com\/dk\/wp-json\/wp\/v2\/pages\/48665\/revisions"}],"predecessor-version":[{"id":48694,"href":"https:\/\/ukraineboost.com\/dk\/wp-json\/wp\/v2\/pages\/48665\/revisions\/48694"}],"wp:attachment":[{"href":"https:\/\/ukraineboost.com\/dk\/wp-json\/wp\/v2\/media?parent=48665"}],"curies":[{"name":"wp","href":"https:\/\/api.w.org\/{rel}","templated":true}]}}