{"id":48317,"date":"2025-03-20T16:24:35","date_gmt":"2025-03-20T16:24:35","guid":{"rendered":"https:\/\/ukraineboost.com\/dk\/?page_id=48317"},"modified":"2025-11-04T13:01:00","modified_gmt":"2025-11-04T13:01:00","slug":"dristig-pink-camo-stil-med-enstaerksag","status":"publish","type":"page","link":"https:\/\/ukraineboost.com\/dk\/dristig-pink-camo-stil-med-enstaerksag\/","title":{"rendered":"Dristig Pink Camo \u2013 Stil med en St\u00e6rk Sag"},"content":{"rendered":"\n<div style=\"height:50px\" aria-hidden=\"true\" class=\"wp-block-spacer\"><\/div>\n\n\n\n<figure class=\"wp-block-image size-large\"><img decoding=\"async\" width=\"1024\" height=\"247\" src=\"https:\/\/ukraineboost.com\/dk\/wp-content\/uploads\/sites\/12\/2025\/11\/pnik-camo-long-1024x247.png\" alt=\"\" class=\"wp-image-48488\" srcset=\"https:\/\/ukraineboost.com\/dk\/wp-content\/uploads\/sites\/12\/2025\/11\/pnik-camo-long-1024x247.png 1024w, https:\/\/ukraineboost.com\/dk\/wp-content\/uploads\/sites\/12\/2025\/11\/pnik-camo-long-300x72.png 300w, https:\/\/ukraineboost.com\/dk\/wp-content\/uploads\/sites\/12\/2025\/11\/pnik-camo-long-768x185.png 768w, https:\/\/ukraineboost.com\/dk\/wp-content\/uploads\/sites\/12\/2025\/11\/pnik-camo-long-150x36.png 150w, https:\/\/ukraineboost.com\/dk\/wp-content\/uploads\/sites\/12\/2025\/11\/pnik-camo-long-480x116.png 480w, https:\/\/ukraineboost.com\/dk\/wp-content\/uploads\/sites\/12\/2025\/11\/pnik-camo-long-24x6.png 24w, https:\/\/ukraineboost.com\/dk\/wp-content\/uploads\/sites\/12\/2025\/11\/pnik-camo-long-36x9.png 36w, https:\/\/ukraineboost.com\/dk\/wp-content\/uploads\/sites\/12\/2025\/11\/pnik-camo-long-48x12.png 48w, https:\/\/ukraineboost.com\/dk\/wp-content\/uploads\/sites\/12\/2025\/11\/pnik-camo-long-800x193.png 800w, https:\/\/ukraineboost.com\/dk\/wp-content\/uploads\/sites\/12\/2025\/11\/pnik-camo-long.png 1054w\" sizes=\"(max-width:767px) 480px, (max-width:1024px) 100vw, 1024px\" \/><\/figure>\n\n\n\n<div style=\"height:40px\" aria-hidden=\"true\" class=\"wp-block-spacer\"><\/div>\n\n\n\n<div class=\"wp-block-columns is-layout-flex wp-container-core-columns-layout-1 wp-block-columns-is-layout-flex\">\n<div class=\"wp-block-column is-layout-flow wp-block-column-is-layout-flow\" style=\"flex-basis:66.66%\">\n<p>Mode m\u00f8der modstandskraft i Dristig Pink Camo \u2013 en kollektion af t\u00f8j og accessories, der ikke kun udtrykker din personlige stil, men ogs\u00e5 g\u00f8r en forskel. Hver enhed, du k\u00f8ber, er et direkte bidrag til Ukraines kamp for frihed, sikkerhed og fred. 100% af overskuddet g\u00e5r til at st\u00f8tte Ukraine i denne afg\u00f8rende tid.<\/p>\n\n\n\n<h3 class=\"wp-block-heading\">Et Statement af Styrke og St\u00f8tte<\/h3>\n\n\n\n<p><strong>Dristig Pink Camo<\/strong> er ikke bare et m\u00f8nster \u2013 det er en kraftfuld kombination af intens magenta, dyb bordeaux, bl\u00f8d blush og levende fuchsia. Det er moderne camouflage med et budskab: Solidaritet, styrke og mod til at skille sig ud.<\/p>\n\n\n\n<p><strong>V\u00e6lg mellem et bredt udvalg af produkter:<\/strong><br>\u2714 <strong>T-shirts, hoodies og leggings<\/strong> \u2013 perfekt til hverdagsbrug eller tr\u00e6ning<br>\u2714 <strong>Bikinier og badet\u00f8j<\/strong> \u2013 fordi solidaritet ogs\u00e5 kan b\u00e6res ved stranden<br>\u2714 <strong>Sportst\u00f8j og accessories<\/strong> \u2013 kombiner stil og aktiv livsstil<\/p>\n\n\n\n<h3 class=\"wp-block-heading\">Hvorfor st\u00f8tte nu?<\/h3>\n\n\n\n<p>Situationen i Ukraine er mere alvorlig end nogensinde. Mens krigen forts\u00e6tter, er der brug for st\u00f8tte til n\u00f8dhj\u00e6lp, genopbygning og beskyttelse af friheden. Ved at v\u00e6lge Dristig Pink Camo er du med til at g\u00f8re en reel forskel \u2013 ikke kun gennem \u00f8konomisk st\u00f8tte, men ogs\u00e5 ved at sprede budskabet og vise din solidaritet.<\/p>\n\n\n\n<h3 class=\"wp-block-heading\">B\u00e6redygtighed og Bevidst Forbrug<\/h3>\n\n\n\n<p>Hvert produkt er lavet on demand \u2013 det betyder, at vi kun producerer det, du bestiller. Det reducerer overproduktion og ressourcespild, hvilket g\u00f8r dit k\u00f8b b\u00e5de meningsfuldt og milj\u00f8venligt.<\/p>\n\n\n\n<h3 class=\"wp-block-heading\">Tag Stilling \u2013 B\u00e6r St\u00f8tte med Stolthed!<\/h3>\n\n\n\n<p>Bestil din Dristig Pink Camo-stil i dag og vis, at du st\u00e5r sammen med Ukraine!<\/p>\n\n\n\n<p>Del dit k\u00f8b og inspirer andre til at st\u00f8tte \u2013 hver handling t\u00e6ller!<\/p>\n<\/div>\n\n\n\n<div class=\"wp-block-column is-layout-flow wp-block-column-is-layout-flow\" style=\"flex-basis:33.33%\">\n<figure class=\"wp-block-image size-full\"><a href=\"https:\/\/ukraineboost.com\/dk\/staa-staerkt-opgiv-aldrig\/\"><img decoding=\"async\" width=\"380\" height=\"379\" src=\"https:\/\/ukraineboost.com\/dk\/wp-content\/uploads\/sites\/12\/2025\/11\/white-flag-square.png\" alt=\"\" class=\"wp-image-48501\" srcset=\"https:\/\/ukraineboost.com\/dk\/wp-content\/uploads\/sites\/12\/2025\/11\/white-flag-square.png 380w, https:\/\/ukraineboost.com\/dk\/wp-content\/uploads\/sites\/12\/2025\/11\/white-flag-square-300x300.png 300w, https:\/\/ukraineboost.com\/dk\/wp-content\/uploads\/sites\/12\/2025\/11\/white-flag-square-150x150.png 150w, https:\/\/ukraineboost.com\/dk\/wp-content\/uploads\/sites\/12\/2025\/11\/white-flag-square-75x75.png 75w, https:\/\/ukraineboost.com\/dk\/wp-content\/uploads\/sites\/12\/2025\/11\/white-flag-square-24x24.png 24w, https:\/\/ukraineboost.com\/dk\/wp-content\/uploads\/sites\/12\/2025\/11\/white-flag-square-36x36.png 36w, https:\/\/ukraineboost.com\/dk\/wp-content\/uploads\/sites\/12\/2025\/11\/white-flag-square-48x48.png 48w, https:\/\/ukraineboost.com\/dk\/wp-content\/uploads\/sites\/12\/2025\/11\/white-flag-square-50x50.png 50w, https:\/\/ukraineboost.com\/dk\/wp-content\/uploads\/sites\/12\/2025\/11\/white-flag-square-100x100.png 100w\" sizes=\"(max-width:767px) 380px, 380px\" \/><\/a><\/figure>\n\n\n\n<div style=\"height:50px\" aria-hidden=\"true\" class=\"wp-block-spacer\"><\/div>\n\n\n\n<figure class=\"wp-block-image size-full\"><a href=\"https:\/\/ukraineboost.com\/dk\/vis-din-kaerlighed-til-kaffe-og-stot-ukraine\/\"><img decoding=\"async\" width=\"379\" height=\"379\" src=\"https:\/\/ukraineboost.com\/dk\/wp-content\/uploads\/sites\/12\/2025\/11\/coffee_squatre.png\" alt=\"\" class=\"wp-image-48499\" srcset=\"https:\/\/ukraineboost.com\/dk\/wp-content\/uploads\/sites\/12\/2025\/11\/coffee_squatre.png 379w, https:\/\/ukraineboost.com\/dk\/wp-content\/uploads\/sites\/12\/2025\/11\/coffee_squatre-300x300.png 300w, https:\/\/ukraineboost.com\/dk\/wp-content\/uploads\/sites\/12\/2025\/11\/coffee_squatre-150x150.png 150w, https:\/\/ukraineboost.com\/dk\/wp-content\/uploads\/sites\/12\/2025\/11\/coffee_squatre-75x75.png 75w, https:\/\/ukraineboost.com\/dk\/wp-content\/uploads\/sites\/12\/2025\/11\/coffee_squatre-24x24.png 24w, https:\/\/ukraineboost.com\/dk\/wp-content\/uploads\/sites\/12\/2025\/11\/coffee_squatre-36x36.png 36w, https:\/\/ukraineboost.com\/dk\/wp-content\/uploads\/sites\/12\/2025\/11\/coffee_squatre-48x48.png 48w, https:\/\/ukraineboost.com\/dk\/wp-content\/uploads\/sites\/12\/2025\/11\/coffee_squatre-50x50.png 50w, https:\/\/ukraineboost.com\/dk\/wp-content\/uploads\/sites\/12\/2025\/11\/coffee_squatre-100x100.png 100w\" sizes=\"(max-width:767px) 379px, 379px\" \/><\/a><\/figure>\n<\/div>\n<\/div>\n\n\n\n<h3 class=\"wp-block-heading\">Produkteksempler<\/h3>\n\n\n\n<p>Nedenfor finder du eksempler p\u00e5 vores produkter, men vi har mange flere i vores butik, som du finder her.<\/p>\n\n\n\n<div class=\"wp-block-buttons is-content-justification-center is-layout-flex wp-container-core-buttons-layout-1 wp-block-buttons-is-layout-flex\">\n<div class=\"wp-block-button\"><a class=\"wp-block-button__link has-text-align-center wp-element-button\" href=\"https:\/\/ukraineboost.com\/dk\/butik-alternativ\/\">Find endnu flere produkter her -&gt;<\/a><\/div>\n<\/div>\n\n\n\n<div style=\"height:50px\" aria-hidden=\"true\" class=\"wp-block-spacer\"><\/div>\n\n\n\n<div class=\"wp-block-columns is-layout-flex wp-container-core-columns-layout-2 wp-block-columns-is-layout-flex\"><\/div>\n\n\n\n<div style=\"height:51px\" aria-hidden=\"true\" class=\"wp-block-spacer\"><\/div>\n\n\n\n<div class=\"wp-block-columns is-layout-flex wp-container-core-columns-layout-3 wp-block-columns-is-layout-flex\">\n<div class=\"wp-block-column is-layout-flow wp-block-column-is-layout-flow\"><\/div>\n\n\n\n<div class=\"wp-block-column is-layout-flow wp-block-column-is-layout-flow\"><\/div>\n\n\n\n<div class=\"wp-block-column is-layout-flow wp-block-column-is-layout-flow\"><\/div>\n<\/div>\n\n\n\n<div style=\"height:51px\" aria-hidden=\"true\" class=\"wp-block-spacer\"><\/div>\n","protected":false},"excerpt":{"rendered":"<p>Mode m\u00f8der modstandskraft i Dristig Pink Camo \u2013 en kollektion af t\u00f8j og accessories, der ikke kun udtrykker din personlige stil, men ogs\u00e5 g\u00f8r en forskel.<span class=\"excerpt-hellip\"> [\u2026]<\/span><\/p>\n","protected":false},"author":1,"featured_media":0,"parent":0,"menu_order":0,"comment_status":"closed","ping_status":"closed","template":"","meta":{"footnotes":""},"_links":{"self":[{"href":"https:\/\/ukraineboost.com\/dk\/wp-json\/wp\/v2\/pages\/48317"}],"collection":[{"href":"https:\/\/ukraineboost.com\/dk\/wp-json\/wp\/v2\/pages"}],"about":[{"href":"https:\/\/ukraineboost.com\/dk\/wp-json\/wp\/v2\/types\/page"}],"author":[{"embeddable":true,"href":"https:\/\/ukraineboost.com\/dk\/wp-json\/wp\/v2\/users\/1"}],"replies":[{"embeddable":true,"href":"https:\/\/ukraineboost.com\/dk\/wp-json\/wp\/v2\/comments?post=48317"}],"version-history":[{"count":13,"href":"https:\/\/ukraineboost.com\/dk\/wp-json\/wp\/v2\/pages\/48317\/revisions"}],"predecessor-version":[{"id":48507,"href":"https:\/\/ukraineboost.com\/dk\/wp-json\/wp\/v2\/pages\/48317\/revisions\/48507"}],"wp:attachment":[{"href":"https:\/\/ukraineboost.com\/dk\/wp-json\/wp\/v2\/media?parent=48317"}],"curies":[{"name":"wp","href":"https:\/\/api.w.org\/{rel}","templated":true}]}}