{"id":1177,"date":"2023-04-28T07:35:52","date_gmt":"2023-04-28T07:35:52","guid":{"rendered":"https:\/\/ukraineboost.com\/dk\/?page_id=1177"},"modified":"2024-06-30T15:04:44","modified_gmt":"2024-06-30T15:04:44","slug":"stot-ukraine-nar-du-handler-ind-til-baby-born-eller-teenager","status":"publish","type":"page","link":"https:\/\/ukraineboost.com\/dk\/stot-ukraine-nar-du-handler-ind-til-baby-born-eller-teenager\/","title":{"rendered":"St\u00f8t Ukraine, n\u00e5r du handler ind til baby, b\u00f8rn eller teenager"},"content":{"rendered":"","protected":false},"excerpt":{"rendered":"","protected":false},"author":1,"featured_media":0,"parent":0,"menu_order":0,"comment_status":"closed","ping_status":"closed","template":"","meta":{"footnotes":""},"_links":{"self":[{"href":"https:\/\/ukraineboost.com\/dk\/wp-json\/wp\/v2\/pages\/1177"}],"collection":[{"href":"https:\/\/ukraineboost.com\/dk\/wp-json\/wp\/v2\/pages"}],"about":[{"href":"https:\/\/ukraineboost.com\/dk\/wp-json\/wp\/v2\/types\/page"}],"author":[{"embeddable":true,"href":"https:\/\/ukraineboost.com\/dk\/wp-json\/wp\/v2\/users\/1"}],"replies":[{"embeddable":true,"href":"https:\/\/ukraineboost.com\/dk\/wp-json\/wp\/v2\/comments?post=1177"}],"version-history":[{"count":2,"href":"https:\/\/ukraineboost.com\/dk\/wp-json\/wp\/v2\/pages\/1177\/revisions"}],"predecessor-version":[{"id":1184,"href":"https:\/\/ukraineboost.com\/dk\/wp-json\/wp\/v2\/pages\/1177\/revisions\/1184"}],"wp:attachment":[{"href":"https:\/\/ukraineboost.com\/dk\/wp-json\/wp\/v2\/media?parent=1177"}],"curies":[{"name":"wp","href":"https:\/\/api.w.org\/{rel}","templated":true}]}}