{"id":1170,"date":"2023-04-27T10:50:27","date_gmt":"2023-04-27T10:50:27","guid":{"rendered":"https:\/\/ukraineboost.com\/dk\/?page_id=1170"},"modified":"2024-06-29T15:35:39","modified_gmt":"2024-06-29T15:35:39","slug":"stot-ukraine-nar-du-handler-bil-mc-cykel-eller-bad","status":"publish","type":"page","link":"https:\/\/ukraineboost.com\/dk\/stot-ukraine-nar-du-handler-bil-mc-cykel-eller-bad\/","title":{"rendered":"St\u00f8t Ukraine, n\u00e5r du handler bil, MC, cykel eller b\u00e5d"},"content":{"rendered":"","protected":false},"excerpt":{"rendered":"","protected":false},"author":1,"featured_media":0,"parent":0,"menu_order":0,"comment_status":"closed","ping_status":"closed","template":"","meta":{"footnotes":""},"_links":{"self":[{"href":"https:\/\/ukraineboost.com\/dk\/wp-json\/wp\/v2\/pages\/1170"}],"collection":[{"href":"https:\/\/ukraineboost.com\/dk\/wp-json\/wp\/v2\/pages"}],"about":[{"href":"https:\/\/ukraineboost.com\/dk\/wp-json\/wp\/v2\/types\/page"}],"author":[{"embeddable":true,"href":"https:\/\/ukraineboost.com\/dk\/wp-json\/wp\/v2\/users\/1"}],"replies":[{"embeddable":true,"href":"https:\/\/ukraineboost.com\/dk\/wp-json\/wp\/v2\/comments?post=1170"}],"version-history":[{"count":3,"href":"https:\/\/ukraineboost.com\/dk\/wp-json\/wp\/v2\/pages\/1170\/revisions"}],"predecessor-version":[{"id":1193,"href":"https:\/\/ukraineboost.com\/dk\/wp-json\/wp\/v2\/pages\/1170\/revisions\/1193"}],"wp:attachment":[{"href":"https:\/\/ukraineboost.com\/dk\/wp-json\/wp\/v2\/media?parent=1170"}],"curies":[{"name":"wp","href":"https:\/\/api.w.org\/{rel}","templated":true}]}}