{"id":1168,"date":"2023-04-27T09:01:45","date_gmt":"2023-04-27T09:01:45","guid":{"rendered":"https:\/\/ukraineboost.com\/dk\/?page_id=1168"},"modified":"2024-06-30T14:16:55","modified_gmt":"2024-06-30T14:16:55","slug":"stot-ukraine-nar-du-handler-goer-det-selv-og-hobby","status":"publish","type":"page","link":"https:\/\/ukraineboost.com\/dk\/stot-ukraine-nar-du-handler-goer-det-selv-og-hobby\/","title":{"rendered":"St\u00f8t Ukraine, n\u00e5r du handler g\u00f8r-det-selv og hobby"},"content":{"rendered":"","protected":false},"excerpt":{"rendered":"","protected":false},"author":1,"featured_media":0,"parent":0,"menu_order":0,"comment_status":"closed","ping_status":"closed","template":"","meta":{"footnotes":""},"_links":{"self":[{"href":"https:\/\/ukraineboost.com\/dk\/wp-json\/wp\/v2\/pages\/1168"}],"collection":[{"href":"https:\/\/ukraineboost.com\/dk\/wp-json\/wp\/v2\/pages"}],"about":[{"href":"https:\/\/ukraineboost.com\/dk\/wp-json\/wp\/v2\/types\/page"}],"author":[{"embeddable":true,"href":"https:\/\/ukraineboost.com\/dk\/wp-json\/wp\/v2\/users\/1"}],"replies":[{"embeddable":true,"href":"https:\/\/ukraineboost.com\/dk\/wp-json\/wp\/v2\/comments?post=1168"}],"version-history":[{"count":2,"href":"https:\/\/ukraineboost.com\/dk\/wp-json\/wp\/v2\/pages\/1168\/revisions"}],"predecessor-version":[{"id":1185,"href":"https:\/\/ukraineboost.com\/dk\/wp-json\/wp\/v2\/pages\/1168\/revisions\/1185"}],"wp:attachment":[{"href":"https:\/\/ukraineboost.com\/dk\/wp-json\/wp\/v2\/media?parent=1168"}],"curies":[{"name":"wp","href":"https:\/\/api.w.org\/{rel}","templated":true}]}}